{"id":4172,"date":"2025-02-20T20:06:27","date_gmt":"2025-02-20T17:06:27","guid":{"rendered":"https:\/\/osmanakca.com.tr\/?page_id=4172"},"modified":"2025-02-21T12:14:56","modified_gmt":"2025-02-21T09:14:56","slug":"bizdenhaberler","status":"publish","type":"page","link":"https:\/\/osmanakca.com.tr\/tr\/bizdenhaberler\/","title":{"rendered":"Bizden Haberler"},"content":{"rendered":"\t\t<div data-elementor-type=\"wp-page\" data-elementor-id=\"4172\" class=\"elementor elementor-4172\">\n\t\t\t\t\t\t<section class=\"elementor-section elementor-top-section elementor-element elementor-element-7c32d1b elementor-section-boxed elementor-section-height-default elementor-section-height-default shape-bg-top-no shape-bg-bottom-no wpr-particle-no wpr-jarallax-no wpr-parallax-no wpr-sticky-section-no\" data-id=\"7c32d1b\" data-element_type=\"section\" data-e-type=\"section\">\n\t\t\t\t\t\t<div class=\"elementor-container elementor-column-gap-default\">\n\t\t\t\t\t<div class=\"elementor-column elementor-col-100 elementor-top-column elementor-element elementor-element-a4abeaf\" data-id=\"a4abeaf\" data-element_type=\"column\" data-e-type=\"column\">\n\t\t\t<div class=\"elementor-widget-wrap elementor-element-populated\">\n\t\t\t\t\t\t<div class=\"elementor-element elementor-element-836ac5e wpr-grid-columns-3 wpr-grid-columns--tablet2 wpr-grid-columns--mobile1 wpr-grid-pagination-center wpr-item-styles-inner elementor-widget elementor-widget-wpr-grid\" data-id=\"836ac5e\" data-element_type=\"widget\" data-e-type=\"widget\" data-widget_type=\"wpr-grid.default\">\n\t\t\t\t<div class=\"elementor-widget-container\">\n\t\t\t\t\t<ul class=\"wpr-grid-filters elementor-clearfix wpr-grid-filters-sep-right\"><ul data-parent=\".pro-tr-\" class=\"wpr-sub-filters\"><li data-role=\"back\" class=\" wpr-pointer-none wpr-pointer-line-fx wpr-pointer-fx-none\"><span class=\"wpr-back-filter\"  data-ajax-filter=[\"pro-tr\",null]  data-filter=\".pro-tr-\"><i class=\"fas fa-long-arrow-alt-left\"><\/i>&nbsp;&nbsp;Back<\/span><\/li><li data-role=\"sub\" class=\" wpr-pointer-none wpr-pointer-line-fx wpr-pointer-fx-none\"><span   data-ajax-filter=[\"pro-tr\",null]  data-filter=\".pro-tr-\"><\/span><em class=\"wpr-grid-filters-sep\"><\/em><\/li><li data-role=\"sub\" class=\" wpr-pointer-none wpr-pointer-line-fx wpr-pointer-fx-none\"><span   data-ajax-filter=[\"pro-tr\",null]  data-filter=\".pro-tr-\"><\/span><em class=\"wpr-grid-filters-sep\"><\/em><\/li><\/ul><\/ul><section class=\"wpr-grid elementor-clearfix\" data-settings=\"{&quot;layout&quot;:&quot;fitRows&quot;,&quot;stick_last_element_to_bottom&quot;:&quot;&quot;,&quot;columns_desktop&quot;:3,&quot;gutter_hr&quot;:15,&quot;gutter_hr_mobile&quot;:15,&quot;gutter_hr_mobile_extra&quot;:15,&quot;gutter_hr_tablet&quot;:15,&quot;gutter_hr_tablet_extra&quot;:15,&quot;gutter_hr_laptop&quot;:15,&quot;gutter_hr_widescreen&quot;:15,&quot;gutter_vr&quot;:15,&quot;gutter_vr_mobile&quot;:&quot;&quot;,&quot;gutter_vr_mobile_extra&quot;:&quot;&quot;,&quot;gutter_vr_tablet&quot;:&quot;&quot;,&quot;gutter_vr_tablet_extra&quot;:15,&quot;gutter_vr_laptop&quot;:15,&quot;gutter_vr_widescreen&quot;:15,&quot;animation&quot;:&quot;default&quot;,&quot;animation_duration&quot;:0.3,&quot;animation_delay&quot;:0.1,&quot;deeplinking&quot;:&quot;&quot;,&quot;filters_linkable&quot;:&quot;no&quot;,&quot;filters_default_filter&quot;:&quot;&quot;,&quot;filters_count&quot;:&quot;&quot;,&quot;filters_hide_empty&quot;:&quot;no&quot;,&quot;filters_animation&quot;:&quot;default&quot;,&quot;filters_animation_duration&quot;:0.3,&quot;filters_animation_delay&quot;:0.1,&quot;pagination_type&quot;:&quot;load-more&quot;,&quot;pagination_max_pages&quot;:1,&quot;lightbox&quot;:{&quot;selector&quot;:&quot;.wpr-grid-image-wrap&quot;,&quot;iframeMaxWidth&quot;:&quot;60%&quot;,&quot;hash&quot;:false,&quot;autoplay&quot;:&quot;true&quot;,&quot;pause&quot;:5000,&quot;progressBar&quot;:&quot;true&quot;,&quot;counter&quot;:&quot;true&quot;,&quot;controls&quot;:&quot;true&quot;,&quot;getCaptionFromTitleOrAlt&quot;:&quot;true&quot;,&quot;thumbnail&quot;:&quot;&quot;,&quot;showThumbByDefault&quot;:&quot;&quot;,&quot;share&quot;:&quot;&quot;,&quot;zoom&quot;:&quot;true&quot;,&quot;fullScreen&quot;:&quot;true&quot;,&quot;download&quot;:&quot;true&quot;}}\"><article class=\"wpr-grid-item elementor-clearfix post-4152 post type-post status-publish format-standard has-post-thumbnail hentry category-genel tag-anaheim-tr tag-dogal-urunle-expo-west\"><div class=\"wpr-grid-item-inner\"><div class=\"wpr-grid-media-wrap wpr-effect-size-medium \" data-overlay-link=\"yes\"><div class=\"wpr-grid-image-wrap\" data-src=\"https:\/\/osmanakca.com.tr\/wp-content\/uploads\/2025\/02\/1732017941718.jpg\" data-img-on-hover=\"\"  data-src-secondary=\"\"><img decoding=\"async\" data-no-lazy=\"1\" src=\"https:\/\/osmanakca.com.tr\/wp-content\/uploads\/2025\/02\/1732017941718.jpg\" alt=\"\u015eikago PLMA Fuar\u0131ndayd\u0131k\" class=\"wpr-anim-timing-ease-default\"><\/div><div class=\"wpr-grid-media-hover wpr-animation-wrap\"><div class=\"wpr-grid-media-hover-bg  wpr-overlay-fade-in wpr-anim-size-large wpr-anim-timing-ease-default wpr-anim-transparency\" data-url=\"https:\/\/osmanakca.com.tr\/tr\/sikago-plma-fuarindaydik\/\"><\/div><\/div><\/div><div class=\"wpr-grid-item-below-content elementor-clearfix\"><h2 class=\"wpr-grid-item-title elementor-repeater-item-aca847c wpr-grid-item-display-block wpr-grid-item-align-left wpr-pointer-none wpr-pointer-line-fx wpr-pointer-fx-fade\"><div class=\"inner-block\"><a target=\"_self\"  href=\"https:\/\/osmanakca.com.tr\/tr\/sikago-plma-fuarindaydik\/\">\u015eikago PLMA Fuar\u0131ndayd\u0131k<\/a><\/div><\/h2><div class=\"wpr-grid-item-excerpt elementor-repeater-item-7625a49 wpr-grid-item-display-block wpr-grid-item-align-left\"><div class=\"inner-block\"><p>\u015eikago PLMA Fuar\u0131\u2019na kat\u0131l\u0131m\u0131m\u0131zla, sevgili misafirlerimizi stand\u0131m\u0131zda a\u011f\u0131rlamaktan mutluluk duyduk. 17-19 Kas\u0131m 2024, PLMA \u015eikago, ABD<\/p><\/div><\/div><div class=\"wpr-grid-item-read-more elementor-repeater-item-d61bd2b wpr-grid-item-display-block wpr-grid-item-align-left\"><div class=\"inner-block\"><a target=\"_self\" href=\"https:\/\/osmanakca.com.tr\/tr\/sikago-plma-fuarindaydik\/\" class=\"wpr-button-effect wpr-button-none\"><span>Devam\u0131n\u0131 Oku<\/span><\/a><\/div><\/div><\/div><\/div><\/article><article class=\"wpr-grid-item elementor-clearfix post-4153 post type-post status-publish format-standard has-post-thumbnail hentry category-genel tag-anaheim-tr tag-dogal-urunle-expo-west\"><div class=\"wpr-grid-item-inner\"><div class=\"wpr-grid-media-wrap wpr-effect-size-medium \" data-overlay-link=\"yes\"><div class=\"wpr-grid-image-wrap\" data-src=\"https:\/\/osmanakca.com.tr\/wp-content\/uploads\/2025\/02\/1729419467902.jpg\" data-img-on-hover=\"\"  data-src-secondary=\"\"><img decoding=\"async\" data-no-lazy=\"1\" src=\"https:\/\/osmanakca.com.tr\/wp-content\/uploads\/2025\/02\/1729419467902.jpg\" alt=\"2024 Sial Paris G\u0131da Fuar\u0131 Kat\u0131l\u0131m\u0131m\u0131z\" class=\"wpr-anim-timing-ease-default\"><\/div><div class=\"wpr-grid-media-hover wpr-animation-wrap\"><div class=\"wpr-grid-media-hover-bg  wpr-overlay-fade-in wpr-anim-size-large wpr-anim-timing-ease-default wpr-anim-transparency\" data-url=\"https:\/\/osmanakca.com.tr\/tr\/sial-cin-2024-fuari\/\"><\/div><\/div><\/div><div class=\"wpr-grid-item-below-content elementor-clearfix\"><h2 class=\"wpr-grid-item-title elementor-repeater-item-aca847c wpr-grid-item-display-block wpr-grid-item-align-left wpr-pointer-none wpr-pointer-line-fx wpr-pointer-fx-fade\"><div class=\"inner-block\"><a target=\"_self\"  href=\"https:\/\/osmanakca.com.tr\/tr\/sial-cin-2024-fuari\/\">2024 Sial Paris G\u0131da Fuar\u0131 Kat\u0131l\u0131m\u0131m\u0131z<\/a><\/div><\/h2><div class=\"wpr-grid-item-excerpt elementor-repeater-item-7625a49 wpr-grid-item-display-block wpr-grid-item-align-left\"><div class=\"inner-block\"><p>19-23 Ekim aras\u0131nda Fransa&#8217;da d\u00fczenlenen d\u00fcnyan\u0131n \u00f6nemli fuarlar\u0131ndan olan Sial Paris&#8217;e kat\u0131larak ziyaret\u00e7ilerimizi a\u011f\u0131rlad\u0131k.<\/p><\/div><\/div><div class=\"wpr-grid-item-read-more elementor-repeater-item-d61bd2b wpr-grid-item-display-block wpr-grid-item-align-left\"><div class=\"inner-block\"><a target=\"_self\" href=\"https:\/\/osmanakca.com.tr\/tr\/sial-cin-2024-fuari\/\" class=\"wpr-button-effect wpr-button-none\"><span>Devam\u0131n\u0131 Oku<\/span><\/a><\/div><\/div><\/div><\/div><\/article><article class=\"wpr-grid-item elementor-clearfix post-4154 post type-post status-publish format-standard has-post-thumbnail hentry category-genel tag-anaheim-tr tag-dogal-urunle-expo-west\"><div class=\"wpr-grid-item-inner\"><div class=\"wpr-grid-media-wrap wpr-effect-size-medium \" data-overlay-link=\"yes\"><div class=\"wpr-grid-image-wrap\" data-src=\"https:\/\/osmanakca.com.tr\/wp-content\/uploads\/2025\/02\/2024-Sial-china.jpg\" data-img-on-hover=\"\"  data-src-secondary=\"\"><img decoding=\"async\" data-no-lazy=\"1\" src=\"https:\/\/osmanakca.com.tr\/wp-content\/uploads\/2025\/02\/2024-Sial-china.jpg\" alt=\"Sial \u00c7in G\u0131da Fuar\u0131ndayd\u0131k 2024\" class=\"wpr-anim-timing-ease-default\"><\/div><div class=\"wpr-grid-media-hover wpr-animation-wrap\"><div class=\"wpr-grid-media-hover-bg  wpr-overlay-fade-in wpr-anim-size-large wpr-anim-timing-ease-default wpr-anim-transparency\" data-url=\"https:\/\/osmanakca.com.tr\/tr\/sial-paris-gida-fuari-katilimimiz\/\"><\/div><\/div><\/div><div class=\"wpr-grid-item-below-content elementor-clearfix\"><h2 class=\"wpr-grid-item-title elementor-repeater-item-aca847c wpr-grid-item-display-block wpr-grid-item-align-left wpr-pointer-none wpr-pointer-line-fx wpr-pointer-fx-fade\"><div class=\"inner-block\"><a target=\"_self\"  href=\"https:\/\/osmanakca.com.tr\/tr\/sial-paris-gida-fuari-katilimimiz\/\">Sial \u00c7in G\u0131da Fuar\u0131ndayd\u0131k 2024<\/a><\/div><\/h2><div class=\"wpr-grid-item-excerpt elementor-repeater-item-7625a49 wpr-grid-item-display-block wpr-grid-item-align-left\"><div class=\"inner-block\"><p>28-30 May\u0131s 2024 tarihlerinde \u015eangay\u2019da kat\u0131ld\u0131\u011f\u0131m\u0131z Sial\/\u00c7in fuar\u0131nda \u00fcr\u00fcnlerimizi tan\u0131tarak m\u00fc\u015fterilerimizle\u00a0 iyi bir etkile\u015fim sa\u011flad\u0131k.<\/p><\/div><\/div><div class=\"wpr-grid-item-read-more elementor-repeater-item-d61bd2b wpr-grid-item-display-block wpr-grid-item-align-left\"><div class=\"inner-block\"><a target=\"_self\" href=\"https:\/\/osmanakca.com.tr\/tr\/sial-paris-gida-fuari-katilimimiz\/\" class=\"wpr-button-effect wpr-button-none\"><span>Devam\u0131n\u0131 Oku<\/span><\/a><\/div><\/div><\/div><\/div><\/article><article class=\"wpr-grid-item elementor-clearfix post-3963 post type-post status-publish format-standard has-post-thumbnail hentry category-genel tag-vancouver-tr tag-world-nut-and-dried-fruit-congress-tr\"><div class=\"wpr-grid-item-inner\"><div class=\"wpr-grid-media-wrap wpr-effect-size-medium \" data-overlay-link=\"yes\"><div class=\"wpr-grid-image-wrap\" data-src=\"https:\/\/osmanakca.com.tr\/wp-content\/uploads\/2024\/05\/INC-XLI-world-nut-and-dried-fruit-congress.jpg\" data-img-on-hover=\"\"  data-src-secondary=\"\"><img decoding=\"async\" data-no-lazy=\"1\" src=\"https:\/\/osmanakca.com.tr\/wp-content\/uploads\/2024\/05\/INC-XLI-world-nut-and-dried-fruit-congress.jpg\" alt=\"D\u00fcnya Kuruyemi\u015f ve Kuru Meyve Kongresi\" class=\"wpr-anim-timing-ease-default\"><\/div><div class=\"wpr-grid-media-hover wpr-animation-wrap\"><div class=\"wpr-grid-media-hover-bg  wpr-overlay-fade-in wpr-anim-size-large wpr-anim-timing-ease-default wpr-anim-transparency\" data-url=\"https:\/\/osmanakca.com.tr\/tr\/dunya-kuruyemis-ve-kuru-meyve-kongresi\/\"><\/div><\/div><\/div><div class=\"wpr-grid-item-below-content elementor-clearfix\"><h2 class=\"wpr-grid-item-title elementor-repeater-item-aca847c wpr-grid-item-display-block wpr-grid-item-align-left wpr-pointer-none wpr-pointer-line-fx wpr-pointer-fx-fade\"><div class=\"inner-block\"><a target=\"_self\"  href=\"https:\/\/osmanakca.com.tr\/tr\/dunya-kuruyemis-ve-kuru-meyve-kongresi\/\">D\u00fcnya Kuruyemi\u015f ve Kuru Meyve Kongresi<\/a><\/div><\/h2><div class=\"wpr-grid-item-excerpt elementor-repeater-item-7625a49 wpr-grid-item-display-block wpr-grid-item-align-left\"><div class=\"inner-block\"><p>Vancouver&#8217;daki INC XLI D\u00fcnya Kuruyemi\u015f ve Kuru Meyve Kongresi&#8217;ne kat\u0131lmaktan heyecan duyuyoruz. Kuru meyve end\u00fcstrisindeki son geli\u015fmeleri g\u00f6r\u00fc\u015fmek ve tart\u0131\u015fmak...<\/p><\/div><\/div><div class=\"wpr-grid-item-read-more elementor-repeater-item-d61bd2b wpr-grid-item-display-block wpr-grid-item-align-left\"><div class=\"inner-block\"><a target=\"_self\" href=\"https:\/\/osmanakca.com.tr\/tr\/dunya-kuruyemis-ve-kuru-meyve-kongresi\/\" class=\"wpr-button-effect wpr-button-none\"><span>Devam\u0131n\u0131 Oku<\/span><\/a><\/div><\/div><\/div><\/div><\/article><article class=\"wpr-grid-item elementor-clearfix post-3965 post type-post status-publish format-standard has-post-thumbnail hentry category-genel tag-biofach-tr tag-dunya-organik-adil-ticaret\"><div class=\"wpr-grid-item-inner\"><div class=\"wpr-grid-media-wrap wpr-effect-size-medium \" data-overlay-link=\"yes\"><div class=\"wpr-grid-image-wrap\" data-src=\"https:\/\/osmanakca.com.tr\/wp-content\/uploads\/2020\/03\/biofach-2024-world-organic-food-trade-show-osman-akca.jpg\" data-img-on-hover=\"\"  data-src-secondary=\"\"><img decoding=\"async\" data-no-lazy=\"1\" src=\"https:\/\/osmanakca.com.tr\/wp-content\/uploads\/2020\/03\/biofach-2024-world-organic-food-trade-show-osman-akca.jpg\" alt=\"BIOFACH 2024 D\u00fcnya Organik G\u0131da Ticaret Fuar\u0131\" class=\"wpr-anim-timing-ease-default\"><\/div><div class=\"wpr-grid-media-hover wpr-animation-wrap\"><div class=\"wpr-grid-media-hover-bg  wpr-overlay-fade-in wpr-anim-size-large wpr-anim-timing-ease-default wpr-anim-transparency\" data-url=\"https:\/\/osmanakca.com.tr\/tr\/biofach-2024-dunya-organik-gida-ticaret-fuari\/\"><\/div><\/div><\/div><div class=\"wpr-grid-item-below-content elementor-clearfix\"><h2 class=\"wpr-grid-item-title elementor-repeater-item-aca847c wpr-grid-item-display-block wpr-grid-item-align-left wpr-pointer-none wpr-pointer-line-fx wpr-pointer-fx-fade\"><div class=\"inner-block\"><a target=\"_self\"  href=\"https:\/\/osmanakca.com.tr\/tr\/biofach-2024-dunya-organik-gida-ticaret-fuari\/\">BIOFACH 2024 D\u00fcnya Organik G\u0131da Ticaret Fuar\u0131<\/a><\/div><\/h2><div class=\"wpr-grid-item-excerpt elementor-repeater-item-7625a49 wpr-grid-item-display-block wpr-grid-item-align-left\"><div class=\"inner-block\"><p>BIOFACH 2024 D\u00fcnya Organik G\u0131da Fuar\u0131&#8217;na kat\u0131laca\u011f\u0131z. Stand\u0131m\u0131zda bulu\u015fmay\u0131 sab\u0131rs\u0131zl\u0131kla bekliyoruz. Salon 4. Stand 305<\/p><\/div><\/div><div class=\"wpr-grid-item-read-more elementor-repeater-item-d61bd2b wpr-grid-item-display-block wpr-grid-item-align-left\"><div class=\"inner-block\"><a target=\"_self\" href=\"https:\/\/osmanakca.com.tr\/tr\/biofach-2024-dunya-organik-gida-ticaret-fuari\/\" class=\"wpr-button-effect wpr-button-none\"><span>Devam\u0131n\u0131 Oku<\/span><\/a><\/div><\/div><\/div><\/div><\/article><article class=\"wpr-grid-item elementor-clearfix post-3966 post type-post status-publish format-standard has-post-thumbnail hentry category-genel tag-anaheim-tr tag-dogal-urunle-expo-west\"><div class=\"wpr-grid-item-inner\"><div class=\"wpr-grid-media-wrap wpr-effect-size-medium \" data-overlay-link=\"yes\"><div class=\"wpr-grid-image-wrap\" data-src=\"https:\/\/osmanakca.com.tr\/wp-content\/uploads\/2024\/05\/expowest-fair-anaheim-150324.jpg\" data-img-on-hover=\"\"  data-src-secondary=\"\"><img decoding=\"async\" data-no-lazy=\"1\" src=\"https:\/\/osmanakca.com.tr\/wp-content\/uploads\/2024\/05\/expowest-fair-anaheim-150324.jpg\" alt=\"Anaheim&#8217;daki Bat\u0131 Do\u011fal \u00dcr\u00fcnler Fuar\u0131\" class=\"wpr-anim-timing-ease-default\"><\/div><div class=\"wpr-grid-media-hover wpr-animation-wrap\"><div class=\"wpr-grid-media-hover-bg  wpr-overlay-fade-in wpr-anim-size-large wpr-anim-timing-ease-default wpr-anim-transparency\" data-url=\"https:\/\/osmanakca.com.tr\/tr\/anaheimdaki-bati-dogal-urunler-fuari\/\"><\/div><\/div><\/div><div class=\"wpr-grid-item-below-content elementor-clearfix\"><h2 class=\"wpr-grid-item-title elementor-repeater-item-aca847c wpr-grid-item-display-block wpr-grid-item-align-left wpr-pointer-none wpr-pointer-line-fx wpr-pointer-fx-fade\"><div class=\"inner-block\"><a target=\"_self\"  href=\"https:\/\/osmanakca.com.tr\/tr\/anaheimdaki-bati-dogal-urunler-fuari\/\">Anaheim&#8217;daki Bat\u0131 Do\u011fal \u00dcr\u00fcnler Fuar\u0131<\/a><\/div><\/h2><div class=\"wpr-grid-item-excerpt elementor-repeater-item-7625a49 wpr-grid-item-display-block wpr-grid-item-align-left\"><div class=\"inner-block\"><p>13-16 Mart 2024 tarihleri \u200b\u200baras\u0131nda Anaheim&#8217;da d\u00fczenlenecek olan Natural Products Expo West fuar\u0131na kat\u0131l\u0131yoruz.<\/p><\/div><\/div><div class=\"wpr-grid-item-read-more elementor-repeater-item-d61bd2b wpr-grid-item-display-block wpr-grid-item-align-left\"><div class=\"inner-block\"><a target=\"_self\" href=\"https:\/\/osmanakca.com.tr\/tr\/anaheimdaki-bati-dogal-urunler-fuari\/\" class=\"wpr-button-effect wpr-button-none\"><span>Devam\u0131n\u0131 Oku<\/span><\/a><\/div><\/div><\/div><\/div><\/article><\/section>\t\t\t\t<\/div>\n\t\t\t\t<\/div>\n\t\t\t\t\t<\/div>\n\t\t<\/div>\n\t\t\t\t\t<\/div>\n\t\t<\/section>\n\t\t\t\t<\/div>\n\t\t","protected":false},"excerpt":{"rendered":"<p>\u00a0\u00a0Back World Nut and Dried Fruit Congress We are excited to participate in the INC XLI World Nut and Dried Fruit Congress in Vancouver. We are looking\u2026 Devam\u0131n\u0131 Oku BIOFACH 2024 World Organic Food Trade Show We are going to participate BIOFACH 2024 World Organic Food Trade Show. Looking forward to meet in our booth. Hall\u2026 Devam\u0131n\u0131 Oku Natural Products Expo West in Anaheim We are exhibiting at Natural Products Expo West between 13-16 March 2024 in Anaheim. Devam\u0131n\u0131 Oku<\/p>\n","protected":false},"author":1,"featured_media":0,"parent":0,"menu_order":0,"comment_status":"closed","ping_status":"closed","template":"","meta":{"footnotes":""},"class_list":["post-4172","page","type-page","status-publish","hentry"],"_links":{"self":[{"href":"https:\/\/osmanakca.com.tr\/tr\/wp-json\/wp\/v2\/pages\/4172","targetHints":{"allow":["GET"]}}],"collection":[{"href":"https:\/\/osmanakca.com.tr\/tr\/wp-json\/wp\/v2\/pages"}],"about":[{"href":"https:\/\/osmanakca.com.tr\/tr\/wp-json\/wp\/v2\/types\/page"}],"author":[{"embeddable":true,"href":"https:\/\/osmanakca.com.tr\/tr\/wp-json\/wp\/v2\/users\/1"}],"replies":[{"embeddable":true,"href":"https:\/\/osmanakca.com.tr\/tr\/wp-json\/wp\/v2\/comments?post=4172"}],"version-history":[{"count":16,"href":"https:\/\/osmanakca.com.tr\/tr\/wp-json\/wp\/v2\/pages\/4172\/revisions"}],"predecessor-version":[{"id":4212,"href":"https:\/\/osmanakca.com.tr\/tr\/wp-json\/wp\/v2\/pages\/4172\/revisions\/4212"}],"wp:attachment":[{"href":"https:\/\/osmanakca.com.tr\/tr\/wp-json\/wp\/v2\/media?parent=4172"}],"curies":[{"name":"wp","href":"https:\/\/api.w.org\/{rel}","templated":true}]}}