{"id":3926,"date":"2024-08-07T22:21:33","date_gmt":"2024-08-07T19:21:33","guid":{"rendered":"https:\/\/osmanakca.com.tr\/sartlar-ve-kosullar\/"},"modified":"2024-11-01T21:50:18","modified_gmt":"2024-11-01T18:50:18","slug":"sartlar-ve-kosullar","status":"publish","type":"page","link":"https:\/\/osmanakca.com.tr\/tr\/sartlar-ve-kosullar\/","title":{"rendered":"\u015eartlar ve ko\u015fullar"},"content":{"rendered":"\t\t<div data-elementor-type=\"wp-page\" data-elementor-id=\"3926\" class=\"elementor elementor-3926 elementor-2924\">\n\t\t\t\t\t\t<section class=\"elementor-section elementor-top-section elementor-element elementor-element-8205712 elementor-section-boxed elementor-section-height-default elementor-section-height-default shape-bg-top-no shape-bg-bottom-no wpr-particle-no wpr-jarallax-no wpr-parallax-no wpr-sticky-section-no\" data-id=\"8205712\" data-element_type=\"section\" data-e-type=\"section\">\n\t\t\t\t\t\t<div class=\"elementor-container elementor-column-gap-default\">\n\t\t\t\t\t<div class=\"elementor-column elementor-col-100 elementor-top-column elementor-element elementor-element-feb4b20\" data-id=\"feb4b20\" data-element_type=\"column\" data-e-type=\"column\">\n\t\t\t<div class=\"elementor-widget-wrap elementor-element-populated\">\n\t\t\t\t\t\t<div class=\"elementor-element elementor-element-6fdb619 elementor-widget-divider--view-line elementor-widget elementor-widget-divider\" data-id=\"6fdb619\" data-element_type=\"widget\" data-e-type=\"widget\" data-widget_type=\"divider.default\">\n\t\t\t\t<div class=\"elementor-widget-container\">\n\t\t\t\t\t\t\t<div class=\"elementor-divider\">\n\t\t\t<span class=\"elementor-divider-separator\">\n\t\t\t\t\t\t<\/span>\n\t\t<\/div>\n\t\t\t\t\t\t<\/div>\n\t\t\t\t<\/div>\n\t\t\t\t<div class=\"elementor-element elementor-element-2a99326 elementor-widget elementor-widget-text-editor\" data-id=\"2a99326\" data-element_type=\"widget\" data-e-type=\"widget\" data-widget_type=\"text-editor.default\">\n\t\t\t\t<div class=\"elementor-widget-container\">\n\t\t\t\t\t\t\t\t\t<p>\u015eartlar ve Ko\u015fullar<\/p>\t\t\t\t\t\t\t\t<\/div>\n\t\t\t\t<\/div>\n\t\t\t\t<div class=\"elementor-element elementor-element-54dcf37 elementor-widget-divider--view-line elementor-widget elementor-widget-divider\" data-id=\"54dcf37\" data-element_type=\"widget\" data-e-type=\"widget\" data-widget_type=\"divider.default\">\n\t\t\t\t<div class=\"elementor-widget-container\">\n\t\t\t\t\t\t\t<div class=\"elementor-divider\">\n\t\t\t<span class=\"elementor-divider-separator\">\n\t\t\t\t\t\t<\/span>\n\t\t<\/div>\n\t\t\t\t\t\t<\/div>\n\t\t\t\t<\/div>\n\t\t\t\t<div class=\"elementor-element elementor-element-5266354 elementor-widget elementor-widget-text-editor\" data-id=\"5266354\" data-element_type=\"widget\" data-e-type=\"widget\" data-widget_type=\"text-editor.default\">\n\t\t\t\t<div class=\"elementor-widget-container\">\n\t\t\t\t\t\t\t\t\t<h4 style=\"text-align: left;\">Web sitemizi ziyaret etti\u011finiz i\u00e7in te\u015fekk\u00fcr ederiz.<br \/>Web sitesi i\u00e7eri\u011finde yer alan her \u015fey, ticari marka haklar\u0131 ve\/veya tescilli fikri s\u0131nai m\u00fclkiyet haklar\u0131 ile korunmaktad\u0131r (aksi belirtilmedi\u011fi s\u00fcrece) ve Osman Ak\u00e7a Tar\u0131m \u00dcr\u00fcnleri A.\u015e.&#8217;nin \u00f6nceden yaz\u0131l\u0131 izni olmadan, h\u00fck\u00fcm ve ko\u015fullarda belirtilenler d\u0131\u015f\u0131nda kullan\u0131lamaz.<\/h4><h4 style=\"text-align: left;\">L\u00fctfen bu dosyadaki H\u00fck\u00fcm ve Ko\u015fullar\u0131 dikkatlice okuyun.<\/h4><p class=\"fg-text-dark ffb-paragraph-6\" style=\"text-align: left;\">Osman Ak\u00e7a Tar\u0131m \u00dcr\u00fcnleri A.\u015e., web sitesinde g\u00fcncel ve do\u011fru bilgi sunmak i\u00e7in her t\u00fcrl\u00fc \u00e7abay\u0131 g\u00f6stermektedir. Bu arada, Osman Ak\u00e7a Tar\u0131m \u00dcr\u00fcnleri A.\u015e. web sitesi i\u00e7eri\u011finin do\u011frulu\u011fu konusunda hi\u00e7bir garanti veya taahh\u00fctte bulunmamakta veya web sitesi i\u00e7eri\u011findeki herhangi bir eksiklik veya hata konusunda hi\u00e7bir sorumluluk veya y\u00fck\u00fcml\u00fcl\u00fck almamaktad\u0131r.<\/p><h2 class=\"fg-text-dark ffb-h2-7\" style=\"text-align: left;\">1- Fikri M\u00fclkiyet Haklar\u0131<\/h2><p style=\"text-align: left;\">Osman Ak\u00e7a Tar\u0131m \u00dcr\u00fcnleri A.\u015e. web sitesinde yay\u0131nlanan materyallerin t\u00fcm fikri m\u00fclkiyet haklar\u0131n\u0131n hibe sahibidir. Bu \u00e7al\u0131\u015fmalar telif hakk\u0131 koruma yasalar\u0131 ve anla\u015fmalar\u0131 ile korunmaktad\u0131r.<\/p><p style=\"text-align: left;\">T\u00fcm haklar\u0131 sakl\u0131d\u0131r. Web sitemizdeki herhangi bir sayfan\u0131n kopyas\u0131n\u0131 ki\u015fisel kullan\u0131m\u0131n\u0131z i\u00e7in yazd\u0131rabilir veya indirebilir ve yay\u0131nlanan i\u00e7eri\u011fi \u015firketinizdeki di\u011fer ki\u015filerin dikkatine sunabilirsiniz.<\/p><p style=\"text-align: left;\">Hi\u00e7bir \u015fekilde yazd\u0131rd\u0131\u011f\u0131n\u0131z veya indirdi\u011finiz herhangi bir materyalin ka\u011f\u0131d\u0131n\u0131 veya dijital kopyas\u0131n\u0131 de\u011fi\u015ftirmemeli ve ilgili metin d\u0131\u015f\u0131nda herhangi bir g\u00f6r\u00fcnt\u00fc, foto\u011fraf, video veya ses dosyas\u0131 kullanmamal\u0131s\u0131n\u0131z.<\/p><p style=\"text-align: left;\">Bizim durumumuz ve belirtilen herhangi bir katk\u0131da bulunan\u0131n durumu her zaman web sitesindeki i\u00e7eri\u011fin sahibi olarak kabul edilmelidir. Web sitesi i\u00e7eri\u011finin herhangi bir b\u00f6l\u00fcm\u00fcn\u00fc bizden veya lisans verenlerden izin almadan ticari ama\u00e7larla kullanmamal\u0131s\u0131n\u0131z.<\/p><h2 class=\"fg-text-dark ffb-h2-12\" style=\"text-align: left;\">2- S\u0131n\u0131rlamalar<\/h2><p style=\"text-align: left;\">Web sitesinde edindi\u011finiz herhangi bir i\u00e7erik veya bu sayfalar\u0131n veritaban\u0131n\u0131n olu\u015fturulmas\u0131 ve tasar\u0131m\u0131nda kullan\u0131lan fikri m\u00fclkiyet konusu olan herhangi bir multimedya i\u00e7eri\u011fi \u00fczerinde yaln\u0131zca \u00f6zel kullan\u0131m hakk\u0131n\u0131z vard\u0131r. (A\u00e7\u0131k\u00e7a belirtilen ticari markalar\u0131n devredildi\u011fi durumlar d\u0131\u015f\u0131nda)<\/p><p style=\"text-align: left;\">Web sitesindeki i\u00e7erikleri yaln\u0131zca \u00f6zel kullan\u0131m\u0131n\u0131z i\u00e7in g\u00f6r\u00fcnt\u00fcleyebilir veya yazd\u0131rabilirsiniz. \u0130\u00e7eri\u011fi indirebilirsiniz ancak hi\u00e7bir i\u00e7eri\u011fi de\u011fi\u015ftiremezsiniz veya telif hakk\u0131 veya di\u011fer m\u00fclkiyet haklar\u0131 bildirimlerini kald\u0131ramaz veya de\u011fi\u015ftiremezsiniz.<\/p><p style=\"text-align: left;\">Malzemeleri kopyalamak veya indirmek size herhangi bir hak, m\u00fclkiyet veya ba\u015fka bir fayda sa\u011flamaz. Bu web sitesindeki t\u00fcm bilgiler \u00fccretsizdir ve tamamen bilgilendirme ama\u00e7l\u0131d\u0131r.<\/p>\t\t\t\t\t\t\t\t<\/div>\n\t\t\t\t<\/div>\n\t\t\t\t\t<\/div>\n\t\t<\/div>\n\t\t\t\t\t<\/div>\n\t\t<\/section>\n\t\t\t\t<\/div>\n\t\t","protected":false},"excerpt":{"rendered":"<p>\u015eartlar ve Ko\u015fullar Web sitemizi ziyaret etti\u011finiz i\u00e7in te\u015fekk\u00fcr ederiz.Web sitesi i\u00e7eri\u011finde yer alan her \u015fey, ticari marka haklar\u0131 ve\/veya tescilli fikri s\u0131nai m\u00fclkiyet haklar\u0131 ile korunmaktad\u0131r (aksi belirtilmedi\u011fi s\u00fcrece) ve Osman Ak\u00e7a Tar\u0131m \u00dcr\u00fcnleri A.\u015e.&#8217;nin \u00f6nceden yaz\u0131l\u0131 izni olmadan, h\u00fck\u00fcm ve ko\u015fullarda belirtilenler d\u0131\u015f\u0131nda kullan\u0131lamaz. L\u00fctfen bu dosyadaki H\u00fck\u00fcm ve Ko\u015fullar\u0131 dikkatlice okuyun. Osman Ak\u00e7a Tar\u0131m \u00dcr\u00fcnleri A.\u015e., web sitesinde g\u00fcncel ve do\u011fru bilgi sunmak i\u00e7in her t\u00fcrl\u00fc \u00e7abay\u0131 g\u00f6stermektedir. Bu arada, Osman Ak\u00e7a Tar\u0131m \u00dcr\u00fcnleri A.\u015e. web sitesi i\u00e7eri\u011finin do\u011frulu\u011fu konusunda hi\u00e7bir garanti veya taahh\u00fctte bulunmamakta veya web sitesi i\u00e7eri\u011findeki herhangi bir eksiklik veya hata konusunda hi\u00e7bir sorumluluk veya y\u00fck\u00fcml\u00fcl\u00fck almamaktad\u0131r. 1- Fikri M\u00fclkiyet Haklar\u0131 Osman Ak\u00e7a Tar\u0131m \u00dcr\u00fcnleri A.\u015e. web sitesinde yay\u0131nlanan materyallerin t\u00fcm fikri m\u00fclkiyet haklar\u0131n\u0131n hibe sahibidir. Bu \u00e7al\u0131\u015fmalar telif hakk\u0131 koruma yasalar\u0131 ve anla\u015fmalar\u0131 ile korunmaktad\u0131r. T\u00fcm haklar\u0131 sakl\u0131d\u0131r. Web sitemizdeki herhangi bir sayfan\u0131n kopyas\u0131n\u0131 ki\u015fisel kullan\u0131m\u0131n\u0131z i\u00e7in yazd\u0131rabilir veya indirebilir ve yay\u0131nlanan i\u00e7eri\u011fi \u015firketinizdeki di\u011fer ki\u015filerin dikkatine sunabilirsiniz. Hi\u00e7bir \u015fekilde yazd\u0131rd\u0131\u011f\u0131n\u0131z veya indirdi\u011finiz herhangi bir materyalin ka\u011f\u0131d\u0131n\u0131 veya dijital kopyas\u0131n\u0131 de\u011fi\u015ftirmemeli ve ilgili metin d\u0131\u015f\u0131nda herhangi bir g\u00f6r\u00fcnt\u00fc, foto\u011fraf, video veya ses dosyas\u0131 kullanmamal\u0131s\u0131n\u0131z. Bizim durumumuz ve belirtilen herhangi bir katk\u0131da bulunan\u0131n durumu her zaman web sitesindeki i\u00e7eri\u011fin sahibi olarak kabul edilmelidir. Web sitesi i\u00e7eri\u011finin herhangi bir b\u00f6l\u00fcm\u00fcn\u00fc bizden veya lisans verenlerden izin almadan ticari ama\u00e7larla kullanmamal\u0131s\u0131n\u0131z. 2- S\u0131n\u0131rlamalar Web sitesinde edindi\u011finiz herhangi bir i\u00e7erik veya bu sayfalar\u0131n veritaban\u0131n\u0131n olu\u015fturulmas\u0131 ve tasar\u0131m\u0131nda kullan\u0131lan fikri m\u00fclkiyet konusu olan herhangi bir multimedya i\u00e7eri\u011fi \u00fczerinde yaln\u0131zca \u00f6zel kullan\u0131m hakk\u0131n\u0131z vard\u0131r. (A\u00e7\u0131k\u00e7a belirtilen ticari markalar\u0131n devredildi\u011fi durumlar d\u0131\u015f\u0131nda) Web sitesindeki i\u00e7erikleri yaln\u0131zca \u00f6zel kullan\u0131m\u0131n\u0131z i\u00e7in g\u00f6r\u00fcnt\u00fcleyebilir veya yazd\u0131rabilirsiniz. \u0130\u00e7eri\u011fi indirebilirsiniz ancak hi\u00e7bir i\u00e7eri\u011fi de\u011fi\u015ftiremezsiniz veya telif hakk\u0131 veya di\u011fer m\u00fclkiyet haklar\u0131 bildirimlerini kald\u0131ramaz veya de\u011fi\u015ftiremezsiniz. Malzemeleri kopyalamak veya indirmek size herhangi bir hak, m\u00fclkiyet veya ba\u015fka bir fayda sa\u011flamaz. Bu web sitesindeki t\u00fcm bilgiler \u00fccretsizdir ve tamamen bilgilendirme ama\u00e7l\u0131d\u0131r.<\/p>\n","protected":false},"author":1,"featured_media":0,"parent":0,"menu_order":0,"comment_status":"closed","ping_status":"closed","template":"","meta":{"footnotes":""},"class_list":["post-3926","page","type-page","status-publish","hentry"],"_links":{"self":[{"href":"https:\/\/osmanakca.com.tr\/tr\/wp-json\/wp\/v2\/pages\/3926","targetHints":{"allow":["GET"]}}],"collection":[{"href":"https:\/\/osmanakca.com.tr\/tr\/wp-json\/wp\/v2\/pages"}],"about":[{"href":"https:\/\/osmanakca.com.tr\/tr\/wp-json\/wp\/v2\/types\/page"}],"author":[{"embeddable":true,"href":"https:\/\/osmanakca.com.tr\/tr\/wp-json\/wp\/v2\/users\/1"}],"replies":[{"embeddable":true,"href":"https:\/\/osmanakca.com.tr\/tr\/wp-json\/wp\/v2\/comments?post=3926"}],"version-history":[{"count":5,"href":"https:\/\/osmanakca.com.tr\/tr\/wp-json\/wp\/v2\/pages\/3926\/revisions"}],"predecessor-version":[{"id":3931,"href":"https:\/\/osmanakca.com.tr\/tr\/wp-json\/wp\/v2\/pages\/3926\/revisions\/3931"}],"wp:attachment":[{"href":"https:\/\/osmanakca.com.tr\/tr\/wp-json\/wp\/v2\/media?parent=3926"}],"curies":[{"name":"wp","href":"https:\/\/api.w.org\/{rel}","templated":true}]}}