{"id":3920,"date":"2024-08-07T22:32:09","date_gmt":"2024-08-07T19:32:09","guid":{"rendered":"https:\/\/osmanakca.com.tr\/gizlilik-politikasi\/"},"modified":"2024-11-01T21:44:45","modified_gmt":"2024-11-01T18:44:45","slug":"gizlilik-politikasi","status":"publish","type":"page","link":"https:\/\/osmanakca.com.tr\/tr\/gizlilik-politikasi\/","title":{"rendered":"Gizlilik Politikas\u0131"},"content":{"rendered":"\t\t<div data-elementor-type=\"wp-page\" data-elementor-id=\"3920\" class=\"elementor elementor-3920 elementor-2932\">\n\t\t\t\t\t\t<section class=\"elementor-section elementor-top-section elementor-element elementor-element-8205712 elementor-section-boxed elementor-section-height-default elementor-section-height-default shape-bg-top-no shape-bg-bottom-no wpr-particle-no wpr-jarallax-no wpr-parallax-no wpr-sticky-section-no\" data-id=\"8205712\" data-element_type=\"section\" data-e-type=\"section\">\n\t\t\t\t\t\t<div class=\"elementor-container elementor-column-gap-default\">\n\t\t\t\t\t<div class=\"elementor-column elementor-col-100 elementor-top-column elementor-element elementor-element-feb4b20\" data-id=\"feb4b20\" data-element_type=\"column\" data-e-type=\"column\">\n\t\t\t<div class=\"elementor-widget-wrap elementor-element-populated\">\n\t\t\t\t\t\t<div class=\"elementor-element elementor-element-f49f6ca elementor-widget-divider--view-line elementor-widget elementor-widget-divider\" data-id=\"f49f6ca\" data-element_type=\"widget\" data-e-type=\"widget\" data-widget_type=\"divider.default\">\n\t\t\t\t<div class=\"elementor-widget-container\">\n\t\t\t\t\t\t\t<div class=\"elementor-divider\">\n\t\t\t<span class=\"elementor-divider-separator\">\n\t\t\t\t\t\t<\/span>\n\t\t<\/div>\n\t\t\t\t\t\t<\/div>\n\t\t\t\t<\/div>\n\t\t\t\t<div class=\"elementor-element elementor-element-2a99326 elementor-widget elementor-widget-text-editor\" data-id=\"2a99326\" data-element_type=\"widget\" data-e-type=\"widget\" data-widget_type=\"text-editor.default\">\n\t\t\t\t<div class=\"elementor-widget-container\">\n\t\t\t\t\t\t\t\t\t<p>Gizlilik Politikas\u0131<\/p>\t\t\t\t\t\t\t\t<\/div>\n\t\t\t\t<\/div>\n\t\t\t\t<div class=\"elementor-element elementor-element-54dcf37 elementor-widget-divider--view-line elementor-widget elementor-widget-divider\" data-id=\"54dcf37\" data-element_type=\"widget\" data-e-type=\"widget\" data-widget_type=\"divider.default\">\n\t\t\t\t<div class=\"elementor-widget-container\">\n\t\t\t\t\t\t\t<div class=\"elementor-divider\">\n\t\t\t<span class=\"elementor-divider-separator\">\n\t\t\t\t\t\t<\/span>\n\t\t<\/div>\n\t\t\t\t\t\t<\/div>\n\t\t\t\t<\/div>\n\t\t\t\t<div class=\"elementor-element elementor-element-5266354 elementor-widget elementor-widget-text-editor\" data-id=\"5266354\" data-element_type=\"widget\" data-e-type=\"widget\" data-widget_type=\"text-editor.default\">\n\t\t\t\t<div class=\"elementor-widget-container\">\n\t\t\t\t\t\t\t\t\t<h4 class=\"fg-text-dark ffb-h2-3\" style=\"text-align: left;\">Osman Ak\u00e7a Tar\u0131m \u00dcr\u00fcnleri A.\u015e. olarak gizlilik haklar\u0131n\u0131za sayg\u0131 duyuyoruz.<br \/>Ki\u015fisel verilerinizin g\u00fcvenli\u011fine ili\u015fkin a\u00e7\u0131klamalar\u0131 bulabilirsiniz.<\/h4><h2 class=\"fg-text-dark ffb-h2-4\" style=\"text-align: left;\">1- Ki\u015fisel Verilerin Toplanmas\u0131, \u0130\u015flenmesi ve Kullan\u0131m\u0131<\/h2><p style=\"text-align: left;\">Ziyaret\u00e7i trafi\u011fimizi izlemek i\u00e7in Google Analytics hizmetini kullan\u0131yoruz.<\/p><p style=\"text-align: left;\">Sitemizi ziyaretiniz s\u0131ras\u0131nda, istatistiksel veri kay\u0131tlar\u0131 sunucular\u0131m\u0131zda otomatik olarak depolanacakt\u0131r. Bu veriler aras\u0131nda, \u0130SS&#8217;nizin ad\u0131, IP adresiniz, eri\u015fti\u011finiz ortam\u0131n i\u015fletim sistemi, y\u00f6nlendiren web siteleri, sitemizi g\u00f6r\u00fcnt\u00fclerken di\u011fer sitelere yapt\u0131\u011f\u0131n\u0131z ziyaretler, sitemizi bulmak i\u00e7in kullan\u0131lan arama kelimeleri vb. kaydedilir.<\/p><p style=\"text-align: left;\">Bu t\u00fcr veriler yaln\u0131zca anonim olarak kullan\u0131labildi\u011finden, bu kay\u0131tlar istatistiksel analizler d\u0131\u015f\u0131nda ba\u015fka ama\u00e7larla kullan\u0131lmaz ve gizlili\u011finiz ihlal edilmez.<\/p><h2 class=\"fg-text-dark ffb-h2-8\" style=\"text-align: left;\">2- \u00c7erezlerin Kullan\u0131m\u0131<\/h2><p style=\"text-align: left;\">Ziyaret\u00e7i deneyimini ve daha iyi eri\u015filebilirli\u011fi geli\u015ftirmek i\u00e7in sitemizde \u00e7erez kullan\u0131yoruz.<\/p><p style=\"text-align: left;\">\u00c7erezler, bir web sitesini ziyaret ederken sunucudan taray\u0131c\u0131n\u0131za g\u00f6nderilen k\u00fc\u00e7\u00fck metin dosyalar\u0131d\u0131r. Bunlar y\u00fcr\u00fct\u00fclebilir dosyalar olmad\u0131\u011f\u0131ndan, bilgisayar\u0131n\u0131z i\u00e7in herhangi bir risk olu\u015fturmazlar.<\/p><p style=\"text-align: left;\">\u00c7erezler ki\u015fisel veri i\u00e7ermez ve ziyaret\u00e7ileri tan\u0131mlamak i\u00e7in kullan\u0131lamaz. \u00c7erezler genellikle benzersiz bir \u00fcreteci temsil eder ve bu \u00fcrete\u00e7 cihaz\u0131n\u0131zda depolanan rastgele bir say\u0131d\u0131r. Baz\u0131lar\u0131 siteden \u00e7\u0131kt\u0131\u011f\u0131n\u0131zda hemen kald\u0131r\u0131l\u0131rken, baz\u0131lar\u0131 daha uzun bir s\u00fcre boyunca kaydedilir.<\/p><p style=\"text-align: left;\">Bu eylemler ziyaret\u00e7inin izniyle yap\u0131l\u0131r ve taray\u0131c\u0131n\u0131z\u0131n ayarlar\u0131n\u0131 d\u00fczenleyerek tamamen engellenebilir.<\/p><h2 class=\"fg-text-dark ffb-h2-13\" style=\"text-align: left;\">3- D\u0131\u015f Ba\u011flant\u0131lar ve S\u0131n\u0131rl\u0131 Sorumluluk<\/h2><p class=\"fg-text-dark ffb-paragraph-14\" style=\"text-align: left;\">Web sitemiz, di\u011fer sitelere y\u00f6nlendiren y\u00f6nlendirme ba\u011flant\u0131lar\u0131, servisler ve bannerlar i\u00e7erebilir. Ziyaret\u00e7i bu siteleri ziyaret ederken dikkatli olmal\u0131d\u0131r. Osman Ak\u00e7a Tar\u0131m \u00dcr\u00fcnleri A.\u015e. bu sitelerin i\u015flemlerinden ve gizlilik politikalar\u0131ndan sorumlu de\u011fildir.<\/p><h2 class=\"fg-text-dark ffb-h2-15\" style=\"text-align: left;\">4- Gizlilik Politikas\u0131ndaki De\u011fi\u015fiklikler<\/h2><p class=\"fg-text-dark ffb-paragraph-16\" style=\"text-align: left;\">Yeni \u00f6zellikler eklendik\u00e7e veya ziyaret\u00e7ilerden gelen geri bildirimler i\u015flendik\u00e7e, gizlilik politikam\u0131z \u00f6nceden haber verilmeksizin de\u011fi\u015febilir. Osman Ak\u00e7a Tar\u0131m \u00dcr\u00fcnleri A.\u015e. bu t\u00fcr de\u011fi\u015fiklikleri yapma hakk\u0131n\u0131 sakl\u0131 tutar. Bu nedenle sitemizi ziyaretleriniz s\u0131ras\u0131nda gizlilik politikas\u0131n\u0131 s\u0131k s\u0131k g\u00f6zden ge\u00e7irmenizi \u00f6nemle tavsiye ederiz.<\/p><h2 class=\"fg-text-dark ffb-h2-17\" style=\"text-align: left;\">5- Bizimle \u0130leti\u015fime Ge\u00e7in<\/h2><div class=\"ff-richtext paragraph fg-text-dark ffb-paragraph-18\"><p style=\"text-align: left;\">Web sitemizde uygulanan gizlilik politikas\u0131 ile ilgili soru veya d\u00fc\u015f\u00fcncelerinizi info@akcaholding.com posta kutumuz arac\u0131l\u0131\u011f\u0131yla bizimle payla\u015fabilirsiniz.<\/p><\/div>\t\t\t\t\t\t\t\t<\/div>\n\t\t\t\t<\/div>\n\t\t\t\t\t<\/div>\n\t\t<\/div>\n\t\t\t\t\t<\/div>\n\t\t<\/section>\n\t\t\t\t<\/div>\n\t\t","protected":false},"excerpt":{"rendered":"<p>Gizlilik Politikas\u0131 Osman Ak\u00e7a Tar\u0131m \u00dcr\u00fcnleri A.\u015e. olarak gizlilik haklar\u0131n\u0131za sayg\u0131 duyuyoruz.Ki\u015fisel verilerinizin g\u00fcvenli\u011fine ili\u015fkin a\u00e7\u0131klamalar\u0131 bulabilirsiniz. 1- Ki\u015fisel Verilerin Toplanmas\u0131, \u0130\u015flenmesi ve Kullan\u0131m\u0131 Ziyaret\u00e7i trafi\u011fimizi izlemek i\u00e7in Google Analytics hizmetini kullan\u0131yoruz. Sitemizi ziyaretiniz s\u0131ras\u0131nda, istatistiksel veri kay\u0131tlar\u0131 sunucular\u0131m\u0131zda otomatik olarak depolanacakt\u0131r. Bu veriler aras\u0131nda, \u0130SS&#8217;nizin ad\u0131, IP adresiniz, eri\u015fti\u011finiz ortam\u0131n i\u015fletim sistemi, y\u00f6nlendiren web siteleri, sitemizi g\u00f6r\u00fcnt\u00fclerken di\u011fer sitelere yapt\u0131\u011f\u0131n\u0131z ziyaretler, sitemizi bulmak i\u00e7in kullan\u0131lan arama kelimeleri vb. kaydedilir. Bu t\u00fcr veriler yaln\u0131zca anonim olarak kullan\u0131labildi\u011finden, bu kay\u0131tlar istatistiksel analizler d\u0131\u015f\u0131nda ba\u015fka ama\u00e7larla kullan\u0131lmaz ve gizlili\u011finiz ihlal edilmez. 2- \u00c7erezlerin Kullan\u0131m\u0131 Ziyaret\u00e7i deneyimini ve daha iyi eri\u015filebilirli\u011fi geli\u015ftirmek i\u00e7in sitemizde \u00e7erez kullan\u0131yoruz. \u00c7erezler, bir web sitesini ziyaret ederken sunucudan taray\u0131c\u0131n\u0131za g\u00f6nderilen k\u00fc\u00e7\u00fck metin dosyalar\u0131d\u0131r. Bunlar y\u00fcr\u00fct\u00fclebilir dosyalar olmad\u0131\u011f\u0131ndan, bilgisayar\u0131n\u0131z i\u00e7in herhangi bir risk olu\u015fturmazlar. \u00c7erezler ki\u015fisel veri i\u00e7ermez ve ziyaret\u00e7ileri tan\u0131mlamak i\u00e7in kullan\u0131lamaz. \u00c7erezler genellikle benzersiz bir \u00fcreteci temsil eder ve bu \u00fcrete\u00e7 cihaz\u0131n\u0131zda depolanan rastgele bir say\u0131d\u0131r. Baz\u0131lar\u0131 siteden \u00e7\u0131kt\u0131\u011f\u0131n\u0131zda hemen kald\u0131r\u0131l\u0131rken, baz\u0131lar\u0131 daha uzun bir s\u00fcre boyunca kaydedilir. Bu eylemler ziyaret\u00e7inin izniyle yap\u0131l\u0131r ve taray\u0131c\u0131n\u0131z\u0131n ayarlar\u0131n\u0131 d\u00fczenleyerek tamamen engellenebilir. 3- D\u0131\u015f Ba\u011flant\u0131lar ve S\u0131n\u0131rl\u0131 Sorumluluk Web sitemiz, di\u011fer sitelere y\u00f6nlendiren y\u00f6nlendirme ba\u011flant\u0131lar\u0131, servisler ve bannerlar i\u00e7erebilir. Ziyaret\u00e7i bu siteleri ziyaret ederken dikkatli olmal\u0131d\u0131r. Osman Ak\u00e7a Tar\u0131m \u00dcr\u00fcnleri A.\u015e. bu sitelerin i\u015flemlerinden ve gizlilik politikalar\u0131ndan sorumlu de\u011fildir. 4- Gizlilik Politikas\u0131ndaki De\u011fi\u015fiklikler Yeni \u00f6zellikler eklendik\u00e7e veya ziyaret\u00e7ilerden gelen geri bildirimler i\u015flendik\u00e7e, gizlilik politikam\u0131z \u00f6nceden haber verilmeksizin de\u011fi\u015febilir. Osman Ak\u00e7a Tar\u0131m \u00dcr\u00fcnleri A.\u015e. bu t\u00fcr de\u011fi\u015fiklikleri yapma hakk\u0131n\u0131 sakl\u0131 tutar. Bu nedenle sitemizi ziyaretleriniz s\u0131ras\u0131nda gizlilik politikas\u0131n\u0131 s\u0131k s\u0131k g\u00f6zden ge\u00e7irmenizi \u00f6nemle tavsiye ederiz. 5- Bizimle \u0130leti\u015fime Ge\u00e7in Web sitemizde uygulanan gizlilik politikas\u0131 ile ilgili soru veya d\u00fc\u015f\u00fcncelerinizi info@akcaholding.com posta kutumuz arac\u0131l\u0131\u011f\u0131yla bizimle payla\u015fabilirsiniz.<\/p>\n","protected":false},"author":1,"featured_media":0,"parent":0,"menu_order":0,"comment_status":"closed","ping_status":"closed","template":"","meta":{"footnotes":""},"class_list":["post-3920","page","type-page","status-publish","hentry"],"_links":{"self":[{"href":"https:\/\/osmanakca.com.tr\/tr\/wp-json\/wp\/v2\/pages\/3920","targetHints":{"allow":["GET"]}}],"collection":[{"href":"https:\/\/osmanakca.com.tr\/tr\/wp-json\/wp\/v2\/pages"}],"about":[{"href":"https:\/\/osmanakca.com.tr\/tr\/wp-json\/wp\/v2\/types\/page"}],"author":[{"embeddable":true,"href":"https:\/\/osmanakca.com.tr\/tr\/wp-json\/wp\/v2\/users\/1"}],"replies":[{"embeddable":true,"href":"https:\/\/osmanakca.com.tr\/tr\/wp-json\/wp\/v2\/comments?post=3920"}],"version-history":[{"count":5,"href":"https:\/\/osmanakca.com.tr\/tr\/wp-json\/wp\/v2\/pages\/3920\/revisions"}],"predecessor-version":[{"id":3925,"href":"https:\/\/osmanakca.com.tr\/tr\/wp-json\/wp\/v2\/pages\/3920\/revisions\/3925"}],"wp:attachment":[{"href":"https:\/\/osmanakca.com.tr\/tr\/wp-json\/wp\/v2\/media?parent=3920"}],"curies":[{"name":"wp","href":"https:\/\/api.w.org\/{rel}","templated":true}]}}