{"id":3867,"date":"2024-07-07T11:23:49","date_gmt":"2024-07-07T08:23:49","guid":{"rendered":"https:\/\/osmanakca.com.tr\/kalite-politikasi-ve-sertifikalar\/"},"modified":"2024-11-01T22:14:02","modified_gmt":"2024-11-01T19:14:02","slug":"kalite-politikasi-ve-sertifikalar","status":"publish","type":"page","link":"https:\/\/osmanakca.com.tr\/tr\/kalite-politikasi-ve-sertifikalar\/","title":{"rendered":"Kalite Politikas\u0131 ve Sertifikalar"},"content":{"rendered":"\t\t<div data-elementor-type=\"wp-page\" data-elementor-id=\"3867\" class=\"elementor elementor-3867 elementor-2406\">\n\t\t\t\t\t\t<section class=\"elementor-section elementor-top-section elementor-element elementor-element-a2abf68 elementor-section-boxed elementor-section-height-default elementor-section-height-default shape-bg-top-no wpr-particle-no wpr-jarallax-no wpr-parallax-no wpr-sticky-section-no\" data-id=\"a2abf68\" data-element_type=\"section\" data-e-type=\"section\" data-settings=\"{&quot;background_background&quot;:&quot;slideshow&quot;,&quot;background_slideshow_gallery&quot;:[{&quot;id&quot;:2894,&quot;url&quot;:&quot;https:\\\/\\\/osmanakca.com.tr\\\/wp-content\\\/uploads\\\/2024\\\/08\\\/sertifika-banner-4-osman.jpg&quot;},{&quot;id&quot;:2952,&quot;url&quot;:&quot;https:\\\/\\\/osmanakca.com.tr\\\/wp-content\\\/uploads\\\/2024\\\/08\\\/kosk-scaled.jpg&quot;}],&quot;background_slideshow_ken_burns&quot;:&quot;yes&quot;,&quot;background_slideshow_loop&quot;:&quot;yes&quot;,&quot;background_slideshow_slide_duration&quot;:5000,&quot;background_slideshow_slide_transition&quot;:&quot;fade&quot;,&quot;background_slideshow_transition_duration&quot;:500,&quot;background_slideshow_ken_burns_zoom_direction&quot;:&quot;in&quot;}\">\n\t\t\t\t\t\t\t<div class=\"elementor-background-overlay\"><\/div>\n\t\t\t\t\t\t\t<div class=\"elementor-container elementor-column-gap-default\">\n\t\t\t\t\t<div class=\"elementor-column elementor-col-100 elementor-top-column elementor-element elementor-element-7260d10\" data-id=\"7260d10\" data-element_type=\"column\" data-e-type=\"column\">\n\t\t\t<div class=\"elementor-widget-wrap elementor-element-populated\">\n\t\t\t\t\t\t<div class=\"elementor-element elementor-element-3f38b9d elementor-widget elementor-widget-gva-heading-block\" data-id=\"3f38b9d\" data-element_type=\"widget\" data-e-type=\"widget\" data-widget_type=\"gva-heading-block.default\">\n\t\t\t\t<div class=\"elementor-widget-container\">\n\t\t\t\t\t<div class=\"gva-element-gva-heading-block gva-element\">   <div class=\"align-left style-1 widget gsc-heading box-align-left auto-responsive\">\r\n      <div class=\"content-inner\">\r\n         \r\n                  \r\n           \r\n         \r\n                     <h2 class=\"title\">\r\n               <span>Kalite Politikas\u0131 ve <br>Sertifikalar<\/span>\r\n            <\/h2>\r\n                  \r\n         \r\n      <\/div>\r\n   <\/div>\r\n<\/div>\t\t\t\t<\/div>\n\t\t\t\t<\/div>\n\t\t\t\t\t<\/div>\n\t\t<\/div>\n\t\t\t\t\t<\/div>\n\t\t<\/section>\n\t\t\t\t<section class=\"elementor-section elementor-top-section elementor-element elementor-element-0a7f94e shape-bg-top-yes elementor-section-boxed elementor-section-height-default elementor-section-height-default shape-bg-bottom-no wpr-particle-no wpr-jarallax-no wpr-parallax-no wpr-sticky-section-no\" data-id=\"0a7f94e\" data-element_type=\"section\" data-e-type=\"section\" data-settings=\"{&quot;background_background&quot;:&quot;classic&quot;}\">\n\t\t\t\t\t\t<div class=\"elementor-container elementor-column-gap-default\">\n\t\t\t\t\t<div class=\"elementor-column elementor-col-100 elementor-top-column elementor-element elementor-element-ae6f907\" data-id=\"ae6f907\" data-element_type=\"column\" data-e-type=\"column\">\n\t\t\t<div class=\"elementor-widget-wrap elementor-element-populated\">\n\t\t\t\t\t\t<div class=\"elementor-element elementor-element-82971a4 elementor-widget elementor-widget-gva-heading-block\" data-id=\"82971a4\" data-element_type=\"widget\" data-e-type=\"widget\" data-settings=\"{&quot;_animation&quot;:&quot;none&quot;}\" data-widget_type=\"gva-heading-block.default\">\n\t\t\t\t<div class=\"elementor-widget-container\">\n\t\t\t\t\t<div class=\"gva-element-gva-heading-block gva-element\">   <div class=\"align-center style-3 widget gsc-heading box-align-left auto-responsive\">\r\n      <div class=\"content-inner\">\r\n         \r\n                  \r\n         <div class=\"sub-title\"><span class=\"tagline\">Kalite Politikas\u0131<\/span><\/div>  \r\n         \r\n                     <h2 class=\"title\">\r\n               <span>Kuru meyve sekt\u00f6r\u00fcnde faaliyetlerini y\u00fcr\u00fcten bir \u015firket olarak politikam\u0131z her zaman sa\u011fl\u0131kl\u0131, y\u00fcksek kaliteli ve s\u00fcrd\u00fcr\u00fclebilir \u00fcr\u00fcnler \u00fcretmektir. Kendimizi m\u00fc\u015fteri memnuniyetini sa\u011flamaya, \u00e7al\u0131\u015fanlar\u0131m\u0131z aras\u0131nda kalite ve g\u0131da g\u00fcvenli\u011fi k\u00fclt\u00fcr\u00fcn\u00fc yerle\u015ftirdi\u011fimize emin olmaya adad\u0131k. S\u00fcrekli iyile\u015ftirme felsefemizin yan\u0131 s\u0131ra, kendimizi, kalite ve g\u0131da g\u00fcvenli\u011fi y\u00f6netim sistemleri, sosyal sorumluluk, i\u015f sa\u011fl\u0131\u011f\u0131 ve g\u00fcvenli\u011fi standartlar\u0131 ve yasal gereklilikerini y\u00f6netim sistemlerimize efektif olarak uygulamaya adad\u0131k.<\/span>\r\n            <\/h2>\r\n                  \r\n         \r\n      <\/div>\r\n   <\/div>\r\n<\/div>\t\t\t\t<\/div>\n\t\t\t\t<\/div>\n\t\t\t\t\t<\/div>\n\t\t<\/div>\n\t\t\t\t\t<\/div>\n\t\t<\/section>\n\t\t\t\t<section class=\"elementor-section elementor-top-section elementor-element elementor-element-2f82c4f shape-bg-top-yes shape-bg-bottom-yes elementor-section-boxed elementor-section-height-default elementor-section-height-default wpr-particle-no wpr-jarallax-no wpr-parallax-no wpr-sticky-section-no\" data-id=\"2f82c4f\" data-element_type=\"section\" data-e-type=\"section\" data-settings=\"{&quot;background_background&quot;:&quot;classic&quot;}\">\n\t\t\t\t\t\t<div class=\"elementor-container elementor-column-gap-default\">\n\t\t\t\t\t<div class=\"elementor-column elementor-col-100 elementor-top-column elementor-element elementor-element-2da7e01\" data-id=\"2da7e01\" data-element_type=\"column\" data-e-type=\"column\">\n\t\t\t<div class=\"elementor-widget-wrap elementor-element-populated\">\n\t\t\t\t\t\t<div class=\"elementor-element elementor-element-8c7f451 elementor-widget elementor-widget-gva-heading-block\" data-id=\"8c7f451\" data-element_type=\"widget\" data-e-type=\"widget\" data-widget_type=\"gva-heading-block.default\">\n\t\t\t\t<div class=\"elementor-widget-container\">\n\t\t\t\t\t<div class=\"gva-element-gva-heading-block gva-element\">   <div class=\"align-center style-1 widget gsc-heading box-align-left auto-responsive\">\r\n      <div class=\"content-inner\">\r\n         \r\n                  \r\n           \r\n         \r\n                     <h2 class=\"title\">\r\n               <span>Kalite Sertifikalar\u0131m\u0131z<\/span>\r\n            <\/h2>\r\n                  \r\n         \r\n      <\/div>\r\n   <\/div>\r\n<\/div>\t\t\t\t<\/div>\n\t\t\t\t<\/div>\n\t\t\t\t<div class=\"elementor-element elementor-element-71e415a elementor-widget elementor-widget-gva_icon_box_group\" data-id=\"71e415a\" data-element_type=\"widget\" data-e-type=\"widget\" data-widget_type=\"gva_icon_box_group.default\">\n\t\t\t\t<div class=\"elementor-widget-container\">\n\t\t\t\t\t<div class=\"gva-element-gva_icon_box_group gva-element\">\r\n<div class=\"gsc-icon-box-group layout-carousel swiper-slider-wrapper style-1 \">\r\n   <div class=\"swiper-content-inner\">\r\n      <div class=\"init-carousel-swiper swiper\" data-carousel=\"{&quot;items&quot;:4,&quot;items_lg&quot;:4,&quot;items_md&quot;:3,&quot;items_sm&quot;:2,&quot;items_xs&quot;:2,&quot;items_xx&quot;:2,&quot;effect&quot;:&quot;slide&quot;,&quot;space_between&quot;:30,&quot;loop&quot;:1,&quot;speed&quot;:400,&quot;autoplay&quot;:1,&quot;autoplay_delay&quot;:2500,&quot;autoplay_hover&quot;:1,&quot;navigation&quot;:1,&quot;pagination&quot;:0,&quot;dynamic_bullets&quot;:0,&quot;pagination_type&quot;:&quot;bullets&quot;}\">\r\n         <div class=\"swiper-wrapper\">\r\n            <div class=\"swiper-slide\">\r\n<div class=\"icon-box-item elementor-repeater-item-dec0088\">\r\n\t<div class=\"icon-box-content\">\r\n\r\n\t\t\t\t\t\r\n\t\t\t<div class=\"box-icon\"><img decoding=\"async\" src=\"https:\/\/osmanakca.com.tr\/wp-content\/uploads\/2024\/06\/ecocert-1-1.png\" alt=\"Ecocert Organik Sertifikas\u0131\" \/><\/div>\r\n\t\t\t<div class=\"content-inner\">\r\n\t\t\t\t<h3 class=\"title\">Ecocert Organik Sertifikas\u0131<\/h3>\t\t\t<\/div>\r\n\t\t\t\r\n\t\t\t\r\n\t\t\r\n\t<\/div>  \t\r\n\t\t\t  <a href=\"https:\/\/osmanakca.com.tr\/certificates\/EU-Organic-Certificate.pdf\" class=\"link-overlay\" target=\"_blank\">\r\n\t\t\t \t\t  <\/a>\r\n\t\t  <\/div><\/div><div class=\"swiper-slide\">\r\n<div class=\"icon-box-item elementor-repeater-item-b72faed\">\r\n\t<div class=\"icon-box-content\">\r\n\r\n\t\t\t\t\t\r\n\t\t\t<div class=\"box-icon\"><img decoding=\"async\" src=\"https:\/\/osmanakca.com.tr\/wp-content\/uploads\/2024\/06\/organic-certificate-1.png\" alt=\"Organik Sertifikas\u0131\" \/><\/div>\r\n\t\t\t<div class=\"content-inner\">\r\n\t\t\t\t<h3 class=\"title\">Organik Sertifikas\u0131<\/h3>\t\t\t<\/div>\r\n\t\t\t\r\n\t\t\t\r\n\t\t\r\n\t<\/div>  \t\r\n\t\t\t  <a href=\"https:\/\/osmanakca.com.tr\/certificates\/EU-Organic-Certificate.pdf\" class=\"link-overlay\" target=\"_blank\">\r\n\t\t\t \t\t  <\/a>\r\n\t\t  <\/div><\/div><div class=\"swiper-slide\">\r\n<div class=\"icon-box-item elementor-repeater-item-18bb594\">\r\n\t<div class=\"icon-box-content\">\r\n\r\n\t\t\t\t\t\r\n\t\t\t<div class=\"box-icon\"><img decoding=\"async\" src=\"https:\/\/osmanakca.com.tr\/wp-content\/uploads\/2024\/06\/brc-food-safety-certificate.png\" alt=\"BRC G\u0131da G\u00fcvenli\u011fi Sertifikas\u0131\" \/><\/div>\r\n\t\t\t<div class=\"content-inner\">\r\n\t\t\t\t<h3 class=\"title\">BRC G\u0131da G\u00fcvenli\u011fi Sertifikas\u0131<\/h3>\t\t\t<\/div>\r\n\t\t\t\r\n\t\t\t\r\n\t\t\r\n\t<\/div>  \t\r\n\t\t\t  <a href=\"osmanakca.com.tr\/certificates\/BRC-Certificate-Manisa.pdf\" class=\"link-overlay\" target=\"_blank\">\r\n\t\t\t \t\t  <\/a>\r\n\t\t  <\/div><\/div><div class=\"swiper-slide\">\r\n<div class=\"icon-box-item elementor-repeater-item-b88b08f\">\r\n\t<div class=\"icon-box-content\">\r\n\r\n\t\t\t\t\t\r\n\t\t\t<div class=\"box-icon\"><img decoding=\"async\" src=\"https:\/\/osmanakca.com.tr\/wp-content\/uploads\/2024\/06\/kosher-.png\" alt=\"Star K-Kosher Sertifikas\u0131\" \/><\/div>\r\n\t\t\t<div class=\"content-inner\">\r\n\t\t\t\t<h3 class=\"title\">Star K-Kosher Sertifikas\u0131<\/h3>\t\t\t<\/div>\r\n\t\t\t\r\n\t\t\t\r\n\t\t\r\n\t<\/div>  \t\r\n\t\t\t  <a href=\"https:\/\/osmanakca.com.tr\/certificates\/Kosher-Certificate-Manisa.pdf\" class=\"link-overlay\" target=\"_blank\">\r\n\t\t\t \t\t  <\/a>\r\n\t\t  <\/div><\/div>         <\/div>\r\n      <\/div>\r\n   <\/div>   \r\n   <div class=\"swiper-pagination\"><\/div>   <div class=\"swiper-nav-next\"><\/div><div class=\"swiper-nav-prev\"><\/div><\/div>\r\n<\/div>\t\t\t\t<\/div>\n\t\t\t\t<\/div>\n\t\t\t\t<div class=\"elementor-element elementor-element-7312371 elementor-widget elementor-widget-gva-video-box\" data-id=\"7312371\" data-element_type=\"widget\" data-e-type=\"widget\" data-widget_type=\"gva-video-box.default\">\n\t\t\t\t<div class=\"elementor-widget-container\">\n\t\t\t\t\t<div class=\"gva-element-gva-video-box gva-element\">\r\n         <div class=\"widget gsc-video-box clearfix style-1\">\r\n         <div class=\"video-inner\">\r\n                           <div class=\"video-image\">\r\n                  <a href=\"https:\/\/www.youtube.com\/watch?v=acv9vehYlFg\" class=\"popup-video\">\r\n                     <img decoding=\"async\" src=\"https:\/\/osmanakca.com.tr\/wp-content\/uploads\/2024\/06\/video-image.jpg\" alt=\"\"\/>\r\n                  <\/a>   \r\n               <\/div>\r\n               \r\n\r\n            <div class=\"video-content\">\r\n               <div class=\"video-action\">\r\n                                       <a href=\"https:\/\/www.youtube.com\/watch?v=acv9vehYlFg\" class=\"popup-video\"><span><i class=\"fa fa-play\"><\/i><\/span><\/a>\r\n                    \r\n               <\/div>   \r\n            <\/div>    \r\n         <\/div>\r\n      <\/div> \r\n   \r\n   \r\n \r\n \r\n<\/div>\t\t\t\t<\/div>\n\t\t\t\t<\/div>\n\t\t\t\t\t<\/div>\n\t\t<\/div>\n\t\t\t\t\t<\/div>\n\t\t<\/section>\n\t\t\t\t<\/div>\n\t\t","protected":false},"excerpt":{"rendered":"<p>Kalite Politikas\u0131 ve Sertifikalar Kalite Politikas\u0131 Kuru meyve sekt\u00f6r\u00fcnde faaliyetlerini y\u00fcr\u00fcten bir \u015firket olarak politikam\u0131z her zaman sa\u011fl\u0131kl\u0131, y\u00fcksek kaliteli ve s\u00fcrd\u00fcr\u00fclebilir \u00fcr\u00fcnler \u00fcretmektir. Kendimizi m\u00fc\u015fteri memnuniyetini sa\u011flamaya, \u00e7al\u0131\u015fanlar\u0131m\u0131z aras\u0131nda kalite ve g\u0131da g\u00fcvenli\u011fi k\u00fclt\u00fcr\u00fcn\u00fc yerle\u015ftirdi\u011fimize emin olmaya adad\u0131k. S\u00fcrekli iyile\u015ftirme felsefemizin yan\u0131 s\u0131ra, kendimizi, kalite ve g\u0131da g\u00fcvenli\u011fi y\u00f6netim sistemleri, sosyal sorumluluk, i\u015f sa\u011fl\u0131\u011f\u0131 ve g\u00fcvenli\u011fi standartlar\u0131 ve yasal gereklilikerini y\u00f6netim sistemlerimize efektif olarak uygulamaya adad\u0131k. Kalite Sertifikalar\u0131m\u0131z Ecocert Organik Sertifikas\u0131 Organik Sertifikas\u0131 BRC G\u0131da G\u00fcvenli\u011fi Sertifikas\u0131 Star K-Kosher Sertifikas\u0131<\/p>\n","protected":false},"author":1,"featured_media":0,"parent":0,"menu_order":0,"comment_status":"closed","ping_status":"closed","template":"","meta":{"footnotes":""},"class_list":["post-3867","page","type-page","status-publish","hentry"],"_links":{"self":[{"href":"https:\/\/osmanakca.com.tr\/tr\/wp-json\/wp\/v2\/pages\/3867","targetHints":{"allow":["GET"]}}],"collection":[{"href":"https:\/\/osmanakca.com.tr\/tr\/wp-json\/wp\/v2\/pages"}],"about":[{"href":"https:\/\/osmanakca.com.tr\/tr\/wp-json\/wp\/v2\/types\/page"}],"author":[{"embeddable":true,"href":"https:\/\/osmanakca.com.tr\/tr\/wp-json\/wp\/v2\/users\/1"}],"replies":[{"embeddable":true,"href":"https:\/\/osmanakca.com.tr\/tr\/wp-json\/wp\/v2\/comments?post=3867"}],"version-history":[{"count":5,"href":"https:\/\/osmanakca.com.tr\/tr\/wp-json\/wp\/v2\/pages\/3867\/revisions"}],"predecessor-version":[{"id":3957,"href":"https:\/\/osmanakca.com.tr\/tr\/wp-json\/wp\/v2\/pages\/3867\/revisions\/3957"}],"wp:attachment":[{"href":"https:\/\/osmanakca.com.tr\/tr\/wp-json\/wp\/v2\/media?parent=3867"}],"curies":[{"name":"wp","href":"https:\/\/api.w.org\/{rel}","templated":true}]}}