{"id":3862,"date":"2024-07-15T23:48:47","date_gmt":"2024-07-15T20:48:47","guid":{"rendered":"https:\/\/osmanakca.com.tr\/saglikli-atistirmaliklar\/"},"modified":"2024-11-01T22:12:41","modified_gmt":"2024-11-01T19:12:41","slug":"saglikli-atistirmaliklar","status":"publish","type":"page","link":"https:\/\/osmanakca.com.tr\/tr\/saglikli-atistirmaliklar\/","title":{"rendered":"Sa\u011fl\u0131kl\u0131 At\u0131\u015ft\u0131rmal\u0131klar"},"content":{"rendered":"\t\t<div data-elementor-type=\"wp-page\" data-elementor-id=\"3862\" class=\"elementor elementor-3862 elementor-2586\">\n\t\t\t\t\t\t<section class=\"elementor-section elementor-top-section elementor-element elementor-element-8f13f7e elementor-section-full_width elementor-section-height-default elementor-section-height-default shape-bg-top-no shape-bg-bottom-no wpr-particle-no wpr-jarallax-no wpr-parallax-no wpr-sticky-section-no\" data-id=\"8f13f7e\" data-element_type=\"section\" data-e-type=\"section\">\n\t\t\t\t\t\t<div class=\"elementor-container elementor-column-gap-default\">\n\t\t\t\t\t<div class=\"elementor-column elementor-col-100 elementor-top-column elementor-element elementor-element-8cb9b38\" data-id=\"8cb9b38\" data-element_type=\"column\" data-e-type=\"column\">\n\t\t\t<div class=\"elementor-widget-wrap elementor-element-populated\">\n\t\t\t\t\t\t<div class=\"elementor-element elementor-element-a1f7974 text-background elementor-widget elementor-widget-heading\" data-id=\"a1f7974\" data-element_type=\"widget\" data-e-type=\"widget\" data-widget_type=\"heading.default\">\n\t\t\t\t<div class=\"elementor-widget-container\">\n\t\t\t\t\t<h2 class=\"elementor-heading-title elementor-size-default\">Sa\u011fl\u0131kl\u0131<br> At\u0131\u015ft\u0131rmal\u0131klar<\/h2>\t\t\t\t<\/div>\n\t\t\t\t<\/div>\n\t\t\t\t\t<\/div>\n\t\t<\/div>\n\t\t\t\t\t<\/div>\n\t\t<\/section>\n\t\t\t\t<section class=\"elementor-section elementor-top-section elementor-element elementor-element-a2abf68 elementor-section-boxed elementor-section-height-default elementor-section-height-default shape-bg-top-no wpr-particle-no wpr-jarallax-no wpr-parallax-no wpr-sticky-section-no\" data-id=\"a2abf68\" data-element_type=\"section\" data-e-type=\"section\" data-settings=\"{&quot;background_background&quot;:&quot;classic&quot;}\">\n\t\t\t\t\t\t\t<div class=\"elementor-background-overlay\"><\/div>\n\t\t\t\t\t\t\t<div class=\"elementor-container elementor-column-gap-default\">\n\t\t\t\t\t<div class=\"elementor-column elementor-col-100 elementor-top-column elementor-element elementor-element-07e38b2\" data-id=\"07e38b2\" data-element_type=\"column\" data-e-type=\"column\">\n\t\t\t<div class=\"elementor-widget-wrap\">\n\t\t\t\t\t\t\t<\/div>\n\t\t<\/div>\n\t\t\t\t\t<\/div>\n\t\t<\/section>\n\t\t\t\t<section class=\"elementor-section elementor-top-section elementor-element elementor-element-3c57bd1 elementor-section-boxed elementor-section-height-default elementor-section-height-default shape-bg-top-no shape-bg-bottom-no wpr-particle-no wpr-jarallax-no wpr-parallax-no wpr-sticky-section-no\" data-id=\"3c57bd1\" data-element_type=\"section\" data-e-type=\"section\" data-settings=\"{&quot;background_background&quot;:&quot;classic&quot;}\">\n\t\t\t\t\t\t<div class=\"elementor-container elementor-column-gap-default\">\n\t\t\t\t\t<div class=\"elementor-column elementor-col-100 elementor-top-column elementor-element elementor-element-81f725d\" data-id=\"81f725d\" data-element_type=\"column\" data-e-type=\"column\">\n\t\t\t<div class=\"elementor-widget-wrap elementor-element-populated\">\n\t\t\t\t\t\t<div class=\"elementor-element elementor-element-705895b elementor-widget__width-initial elementor-widget elementor-widget-image\" data-id=\"705895b\" data-element_type=\"widget\" data-e-type=\"widget\" data-widget_type=\"image.default\">\n\t\t\t\t<div class=\"elementor-widget-container\">\n\t\t\t\t\t\t\t\t\t\t\t\t\t\t\t<img fetchpriority=\"high\" decoding=\"async\" width=\"289\" height=\"294\" src=\"https:\/\/osmanakca.com.tr\/wp-content\/uploads\/2024\/07\/image001.png\" class=\"attachment-large size-large wp-image-2716\" alt=\"\" \/>\t\t\t\t\t\t\t\t\t\t\t\t\t\t\t<\/div>\n\t\t\t\t<\/div>\n\t\t\t\t<div class=\"elementor-element elementor-element-5e6007c elementor-widget elementor-widget-heading\" data-id=\"5e6007c\" data-element_type=\"widget\" data-e-type=\"widget\" data-widget_type=\"heading.default\">\n\t\t\t\t<div class=\"elementor-widget-container\">\n\t\t\t\t\t<h2 class=\"elementor-heading-title elementor-size-default\"><br>Sa\u011fl\u0131kl\u0131 at\u0131\u015ft\u0131rmal\u0131klar hayat\u0131m\u0131zda giderek daha \u00f6nemli bir hale geliyor. \u00d6d\u00fcll\u00fc \u00fcr\u00fcn\u00fcm\u00fcz\u00fc hem \u00f6zel markalara hem de kendi markam\u0131z\u0131n ad\u0131 alt\u0131nda d\u00fcnyada \u00f6nde gelen markalara tedarik etmekten mutluluk duyuyoruz. <br><\/h2>\t\t\t\t<\/div>\n\t\t\t\t<\/div>\n\t\t\t\t<div class=\"elementor-element elementor-element-930cd29 elementor-widget elementor-widget-text-editor\" data-id=\"930cd29\" data-element_type=\"widget\" data-e-type=\"widget\" data-widget_type=\"text-editor.default\">\n\t\t\t\t<div class=\"elementor-widget-container\">\n\t\t\t\t\t\t\t\t\t<p style=\"text-align: center;\">\u00dcr\u00fcn\u00fcm\u00fcz\u00fc sa\u011fl\u0131kl\u0131 at\u0131\u015ft\u0131rmal\u0131klar kategorisinde PLMA \u00f6d\u00fcl\u00fc kazanm\u0131\u015f ve de\u011ferlendirmede \u015fu yorumlar yap\u0131lm\u0131\u015ft\u0131r.<\/p><hr \/><p><span style=\"color: #800000;\"><strong>&#8211; G\u00fczel tat<\/strong><\/span><br \/><span style=\"color: #800000;\"><strong>&#8211; \u015eeffaf ambalaj<\/strong><\/span><br \/><span style=\"color: #800000;\"><strong>&#8211; G\u00f6r\u00fcn\u00fcr \u00fcr\u00fcn<\/strong><\/span><br \/><span style=\"color: #800000;\"><strong>&#8211; Tatl\u0131\/ek\u015fi dengesi<\/strong><\/span><br \/><span style=\"color: #800000;\"><strong>&#8211; \u00c7ok iyi bir \u00fcr\u00fcn<\/strong><\/span><\/p>\t\t\t\t\t\t\t\t<\/div>\n\t\t\t\t<\/div>\n\t\t\t\t\t<\/div>\n\t\t<\/div>\n\t\t\t\t\t<\/div>\n\t\t<\/section>\n\t\t\t\t<section class=\"elementor-section elementor-top-section elementor-element elementor-element-044effb elementor-section-boxed elementor-section-height-default elementor-section-height-default shape-bg-top-no shape-bg-bottom-no wpr-particle-no wpr-jarallax-no wpr-parallax-no wpr-sticky-section-no\" data-id=\"044effb\" data-element_type=\"section\" data-e-type=\"section\">\n\t\t\t\t\t\t<div class=\"elementor-container elementor-column-gap-default\">\n\t\t\t\t\t<div class=\"elementor-column elementor-col-100 elementor-top-column elementor-element elementor-element-085647d\" data-id=\"085647d\" data-element_type=\"column\" data-e-type=\"column\">\n\t\t\t<div class=\"elementor-widget-wrap elementor-element-populated\">\n\t\t\t\t\t\t<div class=\"elementor-element elementor-element-98dbed2 elementor-widget elementor-widget-image\" data-id=\"98dbed2\" data-element_type=\"widget\" data-e-type=\"widget\" data-widget_type=\"image.default\">\n\t\t\t\t<div class=\"elementor-widget-container\">\n\t\t\t\t\t\t\t\t\t\t\t\t\t\t\t<img decoding=\"async\" src=\"https:\/\/osmanakca.com.tr\/wp-content\/uploads\/2024\/07\/healty-snacks-icon.png\" title=\"healty-snacks-icon\" alt=\"healty-snacks-icon\" loading=\"lazy\" \/>\t\t\t\t\t\t\t\t\t\t\t\t\t\t\t<\/div>\n\t\t\t\t<\/div>\n\t\t\t\t<div class=\"elementor-element elementor-element-c8a74cb elementor-widget elementor-widget-heading\" data-id=\"c8a74cb\" data-element_type=\"widget\" data-e-type=\"widget\" data-widget_type=\"heading.default\">\n\t\t\t\t<div class=\"elementor-widget-container\">\n\t\t\t\t\t<h2 class=\"elementor-heading-title elementor-size-default\">Toplar ve barlar &amp; Konfit &amp; Farkl\u0131 Lezzet ve Kaplama ile \u00d6zel Yap\u0131lm\u0131\u015f \u00c7e\u015fitler<\/h2>\t\t\t\t<\/div>\n\t\t\t\t<\/div>\n\t\t\t\t<div class=\"elementor-element elementor-element-dafd5fe elementor-widget elementor-widget-heading\" data-id=\"dafd5fe\" data-element_type=\"widget\" data-e-type=\"widget\" data-widget_type=\"heading.default\">\n\t\t\t\t<div class=\"elementor-widget-container\">\n\t\t\t\t\t<h2 class=\"elementor-heading-title elementor-size-default\">Kay\u0131s\u0131, \u0130ncir ve Hurmalar istenilen aroma ve kaplamaya g\u00f6re kar\u0131\u015f\u0131r.<\/h2>\t\t\t\t<\/div>\n\t\t\t\t<\/div>\n\t\t\t\t<div class=\"elementor-element elementor-element-fd77a12 elementor-widget elementor-widget-image\" data-id=\"fd77a12\" data-element_type=\"widget\" data-e-type=\"widget\" data-widget_type=\"image.default\">\n\t\t\t\t<div class=\"elementor-widget-container\">\n\t\t\t\t\t\t\t\t\t\t\t\t\t\t\t<img decoding=\"async\" src=\"https:\/\/osmanakca.com.tr\/wp-content\/uploads\/2024\/07\/healty-snacks-box-variations.png\" title=\"healty-snacks-box-variations\" alt=\"healty-snacks-box-variations\" loading=\"lazy\" \/>\t\t\t\t\t\t\t\t\t\t\t\t\t\t\t<\/div>\n\t\t\t\t<\/div>\n\t\t\t\t<div class=\"elementor-element elementor-element-66a8cf4 elementor-widget elementor-widget-image\" data-id=\"66a8cf4\" data-element_type=\"widget\" data-e-type=\"widget\" data-widget_type=\"image.default\">\n\t\t\t\t<div class=\"elementor-widget-container\">\n\t\t\t\t\t\t\t\t\t\t\t\t\t\t\t<img decoding=\"async\" width=\"2240\" height=\"400\" src=\"https:\/\/osmanakca.com.tr\/wp-content\/uploads\/2024\/07\/healty-snacks-packaging-variations.png\" class=\"attachment-full size-full wp-image-2592\" alt=\"\" srcset=\"https:\/\/osmanakca.com.tr\/wp-content\/uploads\/2024\/07\/healty-snacks-packaging-variations.png 2240w, https:\/\/osmanakca.com.tr\/wp-content\/uploads\/2024\/07\/healty-snacks-packaging-variations-1024x183.png 1024w, https:\/\/osmanakca.com.tr\/wp-content\/uploads\/2024\/07\/healty-snacks-packaging-variations-768x137.png 768w\" sizes=\"(max-width: 2240px) 100vw, 2240px\" \/>\t\t\t\t\t\t\t\t\t\t\t\t\t\t\t<\/div>\n\t\t\t\t<\/div>\n\t\t\t\t<div class=\"elementor-element elementor-element-2a24fd6 elementor-widget elementor-widget-heading\" data-id=\"2a24fd6\" data-element_type=\"widget\" data-e-type=\"widget\" data-widget_type=\"heading.default\">\n\t\t\t\t<div class=\"elementor-widget-container\">\n\t\t\t\t\t<h2 class=\"elementor-heading-title elementor-size-default\">25 gr \/ 1 kg aras\u0131 perakende \u00fcr\u00fcnler istenilen ambalajda \u00fcretilebilmektedir.<\/h2>\t\t\t\t<\/div>\n\t\t\t\t<\/div>\n\t\t\t\t\t<\/div>\n\t\t<\/div>\n\t\t\t\t\t<\/div>\n\t\t<\/section>\n\t\t\t\t<\/div>\n\t\t","protected":false},"excerpt":{"rendered":"<p>Sa\u011fl\u0131kl\u0131 At\u0131\u015ft\u0131rmal\u0131klar Sa\u011fl\u0131kl\u0131 at\u0131\u015ft\u0131rmal\u0131klar hayat\u0131m\u0131zda giderek daha \u00f6nemli bir hale geliyor. \u00d6d\u00fcll\u00fc \u00fcr\u00fcn\u00fcm\u00fcz\u00fc hem \u00f6zel markalara hem de kendi markam\u0131z\u0131n ad\u0131 alt\u0131nda d\u00fcnyada \u00f6nde gelen markalara tedarik etmekten mutluluk duyuyoruz. \u00dcr\u00fcn\u00fcm\u00fcz\u00fc sa\u011fl\u0131kl\u0131 at\u0131\u015ft\u0131rmal\u0131klar kategorisinde PLMA \u00f6d\u00fcl\u00fc kazanm\u0131\u015f ve de\u011ferlendirmede \u015fu yorumlar yap\u0131lm\u0131\u015ft\u0131r. &#8211; G\u00fczel tat &#8211; \u015eeffaf ambalaj &#8211; G\u00f6r\u00fcn\u00fcr \u00fcr\u00fcn &#8211; Tatl\u0131\/ek\u015fi dengesi &#8211; \u00c7ok iyi bir \u00fcr\u00fcn Toplar ve barlar &amp; Konfit &amp; Farkl\u0131 Lezzet ve Kaplama ile \u00d6zel Yap\u0131lm\u0131\u015f \u00c7e\u015fitler Kay\u0131s\u0131, \u0130ncir ve Hurmalar istenilen aroma ve kaplamaya g\u00f6re kar\u0131\u015f\u0131r. 25 gr \/ 1 kg aras\u0131 perakende \u00fcr\u00fcnler istenilen ambalajda \u00fcretilebilmektedir.<\/p>\n","protected":false},"author":1,"featured_media":0,"parent":0,"menu_order":0,"comment_status":"closed","ping_status":"closed","template":"","meta":{"footnotes":""},"class_list":["post-3862","page","type-page","status-publish","hentry"],"_links":{"self":[{"href":"https:\/\/osmanakca.com.tr\/tr\/wp-json\/wp\/v2\/pages\/3862","targetHints":{"allow":["GET"]}}],"collection":[{"href":"https:\/\/osmanakca.com.tr\/tr\/wp-json\/wp\/v2\/pages"}],"about":[{"href":"https:\/\/osmanakca.com.tr\/tr\/wp-json\/wp\/v2\/types\/page"}],"author":[{"embeddable":true,"href":"https:\/\/osmanakca.com.tr\/tr\/wp-json\/wp\/v2\/users\/1"}],"replies":[{"embeddable":true,"href":"https:\/\/osmanakca.com.tr\/tr\/wp-json\/wp\/v2\/comments?post=3862"}],"version-history":[{"count":5,"href":"https:\/\/osmanakca.com.tr\/tr\/wp-json\/wp\/v2\/pages\/3862\/revisions"}],"predecessor-version":[{"id":3953,"href":"https:\/\/osmanakca.com.tr\/tr\/wp-json\/wp\/v2\/pages\/3862\/revisions\/3953"}],"wp:attachment":[{"href":"https:\/\/osmanakca.com.tr\/tr\/wp-json\/wp\/v2\/media?parent=3862"}],"curies":[{"name":"wp","href":"https:\/\/api.w.org\/{rel}","templated":true}]}}