{"id":3852,"date":"2024-05-12T12:24:40","date_gmt":"2024-05-12T09:24:40","guid":{"rendered":"https:\/\/osmanakca.com.tr\/hurma\/"},"modified":"2024-11-01T22:12:00","modified_gmt":"2024-11-01T19:12:00","slug":"hurma","status":"publish","type":"page","link":"https:\/\/osmanakca.com.tr\/tr\/hurma\/","title":{"rendered":"Hurma"},"content":{"rendered":"\t\t<div data-elementor-type=\"wp-page\" data-elementor-id=\"3852\" class=\"elementor elementor-3852 elementor-1770\">\n\t\t\t\t\t\t<section class=\"elementor-section elementor-top-section elementor-element elementor-element-8f13f7e elementor-section-full_width elementor-section-height-default elementor-section-height-default shape-bg-top-no shape-bg-bottom-no wpr-particle-no wpr-jarallax-no wpr-parallax-no wpr-sticky-section-no\" data-id=\"8f13f7e\" data-element_type=\"section\" data-e-type=\"section\">\n\t\t\t\t\t\t<div class=\"elementor-container elementor-column-gap-default\">\n\t\t\t\t\t<div class=\"elementor-column elementor-col-100 elementor-top-column elementor-element elementor-element-8cb9b38\" data-id=\"8cb9b38\" data-element_type=\"column\" data-e-type=\"column\">\n\t\t\t<div class=\"elementor-widget-wrap elementor-element-populated\">\n\t\t\t\t\t\t<div class=\"elementor-element elementor-element-a1f7974 text-background elementor-widget elementor-widget-heading\" data-id=\"a1f7974\" data-element_type=\"widget\" data-e-type=\"widget\" data-widget_type=\"heading.default\">\n\t\t\t\t<div class=\"elementor-widget-container\">\n\t\t\t\t\t<h2 class=\"elementor-heading-title elementor-size-default\">Hurma<\/h2>\t\t\t\t<\/div>\n\t\t\t\t<\/div>\n\t\t\t\t\t<\/div>\n\t\t<\/div>\n\t\t\t\t\t<\/div>\n\t\t<\/section>\n\t\t\t\t<section class=\"elementor-section elementor-top-section elementor-element elementor-element-a2abf68 elementor-section-boxed elementor-section-height-default elementor-section-height-default shape-bg-top-no wpr-particle-no wpr-jarallax-no wpr-parallax-no wpr-sticky-section-no\" data-id=\"a2abf68\" data-element_type=\"section\" data-e-type=\"section\" data-settings=\"{&quot;background_background&quot;:&quot;classic&quot;}\">\n\t\t\t\t\t\t\t<div class=\"elementor-background-overlay\"><\/div>\n\t\t\t\t\t\t\t<div class=\"elementor-container elementor-column-gap-default\">\n\t\t\t\t\t<div class=\"elementor-column elementor-col-100 elementor-top-column elementor-element elementor-element-07e38b2\" data-id=\"07e38b2\" data-element_type=\"column\" data-e-type=\"column\">\n\t\t\t<div class=\"elementor-widget-wrap\">\n\t\t\t\t\t\t\t<\/div>\n\t\t<\/div>\n\t\t\t\t\t<\/div>\n\t\t<\/section>\n\t\t\t\t<section class=\"elementor-section elementor-top-section elementor-element elementor-element-d612900 elementor-section-boxed elementor-section-height-default elementor-section-height-default shape-bg-top-no shape-bg-bottom-no wpr-particle-no wpr-jarallax-no wpr-parallax-no wpr-sticky-section-no\" data-id=\"d612900\" data-element_type=\"section\" data-e-type=\"section\" data-settings=\"{&quot;background_background&quot;:&quot;classic&quot;}\">\n\t\t\t\t\t\t<div class=\"elementor-container elementor-column-gap-default\">\n\t\t\t\t\t<div class=\"elementor-column elementor-col-100 elementor-top-column elementor-element elementor-element-afec7f0\" data-id=\"afec7f0\" data-element_type=\"column\" data-e-type=\"column\">\n\t\t\t<div class=\"elementor-widget-wrap elementor-element-populated\">\n\t\t\t\t\t\t<div class=\"elementor-element elementor-element-cac0e77 elementor-widget elementor-widget-heading\" data-id=\"cac0e77\" data-element_type=\"widget\" data-e-type=\"widget\" data-widget_type=\"heading.default\">\n\t\t\t\t<div class=\"elementor-widget-container\">\n\t\t\t\t\t<h2 class=\"elementor-heading-title elementor-size-default\">Hurma, \u00e7\u00f6l b\u00f6lgelerinin a\u011fac\u0131 olan Hurma A\u011fac\u0131n\u0131n meyvesidir (Phoenix Dactyliferal). Daklet Nur Hurmas\u0131 benzersiz lezzeti, alt\u0131n rengi ve besinsel de\u011feri ile bilinir.\n<\/h2>\t\t\t\t<\/div>\n\t\t\t\t<\/div>\n\t\t\t\t\t<\/div>\n\t\t<\/div>\n\t\t\t\t\t<\/div>\n\t\t<\/section>\n\t\t\t\t<section class=\"elementor-section elementor-top-section elementor-element elementor-element-0235f30 elementor-section-boxed elementor-section-height-default elementor-section-height-default shape-bg-top-no shape-bg-bottom-no wpr-particle-no wpr-jarallax-no wpr-parallax-no wpr-sticky-section-no\" data-id=\"0235f30\" data-element_type=\"section\" data-e-type=\"section\">\n\t\t\t\t\t\t<div class=\"elementor-container elementor-column-gap-default\">\n\t\t\t\t\t<div class=\"elementor-column elementor-col-100 elementor-top-column elementor-element elementor-element-c5a4c2a\" data-id=\"c5a4c2a\" data-element_type=\"column\" data-e-type=\"column\">\n\t\t\t<div class=\"elementor-widget-wrap elementor-element-populated\">\n\t\t\t\t\t\t<div class=\"elementor-element elementor-element-dd84543 elementor-widget elementor-widget-image\" data-id=\"dd84543\" data-element_type=\"widget\" data-e-type=\"widget\" data-widget_type=\"image.default\">\n\t\t\t\t<div class=\"elementor-widget-container\">\n\t\t\t\t\t\t\t\t\t\t\t\t\t\t\t<img decoding=\"async\" src=\"http:\/\/osmanakca.com.tr\/wp-content\/uploads\/elementor\/thumbs\/dates-icon-qr5v2ztuzekd4v1agm1efmh5tj1hn6jwjnxaz0qbfw.png\" title=\"dates-icon\" alt=\"dates-icon\" loading=\"lazy\" \/>\t\t\t\t\t\t\t\t\t\t\t\t\t\t\t<\/div>\n\t\t\t\t<\/div>\n\t\t\t\t<div class=\"elementor-element elementor-element-8e46df8 elementor-widget elementor-widget-image\" data-id=\"8e46df8\" data-element_type=\"widget\" data-e-type=\"widget\" data-widget_type=\"image.default\">\n\t\t\t\t<div class=\"elementor-widget-container\">\n\t\t\t\t\t\t\t\t\t\t\t\t\t\t\t<img decoding=\"async\" src=\"http:\/\/osmanakca.com.tr\/wp-content\/uploads\/elementor\/thumbs\/dates-packaging-kg-qr5v31pmocx2kuh0zr1utgqlz4h4255409ytm5nq08.png\" title=\"dates-packaging-kg\" alt=\"dates-packaging-kg\" loading=\"lazy\" \/>\t\t\t\t\t\t\t\t\t\t\t\t\t\t\t<\/div>\n\t\t\t\t<\/div>\n\t\t\t\t<div class=\"elementor-element elementor-element-7785059 elementor-widget elementor-widget-image\" data-id=\"7785059\" data-element_type=\"widget\" data-e-type=\"widget\" data-widget_type=\"image.default\">\n\t\t\t\t<div class=\"elementor-widget-container\">\n\t\t\t\t\t\t\t\t\t\t\t\t\t\t\t<img decoding=\"async\" src=\"http:\/\/osmanakca.com.tr\/wp-content\/uploads\/elementor\/thumbs\/dates-box-kg-qr5v2yw3hxenboxfwcsznerqn1wflzbfo5yp9ir5oy.png\" title=\"dates-box-kg\" alt=\"dates-box-kg\" loading=\"lazy\" \/>\t\t\t\t\t\t\t\t\t\t\t\t\t\t\t<\/div>\n\t\t\t\t<\/div>\n\t\t\t\t<div class=\"elementor-element elementor-element-9d87e0c elementor-widget elementor-widget-image\" data-id=\"9d87e0c\" data-element_type=\"widget\" data-e-type=\"widget\" data-widget_type=\"image.default\">\n\t\t\t\t<div class=\"elementor-widget-container\">\n\t\t\t\t\t\t\t\t\t\t\t\t\t\t\t<img fetchpriority=\"high\" decoding=\"async\" width=\"2240\" height=\"400\" src=\"http:\/\/osmanakca.com.tr\/wp-content\/uploads\/2024\/07\/dates-packaging-variations.png\" class=\"attachment-full size-full wp-image-2561\" alt=\"\" srcset=\"http:\/\/osmanakca.com.tr\/wp-content\/uploads\/2024\/07\/dates-packaging-variations.png 2240w, http:\/\/osmanakca.com.tr\/wp-content\/uploads\/2024\/07\/dates-packaging-variations-1024x183.png 1024w, http:\/\/osmanakca.com.tr\/wp-content\/uploads\/2024\/07\/dates-packaging-variations-768x137.png 768w\" sizes=\"(max-width: 2240px) 100vw, 2240px\" \/>\t\t\t\t\t\t\t\t\t\t\t\t\t\t\t<\/div>\n\t\t\t\t<\/div>\n\t\t\t\t<div class=\"elementor-element elementor-element-776ab53 elementor-widget elementor-widget-heading\" data-id=\"776ab53\" data-element_type=\"widget\" data-e-type=\"widget\" data-widget_type=\"heading.default\">\n\t\t\t\t<div class=\"elementor-widget-container\">\n\t\t\t\t\t<h2 class=\"elementor-heading-title elementor-size-default\">50 gr \/ 1 kg aras\u0131 perakende \u00fcr\u00fcnler istenilen ambalajda \u00fcretilebilmektedir.<\/h2>\t\t\t\t<\/div>\n\t\t\t\t<\/div>\n\t\t\t\t\t<\/div>\n\t\t<\/div>\n\t\t\t\t\t<\/div>\n\t\t<\/section>\n\t\t\t\t<\/div>\n\t\t","protected":false},"excerpt":{"rendered":"<p>Hurma Hurma, \u00e7\u00f6l b\u00f6lgelerinin a\u011fac\u0131 olan Hurma A\u011fac\u0131n\u0131n meyvesidir (Phoenix Dactyliferal). Daklet Nur Hurmas\u0131 benzersiz lezzeti, alt\u0131n rengi ve besinsel de\u011feri ile bilinir. 50 gr \/ 1 kg aras\u0131 perakende \u00fcr\u00fcnler istenilen ambalajda \u00fcretilebilmektedir.<\/p>\n","protected":false},"author":1,"featured_media":0,"parent":0,"menu_order":0,"comment_status":"closed","ping_status":"closed","template":"","meta":{"footnotes":""},"class_list":["post-3852","page","type-page","status-publish","hentry"],"_links":{"self":[{"href":"https:\/\/osmanakca.com.tr\/tr\/wp-json\/wp\/v2\/pages\/3852","targetHints":{"allow":["GET"]}}],"collection":[{"href":"https:\/\/osmanakca.com.tr\/tr\/wp-json\/wp\/v2\/pages"}],"about":[{"href":"https:\/\/osmanakca.com.tr\/tr\/wp-json\/wp\/v2\/types\/page"}],"author":[{"embeddable":true,"href":"https:\/\/osmanakca.com.tr\/tr\/wp-json\/wp\/v2\/users\/1"}],"replies":[{"embeddable":true,"href":"https:\/\/osmanakca.com.tr\/tr\/wp-json\/wp\/v2\/comments?post=3852"}],"version-history":[{"count":5,"href":"https:\/\/osmanakca.com.tr\/tr\/wp-json\/wp\/v2\/pages\/3852\/revisions"}],"predecessor-version":[{"id":3951,"href":"https:\/\/osmanakca.com.tr\/tr\/wp-json\/wp\/v2\/pages\/3852\/revisions\/3951"}],"wp:attachment":[{"href":"https:\/\/osmanakca.com.tr\/tr\/wp-json\/wp\/v2\/media?parent=3852"}],"curies":[{"name":"wp","href":"https:\/\/api.w.org\/{rel}","templated":true}]}}