{"id":3842,"date":"2024-05-12T12:09:27","date_gmt":"2024-05-12T09:09:27","guid":{"rendered":"https:\/\/osmanakca.com.tr\/kuru-kayisi\/"},"modified":"2024-11-08T20:25:04","modified_gmt":"2024-11-08T17:25:04","slug":"kuru-kayisi","status":"publish","type":"page","link":"https:\/\/osmanakca.com.tr\/tr\/kuru-kayisi\/","title":{"rendered":"Kuru Kay\u0131s\u0131"},"content":{"rendered":"\t\t<div data-elementor-type=\"wp-page\" data-elementor-id=\"3842\" class=\"elementor elementor-3842 elementor-1756\">\n\t\t\t\t\t\t<section class=\"elementor-section elementor-top-section elementor-element elementor-element-8f13f7e elementor-section-full_width elementor-section-height-default elementor-section-height-default shape-bg-top-no shape-bg-bottom-no wpr-particle-no wpr-jarallax-no wpr-parallax-no wpr-sticky-section-no\" data-id=\"8f13f7e\" data-element_type=\"section\" data-e-type=\"section\">\n\t\t\t\t\t\t<div class=\"elementor-container elementor-column-gap-default\">\n\t\t\t\t\t<div class=\"elementor-column elementor-col-100 elementor-top-column elementor-element elementor-element-8cb9b38\" data-id=\"8cb9b38\" data-element_type=\"column\" data-e-type=\"column\">\n\t\t\t<div class=\"elementor-widget-wrap elementor-element-populated\">\n\t\t\t\t\t\t<div class=\"elementor-element elementor-element-a1f7974 text-background elementor-widget elementor-widget-heading\" data-id=\"a1f7974\" data-element_type=\"widget\" data-e-type=\"widget\" data-widget_type=\"heading.default\">\n\t\t\t\t<div class=\"elementor-widget-container\">\n\t\t\t\t\t<h2 class=\"elementor-heading-title elementor-size-default\">Kuru Kay\u0131s\u0131<\/h2>\t\t\t\t<\/div>\n\t\t\t\t<\/div>\n\t\t\t\t\t<\/div>\n\t\t<\/div>\n\t\t\t\t\t<\/div>\n\t\t<\/section>\n\t\t\t\t<section class=\"elementor-section elementor-top-section elementor-element elementor-element-a2abf68 elementor-section-boxed elementor-section-height-default elementor-section-height-default shape-bg-top-no wpr-particle-no wpr-jarallax-no wpr-parallax-no wpr-sticky-section-no\" data-id=\"a2abf68\" data-element_type=\"section\" data-e-type=\"section\" data-settings=\"{&quot;background_background&quot;:&quot;classic&quot;}\">\n\t\t\t\t\t\t\t<div class=\"elementor-background-overlay\"><\/div>\n\t\t\t\t\t\t\t<div class=\"elementor-container elementor-column-gap-default\">\n\t\t\t\t\t<div class=\"elementor-column elementor-col-100 elementor-top-column elementor-element elementor-element-07e38b2\" data-id=\"07e38b2\" data-element_type=\"column\" data-e-type=\"column\">\n\t\t\t<div class=\"elementor-widget-wrap\">\n\t\t\t\t\t\t\t<\/div>\n\t\t<\/div>\n\t\t\t\t\t<\/div>\n\t\t<\/section>\n\t\t\t\t<section class=\"elementor-section elementor-top-section elementor-element elementor-element-d612900 elementor-section-boxed elementor-section-height-default elementor-section-height-default shape-bg-top-no shape-bg-bottom-no wpr-particle-no wpr-jarallax-no wpr-parallax-no wpr-sticky-section-no\" data-id=\"d612900\" data-element_type=\"section\" data-e-type=\"section\" data-settings=\"{&quot;background_background&quot;:&quot;classic&quot;}\">\n\t\t\t\t\t\t<div class=\"elementor-container elementor-column-gap-default\">\n\t\t\t\t\t<div class=\"elementor-column elementor-col-100 elementor-top-column elementor-element elementor-element-afec7f0\" data-id=\"afec7f0\" data-element_type=\"column\" data-e-type=\"column\">\n\t\t\t<div class=\"elementor-widget-wrap elementor-element-populated\">\n\t\t\t\t\t\t<div class=\"elementor-element elementor-element-cac0e77 elementor-widget elementor-widget-heading\" data-id=\"cac0e77\" data-element_type=\"widget\" data-e-type=\"widget\" data-widget_type=\"heading.default\">\n\t\t\t\t<div class=\"elementor-widget-container\">\n\t\t\t\t\t<h2 class=\"elementor-heading-title elementor-size-default\">Kay\u0131s\u0131 (Prunus Armeniaca L.) a\u011fa\u00e7lar\u0131 esasen Malatya ve \u00e7evresinde yeti\u015fir. T\u00fcrkiye \u00e7ekirdeksiz kay\u0131s\u0131n\u0131n en b\u00fcy\u00fck yeti\u015ftiricisi ve ihracat\u00e7\u0131s\u0131d\u0131r.<\/h2>\t\t\t\t<\/div>\n\t\t\t\t<\/div>\n\t\t\t\t<div class=\"elementor-element elementor-element-777e7ca elementor-widget elementor-widget-text-editor\" data-id=\"777e7ca\" data-element_type=\"widget\" data-e-type=\"widget\" data-widget_type=\"text-editor.default\">\n\t\t\t\t<div class=\"elementor-widget-container\">\n\t\t\t\t\t\t\t\t\t<p>Kay\u0131s\u0131lar a\u011fa\u00e7lar\u0131ndan toplan\u0131r, k\u00fck\u00fcrtlendikten sonra \u00e7ekirdeklerinden ay\u0131r\u0131l\u0131r ve g\u00fcne\u015fte kurutulur. Paketleme tesislerine geldiklerinde kay\u0131s\u0131lar kalibre edilir, y\u0131kan\u0131r, ayr\u0131\u015ft\u0131r\u0131l\u0131r ve paketlenir. Kalibrasyon, resmi TS 485 standard\u0131na g\u00f6re yap\u0131l\u0131r.<\/p><p>Bizim i\u015fleyip ihra\u00e7 etti\u011fimiz \u00fcr\u00fcnler \u015funlard\u0131r;<\/p><p>-\u00c7ekirdeksiz B\u00fct\u00fcn Kay\u0131s\u0131<\/p><p>-Do\u011franm\u0131\u015f Kay\u0131s\u0131<\/p><p>-Yumu\u015fak Kay\u0131s\u0131<\/p><p>Toplu 5 kg\u2019dan ba\u015flayarak 12,5kg\u2019a kadar karton kutularda sunulmaktad\u0131r. Kay\u0131s\u0131lar ayr\u0131ca 25 gramdan ba\u015flayan \u00e7e\u015fitli a\u011f\u0131rl\u0131klarda perakende \u00fcr\u00fcnler, al\u0131c\u0131n\u0131n talebine g\u00f6re ya Osman Ak\u00e7a Markas\u0131 alt\u0131nda ya da \u00f6zel marka ile paketlenir. Ayr\u0131ca bireysel paketleme hizmeti de verilmektedir.<\/p>\t\t\t\t\t\t\t\t<\/div>\n\t\t\t\t<\/div>\n\t\t\t\t\t<\/div>\n\t\t<\/div>\n\t\t\t\t\t<\/div>\n\t\t<\/section>\n\t\t\t\t<section class=\"elementor-section elementor-top-section elementor-element elementor-element-3497277 elementor-section-boxed elementor-section-height-default elementor-section-height-default shape-bg-top-no shape-bg-bottom-no wpr-particle-no wpr-jarallax-no wpr-parallax-no wpr-sticky-section-no\" data-id=\"3497277\" data-element_type=\"section\" data-e-type=\"section\">\n\t\t\t\t\t\t<div class=\"elementor-container elementor-column-gap-default\">\n\t\t\t\t\t<div class=\"elementor-column elementor-col-100 elementor-top-column elementor-element elementor-element-e3e946c\" data-id=\"e3e946c\" data-element_type=\"column\" data-e-type=\"column\">\n\t\t\t<div class=\"elementor-widget-wrap elementor-element-populated\">\n\t\t\t\t\t\t<div class=\"elementor-element elementor-element-91e74f4 elementor-widget elementor-widget-image\" data-id=\"91e74f4\" data-element_type=\"widget\" data-e-type=\"widget\" data-widget_type=\"image.default\">\n\t\t\t\t<div class=\"elementor-widget-container\">\n\t\t\t\t\t\t\t\t\t\t\t\t\t\t\t<img decoding=\"async\" src=\"https:\/\/osmanakca.com.tr\/wp-content\/uploads\/2024\/07\/apricot-icon.png\" title=\"apricot-icon\" alt=\"apricot-icon\" loading=\"lazy\" \/>\t\t\t\t\t\t\t\t\t\t\t\t\t\t\t<\/div>\n\t\t\t\t<\/div>\n\t\t\t\t<div class=\"elementor-element elementor-element-524006f elementor-widget elementor-widget-heading\" data-id=\"524006f\" data-element_type=\"widget\" data-e-type=\"widget\" data-widget_type=\"heading.default\">\n\t\t\t\t<div class=\"elementor-widget-container\">\n\t\t\t\t\t<h2 class=\"elementor-heading-title elementor-size-default\">Do\u011fal &amp; K\u00fck\u00fcrtlenmi\u015f Kay\u0131s\u0131lar<\/h2>\t\t\t\t<\/div>\n\t\t\t\t<\/div>\n\t\t\t\t<div class=\"elementor-element elementor-element-ceaf272 elementor-widget elementor-widget-image\" data-id=\"ceaf272\" data-element_type=\"widget\" data-e-type=\"widget\" data-widget_type=\"image.default\">\n\t\t\t\t<div class=\"elementor-widget-container\">\n\t\t\t\t\t\t\t\t\t\t\t\t\t\t\t<img decoding=\"async\" src=\"https:\/\/osmanakca.com.tr\/wp-content\/uploads\/2024\/07\/apricot-table.png\" title=\"apricot-table\" alt=\"apricot-table\" loading=\"lazy\" \/>\t\t\t\t\t\t\t\t\t\t\t\t\t\t\t<\/div>\n\t\t\t\t<\/div>\n\t\t\t\t<div class=\"elementor-element elementor-element-04a75a6 elementor-widget elementor-widget-image\" data-id=\"04a75a6\" data-element_type=\"widget\" data-e-type=\"widget\" data-widget_type=\"image.default\">\n\t\t\t\t<div class=\"elementor-widget-container\">\n\t\t\t\t\t\t\t\t\t\t\t\t\t\t\t<img decoding=\"async\" src=\"https:\/\/osmanakca.com.tr\/wp-content\/uploads\/2024\/07\/apricot-box-variations.png\" title=\"apricot-box-variations\" alt=\"apricot-box-variations\" loading=\"lazy\" \/>\t\t\t\t\t\t\t\t\t\t\t\t\t\t\t<\/div>\n\t\t\t\t<\/div>\n\t\t\t\t<div class=\"elementor-element elementor-element-5157bf4 elementor-widget elementor-widget-image\" data-id=\"5157bf4\" data-element_type=\"widget\" data-e-type=\"widget\" data-widget_type=\"image.default\">\n\t\t\t\t<div class=\"elementor-widget-container\">\n\t\t\t\t\t\t\t\t\t\t\t\t\t\t\t<img decoding=\"async\" src=\"https:\/\/osmanakca.com.tr\/wp-content\/uploads\/2024\/07\/apricot-box-kg.png\" title=\"apricot-box-kg\" alt=\"apricot-box-kg\" loading=\"lazy\" \/>\t\t\t\t\t\t\t\t\t\t\t\t\t\t\t<\/div>\n\t\t\t\t<\/div>\n\t\t\t\t<div class=\"elementor-element elementor-element-16cf437 elementor-widget elementor-widget-image\" data-id=\"16cf437\" data-element_type=\"widget\" data-e-type=\"widget\" data-widget_type=\"image.default\">\n\t\t\t\t<div class=\"elementor-widget-container\">\n\t\t\t\t\t\t\t\t\t\t\t\t\t\t\t<img fetchpriority=\"high\" decoding=\"async\" width=\"2240\" height=\"400\" src=\"https:\/\/osmanakca.com.tr\/wp-content\/uploads\/2024\/07\/apricot-packaging-variations.png\" class=\"attachment-full size-full wp-image-2523\" alt=\"\" srcset=\"https:\/\/osmanakca.com.tr\/wp-content\/uploads\/2024\/07\/apricot-packaging-variations.png 2240w, https:\/\/osmanakca.com.tr\/wp-content\/uploads\/2024\/07\/apricot-packaging-variations-1024x183.png 1024w, https:\/\/osmanakca.com.tr\/wp-content\/uploads\/2024\/07\/apricot-packaging-variations-768x137.png 768w\" sizes=\"(max-width: 2240px) 100vw, 2240px\" \/>\t\t\t\t\t\t\t\t\t\t\t\t\t\t\t<\/div>\n\t\t\t\t<\/div>\n\t\t\t\t<div class=\"elementor-element elementor-element-7e60fd1 elementor-widget elementor-widget-heading\" data-id=\"7e60fd1\" data-element_type=\"widget\" data-e-type=\"widget\" data-widget_type=\"heading.default\">\n\t\t\t\t<div class=\"elementor-widget-container\">\n\t\t\t\t\t<h2 class=\"elementor-heading-title elementor-size-default\">50 gr \/ 1 kg aras\u0131 perakende \u00fcr\u00fcnler istenilen ambalajda \u00fcretilebilmektedir.<\/h2>\t\t\t\t<\/div>\n\t\t\t\t<\/div>\n\t\t\t\t\t<\/div>\n\t\t<\/div>\n\t\t\t\t\t<\/div>\n\t\t<\/section>\n\t\t\t\t<\/div>\n\t\t","protected":false},"excerpt":{"rendered":"<p>Kuru Kay\u0131s\u0131 Kay\u0131s\u0131 (Prunus Armeniaca L.) a\u011fa\u00e7lar\u0131 esasen Malatya ve \u00e7evresinde yeti\u015fir. T\u00fcrkiye \u00e7ekirdeksiz kay\u0131s\u0131n\u0131n en b\u00fcy\u00fck yeti\u015ftiricisi ve ihracat\u00e7\u0131s\u0131d\u0131r. Kay\u0131s\u0131lar a\u011fa\u00e7lar\u0131ndan toplan\u0131r, k\u00fck\u00fcrtlendikten sonra \u00e7ekirdeklerinden ay\u0131r\u0131l\u0131r ve g\u00fcne\u015fte kurutulur. Paketleme tesislerine geldiklerinde kay\u0131s\u0131lar kalibre edilir, y\u0131kan\u0131r, ayr\u0131\u015ft\u0131r\u0131l\u0131r ve paketlenir. Kalibrasyon, resmi TS 485 standard\u0131na g\u00f6re yap\u0131l\u0131r. Bizim i\u015fleyip ihra\u00e7 etti\u011fimiz \u00fcr\u00fcnler \u015funlard\u0131r; -\u00c7ekirdeksiz B\u00fct\u00fcn Kay\u0131s\u0131 -Do\u011franm\u0131\u015f Kay\u0131s\u0131 -Yumu\u015fak Kay\u0131s\u0131 Toplu 5 kg\u2019dan ba\u015flayarak 12,5kg\u2019a kadar karton kutularda sunulmaktad\u0131r. Kay\u0131s\u0131lar ayr\u0131ca 25 gramdan ba\u015flayan \u00e7e\u015fitli a\u011f\u0131rl\u0131klarda perakende \u00fcr\u00fcnler, al\u0131c\u0131n\u0131n talebine g\u00f6re ya Osman Ak\u00e7a Markas\u0131 alt\u0131nda ya da \u00f6zel marka ile paketlenir. Ayr\u0131ca bireysel paketleme hizmeti de verilmektedir. Do\u011fal &amp; K\u00fck\u00fcrtlenmi\u015f Kay\u0131s\u0131lar 50 gr \/ 1 kg aras\u0131 perakende \u00fcr\u00fcnler istenilen ambalajda \u00fcretilebilmektedir.<\/p>\n","protected":false},"author":1,"featured_media":0,"parent":0,"menu_order":0,"comment_status":"closed","ping_status":"closed","template":"","meta":{"footnotes":""},"class_list":["post-3842","page","type-page","status-publish","hentry"],"_links":{"self":[{"href":"https:\/\/osmanakca.com.tr\/tr\/wp-json\/wp\/v2\/pages\/3842","targetHints":{"allow":["GET"]}}],"collection":[{"href":"https:\/\/osmanakca.com.tr\/tr\/wp-json\/wp\/v2\/pages"}],"about":[{"href":"https:\/\/osmanakca.com.tr\/tr\/wp-json\/wp\/v2\/types\/page"}],"author":[{"embeddable":true,"href":"https:\/\/osmanakca.com.tr\/tr\/wp-json\/wp\/v2\/users\/1"}],"replies":[{"embeddable":true,"href":"https:\/\/osmanakca.com.tr\/tr\/wp-json\/wp\/v2\/comments?post=3842"}],"version-history":[{"count":8,"href":"https:\/\/osmanakca.com.tr\/tr\/wp-json\/wp\/v2\/pages\/3842\/revisions"}],"predecessor-version":[{"id":4120,"href":"https:\/\/osmanakca.com.tr\/tr\/wp-json\/wp\/v2\/pages\/3842\/revisions\/4120"}],"wp:attachment":[{"href":"https:\/\/osmanakca.com.tr\/tr\/wp-json\/wp\/v2\/media?parent=3842"}],"curies":[{"name":"wp","href":"https:\/\/api.w.org\/{rel}","templated":true}]}}