{"id":3832,"date":"2024-05-12T11:44:11","date_gmt":"2024-05-12T08:44:11","guid":{"rendered":"https:\/\/osmanakca.com.tr\/kuru-incir\/"},"modified":"2024-11-08T20:20:06","modified_gmt":"2024-11-08T17:20:06","slug":"kuru-incir","status":"publish","type":"page","link":"https:\/\/osmanakca.com.tr\/tr\/kuru-incir\/","title":{"rendered":"Kuru \u0130ncir"},"content":{"rendered":"\t\t<div data-elementor-type=\"wp-page\" data-elementor-id=\"3832\" class=\"elementor elementor-3832 elementor-1741\">\n\t\t\t\t\t\t<section class=\"elementor-section elementor-top-section elementor-element elementor-element-8f13f7e elementor-section-full_width elementor-section-height-default elementor-section-height-default shape-bg-top-no shape-bg-bottom-no wpr-particle-no wpr-jarallax-no wpr-parallax-no wpr-sticky-section-no\" data-id=\"8f13f7e\" data-element_type=\"section\" data-e-type=\"section\">\n\t\t\t\t\t\t<div class=\"elementor-container elementor-column-gap-default\">\n\t\t\t\t\t<div class=\"elementor-column elementor-col-100 elementor-top-column elementor-element elementor-element-8cb9b38\" data-id=\"8cb9b38\" data-element_type=\"column\" data-e-type=\"column\">\n\t\t\t<div class=\"elementor-widget-wrap elementor-element-populated\">\n\t\t\t\t\t\t<div class=\"elementor-element elementor-element-a1f7974 text-background elementor-widget elementor-widget-heading\" data-id=\"a1f7974\" data-element_type=\"widget\" data-e-type=\"widget\" data-widget_type=\"heading.default\">\n\t\t\t\t<div class=\"elementor-widget-container\">\n\t\t\t\t\t<h2 class=\"elementor-heading-title elementor-size-default\">Kuru \u0130ncir<\/h2>\t\t\t\t<\/div>\n\t\t\t\t<\/div>\n\t\t\t\t\t<\/div>\n\t\t<\/div>\n\t\t\t\t\t<\/div>\n\t\t<\/section>\n\t\t\t\t<section class=\"elementor-section elementor-top-section elementor-element elementor-element-a2abf68 elementor-section-boxed elementor-section-height-default elementor-section-height-default shape-bg-top-no wpr-particle-no wpr-jarallax-no wpr-parallax-no wpr-sticky-section-no\" data-id=\"a2abf68\" data-element_type=\"section\" data-e-type=\"section\" data-settings=\"{&quot;background_background&quot;:&quot;classic&quot;}\">\n\t\t\t\t\t\t\t<div class=\"elementor-background-overlay\"><\/div>\n\t\t\t\t\t\t\t<div class=\"elementor-container elementor-column-gap-default\">\n\t\t\t\t\t<div class=\"elementor-column elementor-col-100 elementor-top-column elementor-element elementor-element-07e38b2\" data-id=\"07e38b2\" data-element_type=\"column\" data-e-type=\"column\">\n\t\t\t<div class=\"elementor-widget-wrap\">\n\t\t\t\t\t\t\t<\/div>\n\t\t<\/div>\n\t\t\t\t\t<\/div>\n\t\t<\/section>\n\t\t\t\t<section class=\"elementor-section elementor-top-section elementor-element elementor-element-d612900 elementor-section-boxed elementor-section-height-default elementor-section-height-default shape-bg-top-no shape-bg-bottom-no wpr-particle-no wpr-jarallax-no wpr-parallax-no wpr-sticky-section-no\" data-id=\"d612900\" data-element_type=\"section\" data-e-type=\"section\" data-settings=\"{&quot;background_background&quot;:&quot;classic&quot;}\">\n\t\t\t\t\t\t<div class=\"elementor-container elementor-column-gap-default\">\n\t\t\t\t\t<div class=\"elementor-column elementor-col-100 elementor-top-column elementor-element elementor-element-afec7f0\" data-id=\"afec7f0\" data-element_type=\"column\" data-e-type=\"column\">\n\t\t\t<div class=\"elementor-widget-wrap elementor-element-populated\">\n\t\t\t\t\t\t<div class=\"elementor-element elementor-element-cac0e77 elementor-widget elementor-widget-heading\" data-id=\"cac0e77\" data-element_type=\"widget\" data-e-type=\"widget\" data-widget_type=\"heading.default\">\n\t\t\t\t<div class=\"elementor-widget-container\">\n\t\t\t\t\t<h2 class=\"elementor-heading-title elementor-size-default\">\u0130ncir (Ficus Carica Domestica L.)  Ege B\u00f6lgesinde yayg\u0131n olarak yeti\u015fir. T\u00fcrkiye kuru incir \u00fcretiminin toplam  %65\u2019ini kar\u015f\u0131lar. Ege inciri, di\u011fer \u00e7e\u015fitleri aras\u0131nda en e\u015fsiz tada, g\u00f6r\u00fcnt\u00fcye, boyuta ve dokuya sahip olan incirdir.<\/h2>\t\t\t\t<\/div>\n\t\t\t\t<\/div>\n\t\t\t\t<div class=\"elementor-element elementor-element-777e7ca elementor-widget elementor-widget-text-editor\" data-id=\"777e7ca\" data-element_type=\"widget\" data-e-type=\"widget\" data-widget_type=\"text-editor.default\">\n\t\t\t\t<div class=\"elementor-widget-container\">\n\t\t\t\t\t\t\t\t\t<p>\u0130ncirler do\u011fal bir \u015fekilde g\u00fcne\u015fte kurutulur. Fabrikaya geldiklerinde hemen fumigasyon i\u015fleminde tabi tutulurlar. Kalibrasyon i\u015flemi sonras\u0131nda, ultraviyole lambalar alt\u0131nda Aflatoksin bula\u015fm\u0131\u015f olanlar ayr\u0131l\u0131r. Ard\u0131ndan incirler y\u0131kan\u0131r, i\u015flenir ve paketlenir. Kalibrasyon, TS 541 numaral\u0131 resmi standartlara g\u00f6re yap\u0131lmaktad\u0131r.<\/p><p>\u0130ncirler geleneksel olarak manip\u00fclasyon tarzlar\u0131na g\u00f6re adland\u0131r\u0131l\u0131r: Do\u011fal, Lerida, Garland, \u00c7ekme, Protoben ve Lokum, ayr\u0131ca K\u00fcp incir ve Yumu\u015fak incir se\u00e7enekleri de mevcuttur.<\/p><p>\u0130nciler genellikle 10 kilo veya 12,5 kilo karton kutularda paketlenir. Perakende paketleri 25 gramdan ba\u015flayarak sunulmaktad\u0131r. Hatta tekli paketleme de yap\u0131lmaktad\u0131r.<\/p>\t\t\t\t\t\t\t\t<\/div>\n\t\t\t\t<\/div>\n\t\t\t\t\t<\/div>\n\t\t<\/div>\n\t\t\t\t\t<\/div>\n\t\t<\/section>\n\t\t\t\t<section class=\"elementor-section elementor-top-section elementor-element elementor-element-ba4b7d0 elementor-section-boxed elementor-section-height-default elementor-section-height-default shape-bg-top-no shape-bg-bottom-no wpr-particle-no wpr-jarallax-no wpr-parallax-no wpr-sticky-section-no\" data-id=\"ba4b7d0\" data-element_type=\"section\" data-e-type=\"section\">\n\t\t\t\t\t\t<div class=\"elementor-container elementor-column-gap-default\">\n\t\t\t\t\t<div class=\"elementor-column elementor-col-100 elementor-top-column elementor-element elementor-element-fa8d650\" data-id=\"fa8d650\" data-element_type=\"column\" data-e-type=\"column\">\n\t\t\t<div class=\"elementor-widget-wrap elementor-element-populated\">\n\t\t\t\t\t\t<div class=\"elementor-element elementor-element-62cb364 elementor-widget elementor-widget-image\" data-id=\"62cb364\" data-element_type=\"widget\" data-e-type=\"widget\" data-widget_type=\"image.default\">\n\t\t\t\t<div class=\"elementor-widget-container\">\n\t\t\t\t\t\t\t\t\t\t\t\t\t\t\t<img decoding=\"async\" src=\"http:\/\/osmanakca.com.tr\/wp-content\/uploads\/elementor\/thumbs\/fig-icon-qr5ty9hmtut21678b07edwi34fsw3cumy27ubd4h2k.png\" title=\"fig-icon\" alt=\"fig-icon\" loading=\"lazy\" \/>\t\t\t\t\t\t\t\t\t\t\t\t\t\t\t<\/div>\n\t\t\t\t<\/div>\n\t\t\t\t<div class=\"elementor-element elementor-element-a8dec86 elementor-widget elementor-widget-heading\" data-id=\"a8dec86\" data-element_type=\"widget\" data-e-type=\"widget\" data-widget_type=\"heading.default\">\n\t\t\t\t<div class=\"elementor-widget-container\">\n\t\t\t\t\t<h2 class=\"elementor-heading-title elementor-size-default\">Geleneksel &amp; Organik &amp; Yumu\u015fak &amp; SCF<\/h2>\t\t\t\t<\/div>\n\t\t\t\t<\/div>\n\t\t\t\t<div class=\"elementor-element elementor-element-f4905a7 elementor-widget elementor-widget-image\" data-id=\"f4905a7\" data-element_type=\"widget\" data-e-type=\"widget\" data-widget_type=\"image.default\">\n\t\t\t\t<div class=\"elementor-widget-container\">\n\t\t\t\t\t\t\t\t\t\t\t\t\t\t\t<img decoding=\"async\" src=\"http:\/\/osmanakca.com.tr\/wp-content\/uploads\/elementor\/thumbs\/fig-table-qr5tycb8pn849k79focaz73ezuldpvv00yfz1qomv4.png\" title=\"fig-table\" alt=\"fig-table\" loading=\"lazy\" \/>\t\t\t\t\t\t\t\t\t\t\t\t\t\t\t<\/div>\n\t\t\t\t<\/div>\n\t\t\t\t<div class=\"elementor-element elementor-element-00e5a0b elementor-widget elementor-widget-image\" data-id=\"00e5a0b\" data-element_type=\"widget\" data-e-type=\"widget\" data-widget_type=\"image.default\">\n\t\t\t\t<div class=\"elementor-widget-container\">\n\t\t\t\t\t\t\t\t\t\t\t\t\t\t\t<img decoding=\"async\" src=\"http:\/\/osmanakca.com.tr\/wp-content\/uploads\/elementor\/thumbs\/fig-box-variations-qr5ty7m38jczo5wmss60lne0jxnns5mfwi7dbatbvk.png\" title=\"fig-box-variations\" alt=\"fig-box-variations\" loading=\"lazy\" \/>\t\t\t\t\t\t\t\t\t\t\t\t\t\t\t<\/div>\n\t\t\t\t<\/div>\n\t\t\t\t<div class=\"elementor-element elementor-element-b7c1168 elementor-widget elementor-widget-image\" data-id=\"b7c1168\" data-element_type=\"widget\" data-e-type=\"widget\" data-widget_type=\"image.default\">\n\t\t\t\t<div class=\"elementor-widget-container\">\n\t\t\t\t\t\t\t\t\t\t\t\t\t\t\t<img decoding=\"async\" src=\"http:\/\/osmanakca.com.tr\/wp-content\/uploads\/elementor\/thumbs\/fig-box-kg-qr5ty6o6qdly9bbbfl56hear8btotuh1kmivgph2oi.png\" title=\"fig-box-kg\" alt=\"fig-box-kg\" loading=\"lazy\" \/>\t\t\t\t\t\t\t\t\t\t\t\t\t\t\t<\/div>\n\t\t\t\t<\/div>\n\t\t\t\t<div class=\"elementor-element elementor-element-4bd165f elementor-widget elementor-widget-image\" data-id=\"4bd165f\" data-element_type=\"widget\" data-e-type=\"widget\" data-widget_type=\"image.default\">\n\t\t\t\t<div class=\"elementor-widget-container\">\n\t\t\t\t\t\t\t\t\t\t\t\t\t\t\t<img fetchpriority=\"high\" decoding=\"async\" width=\"2240\" height=\"400\" src=\"http:\/\/osmanakca.com.tr\/wp-content\/uploads\/2024\/07\/fig-packaging-variations.png\" class=\"attachment-full size-full wp-image-2549\" alt=\"\" srcset=\"http:\/\/osmanakca.com.tr\/wp-content\/uploads\/2024\/07\/fig-packaging-variations.png 2240w, http:\/\/osmanakca.com.tr\/wp-content\/uploads\/2024\/07\/fig-packaging-variations-1024x183.png 1024w, http:\/\/osmanakca.com.tr\/wp-content\/uploads\/2024\/07\/fig-packaging-variations-768x137.png 768w\" sizes=\"(max-width: 2240px) 100vw, 2240px\" \/>\t\t\t\t\t\t\t\t\t\t\t\t\t\t\t<\/div>\n\t\t\t\t<\/div>\n\t\t\t\t<div class=\"elementor-element elementor-element-9f63a6c elementor-widget elementor-widget-heading\" data-id=\"9f63a6c\" data-element_type=\"widget\" data-e-type=\"widget\" data-widget_type=\"heading.default\">\n\t\t\t\t<div class=\"elementor-widget-container\">\n\t\t\t\t\t<h2 class=\"elementor-heading-title elementor-size-default\">50 gr \/ 1 kg aras\u0131 perakende \u00fcr\u00fcnler istenilen ambalajda \u00fcretilebilmektedir.<\/h2>\t\t\t\t<\/div>\n\t\t\t\t<\/div>\n\t\t\t\t\t<\/div>\n\t\t<\/div>\n\t\t\t\t\t<\/div>\n\t\t<\/section>\n\t\t\t\t<\/div>\n\t\t","protected":false},"excerpt":{"rendered":"<p>Kuru \u0130ncir \u0130ncir (Ficus Carica Domestica L.) Ege B\u00f6lgesinde yayg\u0131n olarak yeti\u015fir. T\u00fcrkiye kuru incir \u00fcretiminin toplam %65\u2019ini kar\u015f\u0131lar. Ege inciri, di\u011fer \u00e7e\u015fitleri aras\u0131nda en e\u015fsiz tada, g\u00f6r\u00fcnt\u00fcye, boyuta ve dokuya sahip olan incirdir. \u0130ncirler do\u011fal bir \u015fekilde g\u00fcne\u015fte kurutulur. Fabrikaya geldiklerinde hemen fumigasyon i\u015fleminde tabi tutulurlar. Kalibrasyon i\u015flemi sonras\u0131nda, ultraviyole lambalar alt\u0131nda Aflatoksin bula\u015fm\u0131\u015f olanlar ayr\u0131l\u0131r. Ard\u0131ndan incirler y\u0131kan\u0131r, i\u015flenir ve paketlenir. Kalibrasyon, TS 541 numaral\u0131 resmi standartlara g\u00f6re yap\u0131lmaktad\u0131r. \u0130ncirler geleneksel olarak manip\u00fclasyon tarzlar\u0131na g\u00f6re adland\u0131r\u0131l\u0131r: Do\u011fal, Lerida, Garland, \u00c7ekme, Protoben ve Lokum, ayr\u0131ca K\u00fcp incir ve Yumu\u015fak incir se\u00e7enekleri de mevcuttur. \u0130nciler genellikle 10 kilo veya 12,5 kilo karton kutularda paketlenir. Perakende paketleri 25 gramdan ba\u015flayarak sunulmaktad\u0131r. Hatta tekli paketleme de yap\u0131lmaktad\u0131r. Geleneksel &amp; Organik &amp; Yumu\u015fak &amp; SCF 50 gr \/ 1 kg aras\u0131 perakende \u00fcr\u00fcnler istenilen ambalajda \u00fcretilebilmektedir.<\/p>\n","protected":false},"author":1,"featured_media":0,"parent":0,"menu_order":0,"comment_status":"closed","ping_status":"closed","template":"","meta":{"footnotes":""},"class_list":["post-3832","page","type-page","status-publish","hentry"],"_links":{"self":[{"href":"https:\/\/osmanakca.com.tr\/tr\/wp-json\/wp\/v2\/pages\/3832","targetHints":{"allow":["GET"]}}],"collection":[{"href":"https:\/\/osmanakca.com.tr\/tr\/wp-json\/wp\/v2\/pages"}],"about":[{"href":"https:\/\/osmanakca.com.tr\/tr\/wp-json\/wp\/v2\/types\/page"}],"author":[{"embeddable":true,"href":"https:\/\/osmanakca.com.tr\/tr\/wp-json\/wp\/v2\/users\/1"}],"replies":[{"embeddable":true,"href":"https:\/\/osmanakca.com.tr\/tr\/wp-json\/wp\/v2\/comments?post=3832"}],"version-history":[{"count":8,"href":"https:\/\/osmanakca.com.tr\/tr\/wp-json\/wp\/v2\/pages\/3832\/revisions"}],"predecessor-version":[{"id":4114,"href":"https:\/\/osmanakca.com.tr\/tr\/wp-json\/wp\/v2\/pages\/3832\/revisions\/4114"}],"wp:attachment":[{"href":"https:\/\/osmanakca.com.tr\/tr\/wp-json\/wp\/v2\/media?parent=3832"}],"curies":[{"name":"wp","href":"https:\/\/api.w.org\/{rel}","templated":true}]}}