{"id":3827,"date":"2024-05-08T00:20:27","date_gmt":"2024-05-07T21:20:27","guid":{"rendered":"https:\/\/osmanakca.com.tr\/sultanas\/"},"modified":"2024-11-08T20:18:03","modified_gmt":"2024-11-08T17:18:03","slug":"sultanas","status":"publish","type":"page","link":"https:\/\/osmanakca.com.tr\/tr\/sultanas\/","title":{"rendered":"Sultanas"},"content":{"rendered":"\t\t<div data-elementor-type=\"wp-page\" data-elementor-id=\"3827\" class=\"elementor elementor-3827 elementor-1583\">\n\t\t\t\t\t\t<section class=\"elementor-section elementor-top-section elementor-element elementor-element-8f13f7e elementor-section-full_width elementor-section-height-default elementor-section-height-default shape-bg-top-no shape-bg-bottom-no wpr-particle-no wpr-jarallax-no wpr-parallax-no wpr-sticky-section-no\" data-id=\"8f13f7e\" data-element_type=\"section\" data-e-type=\"section\">\n\t\t\t\t\t\t<div class=\"elementor-container elementor-column-gap-default\">\n\t\t\t\t\t<div class=\"elementor-column elementor-col-100 elementor-top-column elementor-element elementor-element-8cb9b38\" data-id=\"8cb9b38\" data-element_type=\"column\" data-e-type=\"column\">\n\t\t\t<div class=\"elementor-widget-wrap elementor-element-populated\">\n\t\t\t\t\t\t<div class=\"elementor-element elementor-element-a1f7974 text-background elementor-widget elementor-widget-heading\" data-id=\"a1f7974\" data-element_type=\"widget\" data-e-type=\"widget\" data-widget_type=\"heading.default\">\n\t\t\t\t<div class=\"elementor-widget-container\">\n\t\t\t\t\t<h2 class=\"elementor-heading-title elementor-size-default\">Sultani<\/h2>\t\t\t\t<\/div>\n\t\t\t\t<\/div>\n\t\t\t\t\t<\/div>\n\t\t<\/div>\n\t\t\t\t\t<\/div>\n\t\t<\/section>\n\t\t\t\t<section class=\"elementor-section elementor-top-section elementor-element elementor-element-a2abf68 elementor-section-boxed elementor-section-height-default elementor-section-height-default shape-bg-top-no wpr-particle-no wpr-jarallax-no wpr-parallax-no wpr-sticky-section-no\" data-id=\"a2abf68\" data-element_type=\"section\" data-e-type=\"section\" data-settings=\"{&quot;background_background&quot;:&quot;classic&quot;}\">\n\t\t\t\t\t\t\t<div class=\"elementor-background-overlay\"><\/div>\n\t\t\t\t\t\t\t<div class=\"elementor-container elementor-column-gap-default\">\n\t\t\t\t\t<div class=\"elementor-column elementor-col-100 elementor-top-column elementor-element elementor-element-07e38b2\" data-id=\"07e38b2\" data-element_type=\"column\" data-e-type=\"column\">\n\t\t\t<div class=\"elementor-widget-wrap\">\n\t\t\t\t\t\t\t<\/div>\n\t\t<\/div>\n\t\t\t\t\t<\/div>\n\t\t<\/section>\n\t\t\t\t<section class=\"elementor-section elementor-top-section elementor-element elementor-element-d612900 elementor-section-boxed elementor-section-height-default elementor-section-height-default shape-bg-top-no shape-bg-bottom-no wpr-particle-no wpr-jarallax-no wpr-parallax-no wpr-sticky-section-no\" data-id=\"d612900\" data-element_type=\"section\" data-e-type=\"section\" data-settings=\"{&quot;background_background&quot;:&quot;classic&quot;}\">\n\t\t\t\t\t\t<div class=\"elementor-container elementor-column-gap-default\">\n\t\t\t\t\t<div class=\"elementor-column elementor-col-100 elementor-top-column elementor-element elementor-element-afec7f0\" data-id=\"afec7f0\" data-element_type=\"column\" data-e-type=\"column\">\n\t\t\t<div class=\"elementor-widget-wrap elementor-element-populated\">\n\t\t\t\t\t\t<div class=\"elementor-element elementor-element-cac0e77 elementor-widget elementor-widget-heading\" data-id=\"cac0e77\" data-element_type=\"widget\" data-e-type=\"widget\" data-widget_type=\"heading.default\">\n\t\t\t\t<div class=\"elementor-widget-container\">\n\t\t\t\t\t<h2 class=\"elementor-heading-title elementor-size-default\">Sultani  (Vitis Vinifera L.) Ege B\u00f6lgesinde yeti\u015ftirilen bir \u00e7ekirdeksiz \u00fcz\u00fcm \u00e7e\u015fididir. T\u00fcrkiye hem en b\u00fcy\u00fck \u00fcretici hem de ihracat\u0131nda lider konumdad\u0131r.<\/h2>\t\t\t\t<\/div>\n\t\t\t\t<\/div>\n\t\t\t\t<div class=\"elementor-element elementor-element-777e7ca elementor-widget elementor-widget-text-editor\" data-id=\"777e7ca\" data-element_type=\"widget\" data-e-type=\"widget\" data-widget_type=\"text-editor.default\">\n\t\t\t\t<div class=\"elementor-widget-container\">\n\t\t\t\t\t\t\t\t\t<p>Sultani ile kuru \u00fcz\u00fcmler aras\u0131ndaki ana fark bat\u0131rma i\u015flemidir. Sultani \u00fcz\u00fcmleri ba\u011flardan topland\u0131ktan sonra, kuruma s\u00fcrecini h\u0131zland\u0131rmak i\u00e7in bat\u0131r\u0131lma i\u015fleminden ge\u00e7er. Bat\u0131r\u0131lan \u00e7\u00f6zeltisi su, zeytinya\u011f\u0131 ve potasyum i\u00e7erir. Bat\u0131r\u0131lm\u0131\u015f sultaniler, bat\u0131r\u0131lmam\u0131\u015f sultanilerden daha a\u00e7\u0131k renkte olurlar. Bat\u0131r\u0131lmam\u0131\u015f sultaniler ise kuru \u00fcz\u00fcm olarak adland\u0131r\u0131l\u0131rlar.<\/p><p>Sultaniler do\u011fal bir i\u015flemle g\u00fcne\u015fte kurutulur. Ard\u0131ndan, b\u00fcy\u00fck sap par\u00e7alar\u0131n\u0131 temizlemek amac\u0131yla yeti\u015ftiriciler taraf\u0131ndan temizlenir. Daha sonra sultaniler plastik kasalarda veya d\u00f6kme bi\u00e7iminde paketleme tesisine ta\u015f\u0131n\u0131r<\/p><p>Ham madde tesislere vard\u0131\u011f\u0131nda, \u00f6n temizleme b\u00f6l\u00fcm\u00fcnde ayr\u0131l\u0131r ve kalibre edilir. Kalibrasyon i\u015fleminin ard\u0131ndan sultaniler y\u0131kan\u0131r, saplar\u0131 temizlenir, ya\u011flan\u0131r, lazer ve r\u00f6ntgen taramas\u0131na tabi tutulur ve metal dedekt\u00f6r\u00fcnden ge\u00e7irilir.<\/p><p>\u0130\u015flenmi\u015f Sultaniler, ihracatlar i\u00e7in ge\u00e7erli olan resmi TS 3411 standard\u0131na uymal\u0131d\u0131r. TS 3411, Sultaniler renk ve boyut a\u00e7\u0131s\u0131ndan tan\u0131mlar. 7 numara en koyu renk olup 11 numara en a\u00e7\u0131k renktir. Di\u011fer t\u00fcrler ise 8, 9 ve 10\u2019dur. Daha y\u00fcksek numara, daha a\u00e7\u0131k rengi ifade eder. Bir di\u011fer parametre ise 100 gram ba\u015f\u0131na d\u00fc\u015fen meyve say\u0131s\u0131d\u0131r. Buna g\u00f6re sultaniler Jumbo, standard, medium ve small olarak gruplan\u0131r.<\/p><p>Kuru \u00fcz\u00fcmlerde boyutland\u0131rma, paketleme ve etiketleme a\u00e7\u0131s\u0131ndan ayn\u0131 standarda tabidir.<\/p><p>D\u00f6kme paketler, her karton kutu i\u00e7in 5 kg\u2019dan 14 kg\u2019a kadar ta\u015f\u0131r. Sultaniler, ayr\u0131ca 25 gramdan ba\u015flayan \u00e7e\u015fitli a\u011f\u0131rl\u0131klarda perakende paketlerde paketlenir. Perakende \u00fcr\u00fcnler, al\u0131c\u0131n\u0131n talebine g\u00f6re Osman Ak\u00e7a markal\u0131 veya \u00f6zel etiketli olabilir.<\/p>\t\t\t\t\t\t\t\t<\/div>\n\t\t\t\t<\/div>\n\t\t\t\t\t<\/div>\n\t\t<\/div>\n\t\t\t\t\t<\/div>\n\t\t<\/section>\n\t\t\t\t<section class=\"elementor-section elementor-top-section elementor-element elementor-element-044effb elementor-section-boxed elementor-section-height-default elementor-section-height-default shape-bg-top-no shape-bg-bottom-no wpr-particle-no wpr-jarallax-no wpr-parallax-no wpr-sticky-section-no\" data-id=\"044effb\" data-element_type=\"section\" data-e-type=\"section\">\n\t\t\t\t\t\t<div class=\"elementor-container elementor-column-gap-default\">\n\t\t\t\t\t<div class=\"elementor-column elementor-col-100 elementor-top-column elementor-element elementor-element-085647d\" data-id=\"085647d\" data-element_type=\"column\" data-e-type=\"column\">\n\t\t\t<div class=\"elementor-widget-wrap elementor-element-populated\">\n\t\t\t\t\t\t<div class=\"elementor-element elementor-element-98dbed2 elementor-widget elementor-widget-image\" data-id=\"98dbed2\" data-element_type=\"widget\" data-e-type=\"widget\" data-widget_type=\"image.default\">\n\t\t\t\t<div class=\"elementor-widget-container\">\n\t\t\t\t\t\t\t\t\t\t\t\t\t\t\t<img decoding=\"async\" src=\"https:\/\/osmanakca.com.tr\/wp-content\/uploads\/2024\/07\/sultanas-icon.png\" title=\"sultanas-icon\" alt=\"sultanas-icon\" loading=\"lazy\" \/>\t\t\t\t\t\t\t\t\t\t\t\t\t\t\t<\/div>\n\t\t\t\t<\/div>\n\t\t\t\t<div class=\"elementor-element elementor-element-c8a74cb elementor-widget elementor-widget-heading\" data-id=\"c8a74cb\" data-element_type=\"widget\" data-e-type=\"widget\" data-widget_type=\"heading.default\">\n\t\t\t\t<div class=\"elementor-widget-container\">\n\t\t\t\t\t<h2 class=\"elementor-heading-title elementor-size-default\">Geleneksel &amp; Organik &amp; SCS<\/h2>\t\t\t\t<\/div>\n\t\t\t\t<\/div>\n\t\t\t\t<div class=\"elementor-element elementor-element-dafd5fe elementor-widget elementor-widget-heading\" data-id=\"dafd5fe\" data-element_type=\"widget\" data-e-type=\"widget\" data-widget_type=\"heading.default\">\n\t\t\t\t<div class=\"elementor-widget-container\">\n\t\t\t\t\t<h2 class=\"elementor-heading-title elementor-size-default\">Tip 7 - Tip 8 - Tip 9 - Tip 10 - Tip 11 - Thompson <\/h2>\t\t\t\t<\/div>\n\t\t\t\t<\/div>\n\t\t\t\t<div class=\"elementor-element elementor-element-5685780 elementor-widget elementor-widget-image\" data-id=\"5685780\" data-element_type=\"widget\" data-e-type=\"widget\" data-widget_type=\"image.default\">\n\t\t\t\t<div class=\"elementor-widget-container\">\n\t\t\t\t\t\t\t\t\t\t\t\t\t\t\t<img decoding=\"async\" src=\"https:\/\/osmanakca.com.tr\/wp-content\/uploads\/2024\/07\/sultanas-table.png\" title=\"sultanas-table\" alt=\"sultanas-table\" loading=\"lazy\" \/>\t\t\t\t\t\t\t\t\t\t\t\t\t\t\t<\/div>\n\t\t\t\t<\/div>\n\t\t\t\t<div class=\"elementor-element elementor-element-daf4261 elementor-widget elementor-widget-heading\" data-id=\"daf4261\" data-element_type=\"widget\" data-e-type=\"widget\" data-widget_type=\"heading.default\">\n\t\t\t\t<div class=\"elementor-widget-container\">\n\t\t\t\t\t<h2 class=\"elementor-heading-title elementor-size-default\">1oo gram ba\u015f\u0131na meyve say\u0131s\u0131, T\u00fcrk Standartlar\u0131 Enstit\u00fcs\u00fc taraf\u0131ndan \u00fcr\u00fcn hasad\u0131na ba\u011fl\u0131 olarak belirlenir.<\/h2>\t\t\t\t<\/div>\n\t\t\t\t<\/div>\n\t\t\t\t<div class=\"elementor-element elementor-element-fd77a12 elementor-widget elementor-widget-image\" data-id=\"fd77a12\" data-element_type=\"widget\" data-e-type=\"widget\" data-widget_type=\"image.default\">\n\t\t\t\t<div class=\"elementor-widget-container\">\n\t\t\t\t\t\t\t\t\t\t\t\t\t\t\t<img decoding=\"async\" src=\"https:\/\/osmanakca.com.tr\/wp-content\/uploads\/2024\/07\/sultanas-box-variations.png\" title=\"sultanas-box-variations\" alt=\"sultanas-box-variations\" loading=\"lazy\" \/>\t\t\t\t\t\t\t\t\t\t\t\t\t\t\t<\/div>\n\t\t\t\t<\/div>\n\t\t\t\t<div class=\"elementor-element elementor-element-66a8cf4 elementor-widget elementor-widget-image\" data-id=\"66a8cf4\" data-element_type=\"widget\" data-e-type=\"widget\" data-widget_type=\"image.default\">\n\t\t\t\t<div class=\"elementor-widget-container\">\n\t\t\t\t\t\t\t\t\t\t\t\t\t\t\t<img fetchpriority=\"high\" decoding=\"async\" width=\"2240\" height=\"400\" src=\"https:\/\/osmanakca.com.tr\/wp-content\/uploads\/2024\/07\/sultanas-packaging-variations.png\" class=\"attachment-full size-full wp-image-2540\" alt=\"\" srcset=\"https:\/\/osmanakca.com.tr\/wp-content\/uploads\/2024\/07\/sultanas-packaging-variations.png 2240w, https:\/\/osmanakca.com.tr\/wp-content\/uploads\/2024\/07\/sultanas-packaging-variations-1024x183.png 1024w, https:\/\/osmanakca.com.tr\/wp-content\/uploads\/2024\/07\/sultanas-packaging-variations-768x137.png 768w\" sizes=\"(max-width: 2240px) 100vw, 2240px\" \/>\t\t\t\t\t\t\t\t\t\t\t\t\t\t\t<\/div>\n\t\t\t\t<\/div>\n\t\t\t\t<div class=\"elementor-element elementor-element-2a24fd6 elementor-widget elementor-widget-heading\" data-id=\"2a24fd6\" data-element_type=\"widget\" data-e-type=\"widget\" data-widget_type=\"heading.default\">\n\t\t\t\t<div class=\"elementor-widget-container\">\n\t\t\t\t\t<h2 class=\"elementor-heading-title elementor-size-default\">25 gramdan 1 kg\u2019a kadar olan perakende \u00fcr\u00fcnleri, istenilen ambalajlarda \u00fcretilebilir.<\/h2>\t\t\t\t<\/div>\n\t\t\t\t<\/div>\n\t\t\t\t\t<\/div>\n\t\t<\/div>\n\t\t\t\t\t<\/div>\n\t\t<\/section>\n\t\t\t\t<\/div>\n\t\t","protected":false},"excerpt":{"rendered":"<p>Sultani Sultani (Vitis Vinifera L.) Ege B\u00f6lgesinde yeti\u015ftirilen bir \u00e7ekirdeksiz \u00fcz\u00fcm \u00e7e\u015fididir. T\u00fcrkiye hem en b\u00fcy\u00fck \u00fcretici hem de ihracat\u0131nda lider konumdad\u0131r. Sultani ile kuru \u00fcz\u00fcmler aras\u0131ndaki ana fark bat\u0131rma i\u015flemidir. Sultani \u00fcz\u00fcmleri ba\u011flardan topland\u0131ktan sonra, kuruma s\u00fcrecini h\u0131zland\u0131rmak i\u00e7in bat\u0131r\u0131lma i\u015fleminden ge\u00e7er. Bat\u0131r\u0131lan \u00e7\u00f6zeltisi su, zeytinya\u011f\u0131 ve potasyum i\u00e7erir. Bat\u0131r\u0131lm\u0131\u015f sultaniler, bat\u0131r\u0131lmam\u0131\u015f sultanilerden daha a\u00e7\u0131k renkte olurlar. Bat\u0131r\u0131lmam\u0131\u015f sultaniler ise kuru \u00fcz\u00fcm olarak adland\u0131r\u0131l\u0131rlar. Sultaniler do\u011fal bir i\u015flemle g\u00fcne\u015fte kurutulur. Ard\u0131ndan, b\u00fcy\u00fck sap par\u00e7alar\u0131n\u0131 temizlemek amac\u0131yla yeti\u015ftiriciler taraf\u0131ndan temizlenir. Daha sonra sultaniler plastik kasalarda veya d\u00f6kme bi\u00e7iminde paketleme tesisine ta\u015f\u0131n\u0131r Ham madde tesislere vard\u0131\u011f\u0131nda, \u00f6n temizleme b\u00f6l\u00fcm\u00fcnde ayr\u0131l\u0131r ve kalibre edilir. Kalibrasyon i\u015fleminin ard\u0131ndan sultaniler y\u0131kan\u0131r, saplar\u0131 temizlenir, ya\u011flan\u0131r, lazer ve r\u00f6ntgen taramas\u0131na tabi tutulur ve metal dedekt\u00f6r\u00fcnden ge\u00e7irilir. \u0130\u015flenmi\u015f Sultaniler, ihracatlar i\u00e7in ge\u00e7erli olan resmi TS 3411 standard\u0131na uymal\u0131d\u0131r. TS 3411, Sultaniler renk ve boyut a\u00e7\u0131s\u0131ndan tan\u0131mlar. 7 numara en koyu renk olup 11 numara en a\u00e7\u0131k renktir. Di\u011fer t\u00fcrler ise 8, 9 ve 10\u2019dur. Daha y\u00fcksek numara, daha a\u00e7\u0131k rengi ifade eder. Bir di\u011fer parametre ise 100 gram ba\u015f\u0131na d\u00fc\u015fen meyve say\u0131s\u0131d\u0131r. Buna g\u00f6re sultaniler Jumbo, standard, medium ve small olarak gruplan\u0131r. Kuru \u00fcz\u00fcmlerde boyutland\u0131rma, paketleme ve etiketleme a\u00e7\u0131s\u0131ndan ayn\u0131 standarda tabidir. D\u00f6kme paketler, her karton kutu i\u00e7in 5 kg\u2019dan 14 kg\u2019a kadar ta\u015f\u0131r. Sultaniler, ayr\u0131ca 25 gramdan ba\u015flayan \u00e7e\u015fitli a\u011f\u0131rl\u0131klarda perakende paketlerde paketlenir. Perakende \u00fcr\u00fcnler, al\u0131c\u0131n\u0131n talebine g\u00f6re Osman Ak\u00e7a markal\u0131 veya \u00f6zel etiketli olabilir. Geleneksel &amp; Organik &amp; SCS Tip 7 &#8211; Tip 8 &#8211; Tip 9 &#8211; Tip 10 &#8211; Tip 11 &#8211; Thompson 1oo gram ba\u015f\u0131na meyve say\u0131s\u0131, T\u00fcrk Standartlar\u0131 Enstit\u00fcs\u00fc taraf\u0131ndan \u00fcr\u00fcn hasad\u0131na ba\u011fl\u0131 olarak belirlenir. 25 gramdan 1 kg\u2019a kadar olan perakende \u00fcr\u00fcnleri, istenilen ambalajlarda \u00fcretilebilir.<\/p>\n","protected":false},"author":1,"featured_media":0,"parent":0,"menu_order":0,"comment_status":"closed","ping_status":"closed","template":"","meta":{"footnotes":""},"class_list":["post-3827","page","type-page","status-publish","hentry"],"_links":{"self":[{"href":"https:\/\/osmanakca.com.tr\/tr\/wp-json\/wp\/v2\/pages\/3827","targetHints":{"allow":["GET"]}}],"collection":[{"href":"https:\/\/osmanakca.com.tr\/tr\/wp-json\/wp\/v2\/pages"}],"about":[{"href":"https:\/\/osmanakca.com.tr\/tr\/wp-json\/wp\/v2\/types\/page"}],"author":[{"embeddable":true,"href":"https:\/\/osmanakca.com.tr\/tr\/wp-json\/wp\/v2\/users\/1"}],"replies":[{"embeddable":true,"href":"https:\/\/osmanakca.com.tr\/tr\/wp-json\/wp\/v2\/comments?post=3827"}],"version-history":[{"count":11,"href":"https:\/\/osmanakca.com.tr\/tr\/wp-json\/wp\/v2\/pages\/3827\/revisions"}],"predecessor-version":[{"id":4111,"href":"https:\/\/osmanakca.com.tr\/tr\/wp-json\/wp\/v2\/pages\/3827\/revisions\/4111"}],"wp:attachment":[{"href":"https:\/\/osmanakca.com.tr\/tr\/wp-json\/wp\/v2\/media?parent=3827"}],"curies":[{"name":"wp","href":"https:\/\/api.w.org\/{rel}","templated":true}]}}