{"id":3822,"date":"2024-07-16T00:03:12","date_gmt":"2024-07-15T21:03:12","guid":{"rendered":"https:\/\/osmanakca.com.tr\/akca-holding\/"},"modified":"2024-11-08T20:12:31","modified_gmt":"2024-11-08T17:12:31","slug":"akca-holding","status":"publish","type":"page","link":"https:\/\/osmanakca.com.tr\/tr\/akca-holding\/","title":{"rendered":"Ak\u00e7a Holding"},"content":{"rendered":"\t\t<div data-elementor-type=\"wp-page\" data-elementor-id=\"3822\" class=\"elementor elementor-3822 elementor-2597\">\n\t\t\t\t\t\t<section class=\"elementor-section elementor-top-section elementor-element elementor-element-a2abf68 elementor-section-boxed elementor-section-height-default elementor-section-height-default shape-bg-top-no wpr-particle-no wpr-jarallax-no wpr-parallax-no wpr-sticky-section-no\" data-id=\"a2abf68\" data-element_type=\"section\" data-e-type=\"section\" data-settings=\"{&quot;background_background&quot;:&quot;slideshow&quot;,&quot;background_slideshow_gallery&quot;:[{&quot;id&quot;:2599,&quot;url&quot;:&quot;https:\\\/\\\/osmanakca.com.tr\\\/wp-content\\\/uploads\\\/2024\\\/07\\\/akca-holding-osman_v1.jpg&quot;},{&quot;id&quot;:2600,&quot;url&quot;:&quot;https:\\\/\\\/osmanakca.com.tr\\\/wp-content\\\/uploads\\\/2024\\\/07\\\/akca-holding-osman_v2.jpg&quot;}],&quot;background_slideshow_ken_burns&quot;:&quot;yes&quot;,&quot;background_slideshow_loop&quot;:&quot;yes&quot;,&quot;background_slideshow_slide_duration&quot;:5000,&quot;background_slideshow_slide_transition&quot;:&quot;fade&quot;,&quot;background_slideshow_transition_duration&quot;:500,&quot;background_slideshow_ken_burns_zoom_direction&quot;:&quot;in&quot;}\">\n\t\t\t\t\t\t\t<div class=\"elementor-background-overlay\"><\/div>\n\t\t\t\t\t\t\t<div class=\"elementor-container elementor-column-gap-default\">\n\t\t\t\t\t<div class=\"elementor-column elementor-col-100 elementor-top-column elementor-element elementor-element-7260d10\" data-id=\"7260d10\" data-element_type=\"column\" data-e-type=\"column\">\n\t\t\t<div class=\"elementor-widget-wrap elementor-element-populated\">\n\t\t\t\t\t\t<div class=\"elementor-element elementor-element-3f38b9d elementor-widget elementor-widget-gva-heading-block\" data-id=\"3f38b9d\" data-element_type=\"widget\" data-e-type=\"widget\" data-widget_type=\"gva-heading-block.default\">\n\t\t\t\t<div class=\"elementor-widget-container\">\n\t\t\t\t\t<div class=\"gva-element-gva-heading-block gva-element\">   <div class=\"align-left style-1 widget gsc-heading box-align-left auto-responsive\">\r\n      <div class=\"content-inner\">\r\n         \r\n                  \r\n           \r\n         \r\n                     <h2 class=\"title\">\r\n               <span>Ak\u00e7a Holding<\/span>\r\n            <\/h2>\r\n                  \r\n         \r\n      <\/div>\r\n   <\/div>\r\n<\/div>\t\t\t\t<\/div>\n\t\t\t\t<\/div>\n\t\t\t\t\t<\/div>\n\t\t<\/div>\n\t\t\t\t\t<\/div>\n\t\t<\/section>\n\t\t\t\t<section class=\"elementor-section elementor-top-section elementor-element elementor-element-0a7f94e shape-bg-top-yes elementor-section-boxed elementor-section-height-default elementor-section-height-default shape-bg-bottom-no wpr-particle-no wpr-jarallax-no wpr-parallax-no wpr-sticky-section-no\" data-id=\"0a7f94e\" data-element_type=\"section\" data-e-type=\"section\" data-settings=\"{&quot;background_background&quot;:&quot;classic&quot;}\">\n\t\t\t\t\t\t<div class=\"elementor-container elementor-column-gap-default\">\n\t\t\t\t\t<div class=\"elementor-column elementor-col-50 elementor-top-column elementor-element elementor-element-ae6f907\" data-id=\"ae6f907\" data-element_type=\"column\" data-e-type=\"column\">\n\t\t\t<div class=\"elementor-widget-wrap elementor-element-populated\">\n\t\t\t\t\t\t<div class=\"elementor-element elementor-element-82971a4 elementor-widget__width-initial elementor-widget elementor-widget-gva-heading-block\" data-id=\"82971a4\" data-element_type=\"widget\" data-e-type=\"widget\" data-settings=\"{&quot;_animation&quot;:&quot;none&quot;}\" data-widget_type=\"gva-heading-block.default\">\n\t\t\t\t<div class=\"elementor-widget-container\">\n\t\t\t\t\t<div class=\"gva-element-gva-heading-block gva-element\">   <div class=\"align-left style-3 widget gsc-heading box-align-left auto-responsive\">\r\n      <div class=\"content-inner\">\r\n         \r\n                  \r\n         <div class=\"sub-title\"><span class=\"tagline\">Ak\u00e7a Holding<\/span><\/div>  \r\n         \r\n                              <div class=\"title-desc\">T\u00fcrkiye\u2019nin \u00f6nde gelen tar\u0131m sanayi firmalar\u0131ndan biri olan Ak\u00e7a Holding, 1955 y\u0131l\u0131nda kurutulmu\u015f meyve ve pamuk ticareti olmak \u00fczere iki ana \u00fcr\u00fcn hatt\u0131 ile kurulmu\u015ftur. <br><br>\nS\u00fcreklili\u011fi olan yenilikler ve geli\u015fmeler sayesinde Osman Ak\u00e7a kurutulmu\u015f meyve sekt\u00f6r\u00fcnde, Menderes Tekstil ise ev tekstili sekt\u00f6r\u00fcnde Pazar lideri ve tamamen ihracat odakl\u0131 iki \u015firket haline gelmi\u015ftir.\n<br><br>\n\u0130\u015f operasyonlar\u0131n\u0131n \u00e7e\u015fitlili\u011fi g\u00f6z \u00f6n\u00fcnde bulundurularak, r\u00fczgar enerjisi, ara\u00e7 muayenesi, jeotermal enerji, g\u00fcne\u015f enerjisi, ara\u00e7 muayenesi ve sera \u015firketleri kurulmu\u015ftur. <br><br>\nAk\u00e7a Holding grup \u015firketlerinin her biri, yap\u0131s\u0131n\u0131 ve faaliyetlerini s\u00fcrd\u00fcr\u00fclebilirli\u011fe dayand\u0131rmaktad\u0131r. 7000 dinamik \u00e7al\u0131\u015fan\u0131 ile grup, be\u015f farkl\u0131 sekt\u00f6rde lider konumda faaliyetlerine devam etmektedir. Bu dev aileye ait bir par\u00e7a olan Osman %100 do\u011fal g\u00fcne\u015fte kurutulmu\u015f meyve \u00fcretimi, i\u015flenmesi ve ihracat\u0131n\u0131 ger\u00e7ekle\u015ftirmektedir. %100 g\u00fcne\u015f enerjisiyle \u00e7al\u0131\u015fan \u015firket, d\u00fcnya \u00e7ap\u0131nda \u00f6zel ba\u011flant\u0131lara sahip olup,\u201dKurutulmu\u015f Meyvenin En iyi Hali\u201d mottosuyla sa\u011fl\u0131kl\u0131 \u00fcr\u00fcnler sunmaktad\u0131r.\n<\/div>\r\n         \r\n                     <div class=\"heading-action\">\r\n               \t\t  <a href=\"https:\/\/www.akcaholding.com\/tr\" class=\"btn-cta btn-black \" target=\"_blank\">\r\n\t\t\t <span>Ak\u00e7a Holding<\/span>\r\n\t\t  <\/a>\r\n\r\n\t\t              <\/div>\r\n         \r\n      <\/div>\r\n   <\/div>\r\n<\/div>\t\t\t\t<\/div>\n\t\t\t\t<\/div>\n\t\t\t\t<div class=\"elementor-element elementor-element-b5500d3 elementor-widget__width-initial elementor-widget elementor-widget-text-editor\" data-id=\"b5500d3\" data-element_type=\"widget\" data-e-type=\"widget\" data-widget_type=\"text-editor.default\">\n\t\t\t\t<div class=\"elementor-widget-container\">\n\t\t\t\t\t\t\t\t\t<h2><span style=\"color: #2c9529;\">Ak\u00e7a Holding Grup \u015eirketleri ve \u00dcr\u00fcnleri<\/span><span style=\"color: #008000;\">:<\/span><\/h2><ul><li><span style=\"color: #000000;\"><strong><span style=\"color: #008000;\">OSMAN AK\u00c7A:<\/span><\/strong> Kurutulmu\u015f Meyve<\/span><\/li><li><span style=\"color: #000000;\"><strong><span style=\"color: #008000;\">MENDERES TEKST\u0130L:<\/span><\/strong> Ev Tekstili<\/span><\/li><li><span style=\"color: #000000;\"><strong><span style=\"color: #008000;\">AK\u00c7A ENERJ\u0130:<\/span><\/strong> R\u00fczgar Enerjisi, Jeotermal Enerji, 120 MW \u00fcretim kapasitesine sahip G\u00fcne\u015f Enerjisi<\/span><\/li><li><span style=\"color: #000000;\"><strong><span style=\"color: #008000;\">AKTUR:<\/span><\/strong> Ara\u00e7 Muayenesi (T\u00dcV), 24 istasyonla y\u0131lda 2 milyondan fazla arac\u0131 denetliyor<\/span><\/li><li><span style=\"color: #000000;\"><strong><span style=\"color: #008000;\">SMYRNA SERA:<\/span><\/strong> Taze Domates<\/span><\/li><\/ul>\t\t\t\t\t\t\t\t<\/div>\n\t\t\t\t<\/div>\n\t\t\t\t\t<\/div>\n\t\t<\/div>\n\t\t\t\t<div class=\"elementor-column elementor-col-50 elementor-top-column elementor-element elementor-element-bda471b\" data-id=\"bda471b\" data-element_type=\"column\" data-e-type=\"column\">\n\t\t\t<div class=\"elementor-widget-wrap elementor-element-populated\">\n\t\t\t\t\t\t<section class=\"elementor-section elementor-inner-section elementor-element elementor-element-2e72efe elementor-hidden-mobile elementor-section-boxed elementor-section-height-default elementor-section-height-default shape-bg-top-no shape-bg-bottom-no wpr-particle-no wpr-jarallax-no wpr-parallax-no wpr-sticky-section-no\" data-id=\"2e72efe\" data-element_type=\"section\" data-e-type=\"section\">\n\t\t\t\t\t\t<div class=\"elementor-container elementor-column-gap-default\">\n\t\t\t\t\t<div class=\"elementor-column elementor-col-50 elementor-inner-column elementor-element elementor-element-d4a79f3\" data-id=\"d4a79f3\" data-element_type=\"column\" data-e-type=\"column\">\n\t\t\t<div class=\"elementor-widget-wrap elementor-element-populated\">\n\t\t\t\t\t\t<div class=\"elementor-element elementor-element-c769d24 elementor-widget elementor-widget-image\" data-id=\"c769d24\" data-element_type=\"widget\" data-e-type=\"widget\" data-widget_type=\"image.default\">\n\t\t\t\t<div class=\"elementor-widget-container\">\n\t\t\t\t\t\t\t\t\t\t\t\t\t\t\t<img fetchpriority=\"high\" decoding=\"async\" width=\"1920\" height=\"900\" src=\"https:\/\/osmanakca.com.tr\/wp-content\/uploads\/2024\/08\/SOLAR-PANNEL.jpg\" class=\"attachment-full size-full wp-image-2960\" alt=\"\" srcset=\"https:\/\/osmanakca.com.tr\/wp-content\/uploads\/2024\/08\/SOLAR-PANNEL.jpg 1920w, https:\/\/osmanakca.com.tr\/wp-content\/uploads\/2024\/08\/SOLAR-PANNEL-1024x480.jpg 1024w, https:\/\/osmanakca.com.tr\/wp-content\/uploads\/2024\/08\/SOLAR-PANNEL-768x360.jpg 768w\" sizes=\"(max-width: 1920px) 100vw, 1920px\" \/>\t\t\t\t\t\t\t\t\t\t\t\t\t\t\t<\/div>\n\t\t\t\t<\/div>\n\t\t\t\t<div class=\"elementor-element elementor-element-397d2bf elementor-widget__width-initial elementor-widget elementor-widget-image\" data-id=\"397d2bf\" data-element_type=\"widget\" data-e-type=\"widget\" data-widget_type=\"image.default\">\n\t\t\t\t<div class=\"elementor-widget-container\">\n\t\t\t\t\t\t\t\t\t\t\t\t\t\t\t<img decoding=\"async\" width=\"750\" height=\"319\" src=\"https:\/\/osmanakca.com.tr\/wp-content\/uploads\/2024\/07\/seraweb.png\" class=\"attachment-full size-full wp-image-2709\" alt=\"\" \/>\t\t\t\t\t\t\t\t\t\t\t\t\t\t\t<\/div>\n\t\t\t\t<\/div>\n\t\t\t\t<div class=\"elementor-element elementor-element-038a6f1 elementor-widget__width-inherit elementor-widget elementor-widget-image\" data-id=\"038a6f1\" data-element_type=\"widget\" data-e-type=\"widget\" data-widget_type=\"image.default\">\n\t\t\t\t<div class=\"elementor-widget-container\">\n\t\t\t\t\t\t\t\t\t\t\t\t\t\t\t<img decoding=\"async\" width=\"320\" height=\"240\" src=\"https:\/\/osmanakca.com.tr\/wp-content\/uploads\/2024\/07\/tuv.png\" class=\"attachment-full size-full wp-image-2679\" alt=\"\" \/>\t\t\t\t\t\t\t\t\t\t\t\t\t\t\t<\/div>\n\t\t\t\t<\/div>\n\t\t\t\t\t<\/div>\n\t\t<\/div>\n\t\t\t\t<div class=\"elementor-column elementor-col-50 elementor-inner-column elementor-element elementor-element-4b110eb\" data-id=\"4b110eb\" data-element_type=\"column\" data-e-type=\"column\">\n\t\t\t<div class=\"elementor-widget-wrap elementor-element-populated\">\n\t\t\t\t\t\t<div class=\"elementor-element elementor-element-c5eeba7 elementor-widget elementor-widget-image\" data-id=\"c5eeba7\" data-element_type=\"widget\" data-e-type=\"widget\" data-widget_type=\"image.default\">\n\t\t\t\t<div class=\"elementor-widget-container\">\n\t\t\t\t\t\t\t\t\t\t\t\t\t\t\t<img loading=\"lazy\" decoding=\"async\" width=\"2560\" height=\"1440\" src=\"https:\/\/osmanakca.com.tr\/wp-content\/uploads\/2024\/08\/cc5c219c-3e2d-4e8d-8db8-6247ce09b916-scaled.jpg\" class=\"attachment-full size-full wp-image-2965\" alt=\"\" srcset=\"https:\/\/osmanakca.com.tr\/wp-content\/uploads\/2024\/08\/cc5c219c-3e2d-4e8d-8db8-6247ce09b916-scaled.jpg 2560w, https:\/\/osmanakca.com.tr\/wp-content\/uploads\/2024\/08\/cc5c219c-3e2d-4e8d-8db8-6247ce09b916-1024x576.jpg 1024w, https:\/\/osmanakca.com.tr\/wp-content\/uploads\/2024\/08\/cc5c219c-3e2d-4e8d-8db8-6247ce09b916-768x432.jpg 768w\" sizes=\"(max-width: 2560px) 100vw, 2560px\" \/>\t\t\t\t\t\t\t\t\t\t\t\t\t\t\t<\/div>\n\t\t\t\t<\/div>\n\t\t\t\t<div class=\"elementor-element elementor-element-decaa71 elementor-widget__width-initial elementor-widget elementor-widget-image\" data-id=\"decaa71\" data-element_type=\"widget\" data-e-type=\"widget\" data-widget_type=\"image.default\">\n\t\t\t\t<div class=\"elementor-widget-container\">\n\t\t\t\t\t\t\t\t\t\t\t\t\t\t\t<img loading=\"lazy\" decoding=\"async\" width=\"197\" height=\"228\" src=\"https:\/\/osmanakca.com.tr\/wp-content\/uploads\/2024\/07\/akca-holding-osman_v5.jpg\" class=\"attachment-full size-full wp-image-2605\" alt=\"\" \/>\t\t\t\t\t\t\t\t\t\t\t\t\t\t\t<\/div>\n\t\t\t\t<\/div>\n\t\t\t\t\t<\/div>\n\t\t<\/div>\n\t\t\t\t\t<\/div>\n\t\t<\/section>\n\t\t\t\t<section class=\"elementor-section elementor-inner-section elementor-element elementor-element-c9d559b elementor-section-full_width elementor-hidden-tablet elementor-hidden-mobile elementor-section-height-default elementor-section-height-default shape-bg-top-no shape-bg-bottom-no wpr-particle-no wpr-jarallax-no wpr-parallax-no wpr-sticky-section-no\" data-id=\"c9d559b\" data-element_type=\"section\" data-e-type=\"section\">\n\t\t\t\t\t\t<div class=\"elementor-container elementor-column-gap-default\">\n\t\t\t\t\t<div class=\"elementor-column elementor-col-100 elementor-inner-column elementor-element elementor-element-708b2fa\" data-id=\"708b2fa\" data-element_type=\"column\" data-e-type=\"column\">\n\t\t\t<div class=\"elementor-widget-wrap elementor-element-populated\">\n\t\t\t\t\t\t<div class=\"elementor-element elementor-element-612156f elementor-absolute elementor-widget elementor-widget-image\" data-id=\"612156f\" data-element_type=\"widget\" data-e-type=\"widget\" data-settings=\"{&quot;_position&quot;:&quot;absolute&quot;}\" data-widget_type=\"image.default\">\n\t\t\t\t<div class=\"elementor-widget-container\">\n\t\t\t\t\t\t\t\t\t\t\t\t\t\t\t<img loading=\"lazy\" decoding=\"async\" width=\"900\" height=\"506\" src=\"https:\/\/osmanakca.com.tr\/wp-content\/uploads\/2024\/08\/c37a299c-e657-45d1-a91e-dd7f835af62d-1024x576.jpg\" class=\"attachment-large size-large wp-image-2970\" alt=\"\" srcset=\"https:\/\/osmanakca.com.tr\/wp-content\/uploads\/2024\/08\/c37a299c-e657-45d1-a91e-dd7f835af62d-1024x576.jpg 1024w, https:\/\/osmanakca.com.tr\/wp-content\/uploads\/2024\/08\/c37a299c-e657-45d1-a91e-dd7f835af62d-768x432.jpg 768w, https:\/\/osmanakca.com.tr\/wp-content\/uploads\/2024\/08\/c37a299c-e657-45d1-a91e-dd7f835af62d.jpg 1280w\" sizes=\"(max-width: 900px) 100vw, 900px\" \/>\t\t\t\t\t\t\t\t\t\t\t\t\t\t\t<\/div>\n\t\t\t\t<\/div>\n\t\t\t\t\t<\/div>\n\t\t<\/div>\n\t\t\t\t\t<\/div>\n\t\t<\/section>\n\t\t\t\t\t<\/div>\n\t\t<\/div>\n\t\t\t\t\t<\/div>\n\t\t<\/section>\n\t\t\t\t<section class=\"elementor-section elementor-top-section elementor-element elementor-element-6a6c51a elementor-hidden-desktop elementor-hidden-tablet elementor-section-boxed elementor-section-height-default elementor-section-height-default shape-bg-top-no shape-bg-bottom-no wpr-particle-no wpr-jarallax-no wpr-parallax-no wpr-sticky-section-no\" data-id=\"6a6c51a\" data-element_type=\"section\" data-e-type=\"section\" data-settings=\"{&quot;background_background&quot;:&quot;classic&quot;}\">\n\t\t\t\t\t\t<div class=\"elementor-container elementor-column-gap-default\">\n\t\t\t\t\t<div class=\"elementor-column elementor-col-100 elementor-top-column elementor-element elementor-element-1e163b6\" data-id=\"1e163b6\" data-element_type=\"column\" data-e-type=\"column\">\n\t\t\t<div class=\"elementor-widget-wrap elementor-element-populated\">\n\t\t\t\t\t\t<div class=\"elementor-element elementor-element-d8a95c1 elementor-widget elementor-widget-image\" data-id=\"d8a95c1\" data-element_type=\"widget\" data-e-type=\"widget\" data-widget_type=\"image.default\">\n\t\t\t\t<div class=\"elementor-widget-container\">\n\t\t\t\t\t\t\t\t\t\t\t\t\t\t\t<img loading=\"lazy\" decoding=\"async\" width=\"439\" height=\"719\" src=\"https:\/\/osmanakca.com.tr\/wp-content\/uploads\/2024\/11\/ekran-karti.png\" class=\"attachment-large size-large wp-image-3986\" alt=\"\" \/>\t\t\t\t\t\t\t\t\t\t\t\t\t\t\t<\/div>\n\t\t\t\t<\/div>\n\t\t\t\t\t<\/div>\n\t\t<\/div>\n\t\t\t\t\t<\/div>\n\t\t<\/section>\n\t\t\t\t<section class=\"elementor-section elementor-top-section elementor-element elementor-element-2a25d6f elementor-section-boxed elementor-section-height-default elementor-section-height-default shape-bg-top-no shape-bg-bottom-no wpr-particle-no wpr-jarallax-no wpr-parallax-no wpr-sticky-section-no\" data-id=\"2a25d6f\" data-element_type=\"section\" data-e-type=\"section\">\n\t\t\t\t\t\t<div class=\"elementor-container elementor-column-gap-default\">\n\t\t\t\t\t<div class=\"elementor-column elementor-col-100 elementor-top-column elementor-element elementor-element-23d96d2\" data-id=\"23d96d2\" data-element_type=\"column\" data-e-type=\"column\">\n\t\t\t<div class=\"elementor-widget-wrap elementor-element-populated\">\n\t\t\t\t\t\t<div class=\"elementor-element elementor-element-935d866 elementor-widget elementor-widget-spacer\" data-id=\"935d866\" data-element_type=\"widget\" data-e-type=\"widget\" data-widget_type=\"spacer.default\">\n\t\t\t\t<div class=\"elementor-widget-container\">\n\t\t\t\t\t\t\t<div class=\"elementor-spacer\">\n\t\t\t<div class=\"elementor-spacer-inner\"><\/div>\n\t\t<\/div>\n\t\t\t\t\t\t<\/div>\n\t\t\t\t<\/div>\n\t\t\t\t\t<\/div>\n\t\t<\/div>\n\t\t\t\t\t<\/div>\n\t\t<\/section>\n\t\t\t\t<section class=\"elementor-section elementor-top-section elementor-element elementor-element-b68533d elementor-section-boxed elementor-section-height-default elementor-section-height-default shape-bg-top-no shape-bg-bottom-no wpr-particle-no wpr-jarallax-no wpr-parallax-no wpr-sticky-section-no\" data-id=\"b68533d\" data-element_type=\"section\" data-e-type=\"section\">\n\t\t\t\t\t\t<div class=\"elementor-container elementor-column-gap-default\">\n\t\t\t\t\t<div class=\"elementor-column elementor-col-100 elementor-top-column elementor-element elementor-element-1d35456\" data-id=\"1d35456\" data-element_type=\"column\" data-e-type=\"column\">\n\t\t\t<div class=\"elementor-widget-wrap elementor-element-populated\">\n\t\t\t\t\t\t<div class=\"elementor-element elementor-element-40d41f6 elementor-widget elementor-widget-image\" data-id=\"40d41f6\" data-element_type=\"widget\" data-e-type=\"widget\" data-widget_type=\"image.default\">\n\t\t\t\t<div class=\"elementor-widget-container\">\n\t\t\t\t\t\t\t\t\t\t\t\t\t\t\t<img loading=\"lazy\" decoding=\"async\" width=\"1175\" height=\"129\" src=\"https:\/\/osmanakca.com.tr\/wp-content\/uploads\/2024\/07\/brands-akca-holding.png\" class=\"attachment-full size-full wp-image-2602\" alt=\"\" srcset=\"https:\/\/osmanakca.com.tr\/wp-content\/uploads\/2024\/07\/brands-akca-holding.png 1175w, https:\/\/osmanakca.com.tr\/wp-content\/uploads\/2024\/07\/brands-akca-holding-1024x112.png 1024w, https:\/\/osmanakca.com.tr\/wp-content\/uploads\/2024\/07\/brands-akca-holding-768x84.png 768w\" sizes=\"(max-width: 1175px) 100vw, 1175px\" \/>\t\t\t\t\t\t\t\t\t\t\t\t\t\t\t<\/div>\n\t\t\t\t<\/div>\n\t\t\t\t\t<\/div>\n\t\t<\/div>\n\t\t\t\t\t<\/div>\n\t\t<\/section>\n\t\t\t\t<\/div>\n\t\t","protected":false},"excerpt":{"rendered":"<p>Ak\u00e7a Holding Ak\u00e7a Holding T\u00fcrkiye\u2019nin \u00f6nde gelen tar\u0131m sanayi firmalar\u0131ndan biri olan Ak\u00e7a Holding, 1955 y\u0131l\u0131nda kurutulmu\u015f meyve ve pamuk ticareti olmak \u00fczere iki ana \u00fcr\u00fcn hatt\u0131 ile kurulmu\u015ftur. S\u00fcreklili\u011fi olan yenilikler ve geli\u015fmeler sayesinde Osman Ak\u00e7a kurutulmu\u015f meyve sekt\u00f6r\u00fcnde, Menderes Tekstil ise ev tekstili sekt\u00f6r\u00fcnde Pazar lideri ve tamamen ihracat odakl\u0131 iki \u015firket haline gelmi\u015ftir. \u0130\u015f operasyonlar\u0131n\u0131n \u00e7e\u015fitlili\u011fi g\u00f6z \u00f6n\u00fcnde bulundurularak, r\u00fczgar enerjisi, ara\u00e7 muayenesi, jeotermal enerji, g\u00fcne\u015f enerjisi, ara\u00e7 muayenesi ve sera \u015firketleri kurulmu\u015ftur. Ak\u00e7a Holding grup \u015firketlerinin her biri, yap\u0131s\u0131n\u0131 ve faaliyetlerini s\u00fcrd\u00fcr\u00fclebilirli\u011fe dayand\u0131rmaktad\u0131r. 7000 dinamik \u00e7al\u0131\u015fan\u0131 ile grup, be\u015f farkl\u0131 sekt\u00f6rde lider konumda faaliyetlerine devam etmektedir. Bu dev aileye ait bir par\u00e7a olan Osman %100 do\u011fal g\u00fcne\u015fte kurutulmu\u015f meyve \u00fcretimi, i\u015flenmesi ve ihracat\u0131n\u0131 ger\u00e7ekle\u015ftirmektedir. %100 g\u00fcne\u015f enerjisiyle \u00e7al\u0131\u015fan \u015firket, d\u00fcnya \u00e7ap\u0131nda \u00f6zel ba\u011flant\u0131lara sahip olup,\u201dKurutulmu\u015f Meyvenin En iyi Hali\u201d mottosuyla sa\u011fl\u0131kl\u0131 \u00fcr\u00fcnler sunmaktad\u0131r. Ak\u00e7a Holding Ak\u00e7a Holding Grup \u015eirketleri ve \u00dcr\u00fcnleri: OSMAN AK\u00c7A: Kurutulmu\u015f Meyve MENDERES TEKST\u0130L: Ev Tekstili AK\u00c7A ENERJ\u0130: R\u00fczgar Enerjisi, Jeotermal Enerji, 120 MW \u00fcretim kapasitesine sahip G\u00fcne\u015f Enerjisi AKTUR: Ara\u00e7 Muayenesi (T\u00dcV), 24 istasyonla y\u0131lda 2 milyondan fazla arac\u0131 denetliyor SMYRNA SERA: Taze Domates<\/p>\n","protected":false},"author":1,"featured_media":0,"parent":0,"menu_order":0,"comment_status":"closed","ping_status":"closed","template":"","meta":{"footnotes":""},"class_list":["post-3822","page","type-page","status-publish","hentry"],"_links":{"self":[{"href":"https:\/\/osmanakca.com.tr\/tr\/wp-json\/wp\/v2\/pages\/3822","targetHints":{"allow":["GET"]}}],"collection":[{"href":"https:\/\/osmanakca.com.tr\/tr\/wp-json\/wp\/v2\/pages"}],"about":[{"href":"https:\/\/osmanakca.com.tr\/tr\/wp-json\/wp\/v2\/types\/page"}],"author":[{"embeddable":true,"href":"https:\/\/osmanakca.com.tr\/tr\/wp-json\/wp\/v2\/users\/1"}],"replies":[{"embeddable":true,"href":"https:\/\/osmanakca.com.tr\/tr\/wp-json\/wp\/v2\/comments?post=3822"}],"version-history":[{"count":23,"href":"https:\/\/osmanakca.com.tr\/tr\/wp-json\/wp\/v2\/pages\/3822\/revisions"}],"predecessor-version":[{"id":4102,"href":"https:\/\/osmanakca.com.tr\/tr\/wp-json\/wp\/v2\/pages\/3822\/revisions\/4102"}],"wp:attachment":[{"href":"https:\/\/osmanakca.com.tr\/tr\/wp-json\/wp\/v2\/media?parent=3822"}],"curies":[{"name":"wp","href":"https:\/\/api.w.org\/{rel}","templated":true}]}}