{"id":3808,"date":"2024-05-12T16:48:23","date_gmt":"2024-05-12T13:48:23","guid":{"rendered":"https:\/\/osmanakca.com.tr\/misyon-vizyon\/"},"modified":"2024-11-01T22:03:36","modified_gmt":"2024-11-01T19:03:36","slug":"misyon-vizyon","status":"publish","type":"page","link":"https:\/\/osmanakca.com.tr\/tr\/misyon-vizyon\/","title":{"rendered":"Misyon &amp; Vizyon"},"content":{"rendered":"\t\t<div data-elementor-type=\"wp-page\" data-elementor-id=\"3808\" class=\"elementor elementor-3808 elementor-1863\">\n\t\t\t\t\t\t<section class=\"elementor-section elementor-top-section elementor-element elementor-element-a2abf68 elementor-section-boxed elementor-section-height-default elementor-section-height-default shape-bg-top-no wpr-particle-no wpr-jarallax-no wpr-parallax-no wpr-sticky-section-no\" data-id=\"a2abf68\" data-element_type=\"section\" data-e-type=\"section\" data-settings=\"{&quot;background_background&quot;:&quot;slideshow&quot;,&quot;background_slideshow_gallery&quot;:[{&quot;id&quot;:2780,&quot;url&quot;:&quot;https:\\\/\\\/osmanakca.com.tr\\\/wp-content\\\/uploads\\\/2024\\\/07\\\/m-v-1.png&quot;},{&quot;id&quot;:2401,&quot;url&quot;:&quot;https:\\\/\\\/osmanakca.com.tr\\\/wp-content\\\/uploads\\\/2024\\\/06\\\/7.jpg&quot;}],&quot;background_slideshow_ken_burns&quot;:&quot;yes&quot;,&quot;background_slideshow_loop&quot;:&quot;yes&quot;,&quot;background_slideshow_slide_duration&quot;:5000,&quot;background_slideshow_slide_transition&quot;:&quot;fade&quot;,&quot;background_slideshow_transition_duration&quot;:500,&quot;background_slideshow_ken_burns_zoom_direction&quot;:&quot;in&quot;}\">\n\t\t\t\t\t\t\t<div class=\"elementor-background-overlay\"><\/div>\n\t\t\t\t\t\t\t<div class=\"elementor-container elementor-column-gap-default\">\n\t\t\t\t\t<div class=\"elementor-column elementor-col-100 elementor-top-column elementor-element elementor-element-7260d10\" data-id=\"7260d10\" data-element_type=\"column\" data-e-type=\"column\">\n\t\t\t<div class=\"elementor-widget-wrap elementor-element-populated\">\n\t\t\t\t\t\t<div class=\"elementor-element elementor-element-3f38b9d elementor-widget elementor-widget-gva-heading-block\" data-id=\"3f38b9d\" data-element_type=\"widget\" data-e-type=\"widget\" data-widget_type=\"gva-heading-block.default\">\n\t\t\t\t<div class=\"elementor-widget-container\">\n\t\t\t\t\t<div class=\"gva-element-gva-heading-block gva-element\">   <div class=\"align-left style-1 widget gsc-heading box-align-left auto-responsive\">\r\n      <div class=\"content-inner\">\r\n         \r\n                  \r\n           \r\n         \r\n                     <h2 class=\"title\">\r\n               <span>Misyon & Vizyon<\/span>\r\n            <\/h2>\r\n                  \r\n         \r\n      <\/div>\r\n   <\/div>\r\n<\/div>\t\t\t\t<\/div>\n\t\t\t\t<\/div>\n\t\t\t\t\t<\/div>\n\t\t<\/div>\n\t\t\t\t\t<\/div>\n\t\t<\/section>\n\t\t\t\t<section class=\"elementor-section elementor-top-section elementor-element elementor-element-0a7f94e shape-bg-top-yes elementor-section-boxed elementor-section-height-default elementor-section-height-default shape-bg-bottom-no wpr-particle-no wpr-jarallax-no wpr-parallax-no wpr-sticky-section-no\" data-id=\"0a7f94e\" data-element_type=\"section\" data-e-type=\"section\" data-settings=\"{&quot;background_background&quot;:&quot;classic&quot;}\">\n\t\t\t\t\t\t<div class=\"elementor-container elementor-column-gap-default\">\n\t\t\t\t\t<div class=\"elementor-column elementor-col-50 elementor-top-column elementor-element elementor-element-ae6f907\" data-id=\"ae6f907\" data-element_type=\"column\" data-e-type=\"column\">\n\t\t\t<div class=\"elementor-widget-wrap elementor-element-populated\">\n\t\t\t\t\t\t<div class=\"elementor-element elementor-element-82971a4 elementor-widget elementor-widget-gva-heading-block\" data-id=\"82971a4\" data-element_type=\"widget\" data-e-type=\"widget\" data-settings=\"{&quot;_animation&quot;:&quot;none&quot;}\" data-widget_type=\"gva-heading-block.default\">\n\t\t\t\t<div class=\"elementor-widget-container\">\n\t\t\t\t\t<div class=\"gva-element-gva-heading-block gva-element\">   <div class=\"align-left style-3 widget gsc-heading box-align-left auto-responsive\">\r\n      <div class=\"content-inner\">\r\n         \r\n                  \r\n         <div class=\"sub-title\"><span class=\"tagline\">Misyon<\/span><\/div>  \r\n         \r\n                     <h2 class=\"title\">\r\n               <span>Misyonumuz, teknolojiye, insana ve do\u011faya y\u00f6nelik yenilikler ve yat\u0131r\u0131mlarla kurutulmu\u015f meyve sekt\u00f6r\u00fcndeki \u00f6nc\u00fcl\u00fc\u011f\u00fcm\u00fcz\u00fc s\u00fcrd\u00fcrmektir.\n<\/span>\r\n            <\/h2>\r\n                  \r\n         \r\n      <\/div>\r\n   <\/div>\r\n<\/div>\t\t\t\t<\/div>\n\t\t\t\t<\/div>\n\t\t\t\t<div class=\"elementor-element elementor-element-1f032f4 elementor-widget elementor-widget-gva-heading-block\" data-id=\"1f032f4\" data-element_type=\"widget\" data-e-type=\"widget\" data-settings=\"{&quot;_animation&quot;:&quot;none&quot;}\" data-widget_type=\"gva-heading-block.default\">\n\t\t\t\t<div class=\"elementor-widget-container\">\n\t\t\t\t\t<div class=\"gva-element-gva-heading-block gva-element\">   <div class=\"align-left style-3 widget gsc-heading box-align-left auto-responsive\">\r\n      <div class=\"content-inner\">\r\n         \r\n                  \r\n         <div class=\"sub-title\"><span class=\"tagline\">Vizyon<\/span><\/div>  \r\n         \r\n                     <h2 class=\"title\">\r\n               <span>Vizyonumuz, tarladan nihai t\u00fcketiciye kadar olan i\u015f ortaklar\u0131m\u0131za, sahada bilin\u00e7li uygulamalar, tesislerde ideal i\u015flemler ve evde sa\u011fl\u0131kl\u0131 t\u00fcketim i\u00e7in ilham vermektir. Kurutulmu\u015f Meyvenin En \u0130yi Hali ile ufkumuzu geni\u015fletirken, sa\u011fl\u0131kl\u0131 nesiller i\u00e7in \u00fcretim yap\u0131yoruz.<\/span>\r\n            <\/h2>\r\n                  \r\n         \r\n      <\/div>\r\n   <\/div>\r\n<\/div>\t\t\t\t<\/div>\n\t\t\t\t<\/div>\n\t\t\t\t\t<\/div>\n\t\t<\/div>\n\t\t\t\t<div class=\"elementor-column elementor-col-50 elementor-top-column elementor-element elementor-element-bda471b\" data-id=\"bda471b\" data-element_type=\"column\" data-e-type=\"column\">\n\t\t\t<div class=\"elementor-widget-wrap elementor-element-populated\">\n\t\t\t\t\t\t<div class=\"elementor-element elementor-element-5cc32b5 elementor-widget elementor-widget-image\" data-id=\"5cc32b5\" data-element_type=\"widget\" data-e-type=\"widget\" data-widget_type=\"image.default\">\n\t\t\t\t<div class=\"elementor-widget-container\">\n\t\t\t\t\t\t\t\t\t\t\t\t\t\t\t<img decoding=\"async\" src=\"http:\/\/osmanakca.com.tr\/wp-content\/uploads\/elementor\/thumbs\/vizyon-2-qqv1547vn7bp2pxyiqzejwio5hievkzg301v6ke1kg.jpg\" title=\"vizyon 2\" alt=\"vizyon 2\" loading=\"lazy\" \/>\t\t\t\t\t\t\t\t\t\t\t\t\t\t\t<\/div>\n\t\t\t\t<\/div>\n\t\t\t\t\t<\/div>\n\t\t<\/div>\n\t\t\t\t\t<\/div>\n\t\t<\/section>\n\t\t\t\t<\/div>\n\t\t","protected":false},"excerpt":{"rendered":"<p>Misyon &amp; Vizyon Misyon Misyonumuz, teknolojiye, insana ve do\u011faya y\u00f6nelik yenilikler ve yat\u0131r\u0131mlarla kurutulmu\u015f meyve sekt\u00f6r\u00fcndeki \u00f6nc\u00fcl\u00fc\u011f\u00fcm\u00fcz\u00fc s\u00fcrd\u00fcrmektir. Vizyon Vizyonumuz, tarladan nihai t\u00fcketiciye kadar olan i\u015f ortaklar\u0131m\u0131za, sahada bilin\u00e7li uygulamalar, tesislerde ideal i\u015flemler ve evde sa\u011fl\u0131kl\u0131 t\u00fcketim i\u00e7in ilham vermektir. Kurutulmu\u015f Meyvenin En \u0130yi Hali ile ufkumuzu geni\u015fletirken, sa\u011fl\u0131kl\u0131 nesiller i\u00e7in \u00fcretim yap\u0131yoruz.<\/p>\n","protected":false},"author":1,"featured_media":0,"parent":0,"menu_order":0,"comment_status":"closed","ping_status":"closed","template":"","meta":{"footnotes":""},"class_list":["post-3808","page","type-page","status-publish","hentry"],"_links":{"self":[{"href":"https:\/\/osmanakca.com.tr\/tr\/wp-json\/wp\/v2\/pages\/3808","targetHints":{"allow":["GET"]}}],"collection":[{"href":"https:\/\/osmanakca.com.tr\/tr\/wp-json\/wp\/v2\/pages"}],"about":[{"href":"https:\/\/osmanakca.com.tr\/tr\/wp-json\/wp\/v2\/types\/page"}],"author":[{"embeddable":true,"href":"https:\/\/osmanakca.com.tr\/tr\/wp-json\/wp\/v2\/users\/1"}],"replies":[{"embeddable":true,"href":"https:\/\/osmanakca.com.tr\/tr\/wp-json\/wp\/v2\/comments?post=3808"}],"version-history":[{"count":5,"href":"https:\/\/osmanakca.com.tr\/tr\/wp-json\/wp\/v2\/pages\/3808\/revisions"}],"predecessor-version":[{"id":3945,"href":"https:\/\/osmanakca.com.tr\/tr\/wp-json\/wp\/v2\/pages\/3808\/revisions\/3945"}],"wp:attachment":[{"href":"https:\/\/osmanakca.com.tr\/tr\/wp-json\/wp\/v2\/media?parent=3808"}],"curies":[{"name":"wp","href":"https:\/\/api.w.org\/{rel}","templated":true}]}}