{"id":3792,"date":"2024-05-08T03:53:12","date_gmt":"2024-05-08T00:53:12","guid":{"rendered":"https:\/\/osmanakca.com.tr\/hakkimizda\/"},"modified":"2024-11-08T20:08:22","modified_gmt":"2024-11-08T17:08:22","slug":"hakkimizda","status":"publish","type":"page","link":"https:\/\/osmanakca.com.tr\/tr\/hakkimizda\/","title":{"rendered":"Hakk\u0131m\u0131zda"},"content":{"rendered":"\t\t<div data-elementor-type=\"wp-page\" data-elementor-id=\"3792\" class=\"elementor elementor-3792 elementor-21\">\n\t\t\t\t\t\t<section class=\"elementor-section elementor-top-section elementor-element elementor-element-a2abf68 elementor-section-boxed elementor-section-height-default elementor-section-height-default shape-bg-top-no wpr-particle-no wpr-jarallax-no wpr-parallax-no wpr-sticky-section-no\" data-id=\"a2abf68\" data-element_type=\"section\" data-e-type=\"section\" data-settings=\"{&quot;background_background&quot;:&quot;slideshow&quot;,&quot;background_slideshow_gallery&quot;:[{&quot;id&quot;:1845,&quot;url&quot;:&quot;https:\\\/\\\/osmanakca.com.tr\\\/wp-content\\\/uploads\\\/2024\\\/05\\\/about-us-osman_v2.jpg&quot;},{&quot;id&quot;:1844,&quot;url&quot;:&quot;https:\\\/\\\/osmanakca.com.tr\\\/wp-content\\\/uploads\\\/2024\\\/05\\\/about-us-osman_v1.jpg&quot;}],&quot;background_slideshow_ken_burns&quot;:&quot;yes&quot;,&quot;background_slideshow_loop&quot;:&quot;yes&quot;,&quot;background_slideshow_slide_duration&quot;:5000,&quot;background_slideshow_slide_transition&quot;:&quot;fade&quot;,&quot;background_slideshow_transition_duration&quot;:500,&quot;background_slideshow_ken_burns_zoom_direction&quot;:&quot;in&quot;}\">\n\t\t\t\t\t\t\t<div class=\"elementor-background-overlay\"><\/div>\n\t\t\t\t\t\t\t<div class=\"elementor-container elementor-column-gap-default\">\n\t\t\t\t\t<div class=\"elementor-column elementor-col-100 elementor-top-column elementor-element elementor-element-7260d10\" data-id=\"7260d10\" data-element_type=\"column\" data-e-type=\"column\">\n\t\t\t<div class=\"elementor-widget-wrap elementor-element-populated\">\n\t\t\t\t\t\t<div class=\"elementor-element elementor-element-3f38b9d elementor-widget elementor-widget-gva-heading-block\" data-id=\"3f38b9d\" data-element_type=\"widget\" data-e-type=\"widget\" data-widget_type=\"gva-heading-block.default\">\n\t\t\t\t<div class=\"elementor-widget-container\">\n\t\t\t\t\t<div class=\"gva-element-gva-heading-block gva-element\">   <div class=\"align-left style-1 widget gsc-heading box-align-left auto-responsive\">\r\n      <div class=\"content-inner\">\r\n         \r\n                  \r\n           \r\n         \r\n                     <h2 class=\"title\">\r\n               <span>Hakk\u0131m\u0131zda<\/span>\r\n            <\/h2>\r\n                  \r\n         \r\n      <\/div>\r\n   <\/div>\r\n<\/div>\t\t\t\t<\/div>\n\t\t\t\t<\/div>\n\t\t\t\t\t<\/div>\n\t\t<\/div>\n\t\t\t\t\t<\/div>\n\t\t<\/section>\n\t\t\t\t<section class=\"elementor-section elementor-top-section elementor-element elementor-element-0a7f94e shape-bg-top-yes elementor-section-boxed elementor-section-height-default elementor-section-height-default shape-bg-bottom-no wpr-particle-no wpr-jarallax-no wpr-parallax-no wpr-sticky-section-no\" data-id=\"0a7f94e\" data-element_type=\"section\" data-e-type=\"section\" data-settings=\"{&quot;background_background&quot;:&quot;classic&quot;}\">\n\t\t\t\t\t\t<div class=\"elementor-container elementor-column-gap-default\">\n\t\t\t\t\t<div class=\"elementor-column elementor-col-50 elementor-top-column elementor-element elementor-element-ae6f907\" data-id=\"ae6f907\" data-element_type=\"column\" data-e-type=\"column\">\n\t\t\t<div class=\"elementor-widget-wrap elementor-element-populated\">\n\t\t\t\t\t\t<div class=\"elementor-element elementor-element-82971a4 elementor-widget elementor-widget-gva-heading-block\" data-id=\"82971a4\" data-element_type=\"widget\" data-e-type=\"widget\" data-settings=\"{&quot;_animation&quot;:&quot;none&quot;}\" data-widget_type=\"gva-heading-block.default\">\n\t\t\t\t<div class=\"elementor-widget-container\">\n\t\t\t\t\t<div class=\"gva-element-gva-heading-block gva-element\">   <div class=\"align-left style-3 widget gsc-heading box-align-left auto-responsive\">\r\n      <div class=\"content-inner\">\r\n         \r\n                  \r\n         <div class=\"sub-title\"><span class=\"tagline\">Hakk\u0131m\u0131zda<\/span><\/div>  \r\n         \r\n                     <h2 class=\"title\">\r\n               <span>1955 y\u0131l\u0131nda, Osman Ak\u00e7a taraf\u0131ndan kurulan Osman Ak\u00e7a Holding\u2019in Grup \u015eirketlerinden biridir.<\/span>\r\n            <\/h2>\r\n                              <div class=\"title-desc\">Osman, T\u00fcrkiye\u2019nin en b\u00fcy\u00fck kurutulmu\u015f meyve \u00fcreticisi, i\u015fleyicisi ve ihracat\u00e7\u0131lar\u0131 aras\u0131ndad\u0131r. \u015eirketimiz, d\u00fcnyan\u0131n \u00f6nde gelen perakendecilerine, m\u00fcsli \u00fcreticilerine ve f\u0131r\u0131nc\u0131lara tedarik sa\u011flar. Kurutulmu\u015f meyvenin i\u015flemesi i\u00e7in en geni\u015f alana sahip olan firmam\u0131z, sekt\u00f6rde \u00f6nc\u00fc olarak %100 do\u011fal, g\u00fcne\u015fte kurutulmu\u015f meyveleri en son teknolojiyle donat\u0131lm\u0131\u015f hatlar\u0131m\u0131zda, benzersiz zanaatkarl\u0131klarla paketlemektedir. Ayn\u0131 zamanda sahada s\u00fcrd\u00fcr\u00fclebilirlik projeleri de y\u00fcr\u00fct\u00fcr.Osman,%100 g\u00fcne\u015f enerjisiyle \u00e7al\u0131\u015fan bir \u015firket olup, d\u00fcnya \u00e7ap\u0131nda \u00f6zel ba\u011flant\u0131lara sahiptir ve \u201cKurutulmu\u015f Meyvenin En iyisi\u201d mottosuyla sa\u011fl\u0131kl\u0131 \u00fcr\u00fcnler sunmaktad\u0131r.\n<\/div>\r\n         \r\n         \r\n      <\/div>\r\n   <\/div>\r\n<\/div>\t\t\t\t<\/div>\n\t\t\t\t<\/div>\n\t\t\t\t\t<\/div>\n\t\t<\/div>\n\t\t\t\t<div class=\"elementor-column elementor-col-50 elementor-top-column elementor-element elementor-element-bda471b\" data-id=\"bda471b\" data-element_type=\"column\" data-e-type=\"column\">\n\t\t\t<div class=\"elementor-widget-wrap elementor-element-populated\">\n\t\t\t\t\t\t<div class=\"elementor-element elementor-element-663b23b elementor-widget__width-initial elementor-absolute e-transform elementor-widget elementor-widget-gva-image-content\" data-id=\"663b23b\" data-element_type=\"widget\" data-e-type=\"widget\" data-settings=\"{&quot;_position&quot;:&quot;absolute&quot;,&quot;_transform_translateX_effect&quot;:{&quot;unit&quot;:&quot;%&quot;,&quot;size&quot;:-50,&quot;sizes&quot;:[]},&quot;_transform_translateX_effect_tablet&quot;:{&quot;unit&quot;:&quot;%&quot;,&quot;size&quot;:&quot;&quot;,&quot;sizes&quot;:[]},&quot;_transform_translateX_effect_mobile&quot;:{&quot;unit&quot;:&quot;%&quot;,&quot;size&quot;:&quot;&quot;,&quot;sizes&quot;:[]},&quot;_transform_translateY_effect&quot;:{&quot;unit&quot;:&quot;%&quot;,&quot;size&quot;:-50,&quot;sizes&quot;:[]},&quot;_transform_translateY_effect_tablet&quot;:{&quot;unit&quot;:&quot;%&quot;,&quot;size&quot;:&quot;&quot;,&quot;sizes&quot;:[]},&quot;_transform_translateY_effect_mobile&quot;:{&quot;unit&quot;:&quot;%&quot;,&quot;size&quot;:&quot;&quot;,&quot;sizes&quot;:[]}}\" data-widget_type=\"gva-image-content.default\">\n\t\t\t\t<div class=\"elementor-widget-container\">\n\t\t\t\t\t<div class=\"gva-element-gva-image-content gva-element\">\t\t\r\n\t  \r\n\t \r\n\r\n\t \r\n\r\n\t\r\n  \t<div class=\"gsc-image-content skin-v4\">\r\n\t \t<div class=\"box-content\">\r\n\t\t\t<div class=\"content-inner\">\r\n\t\t\t\t\t\t\t\t\t<h2 class=\"title\">\r\n\t\t\t\t\t\tKurutulmu\u015f meyvelerin en iyisi<br>1955'den beri\t\t\t\t\t<\/h2>\r\n\t\t\t\t\r\n\t\t\t\t\t\t\t\t\t<div class=\"image\">\r\n\t\t\t\t\t\t <img fetchpriority=\"high\" decoding=\"async\" width=\"438\" height=\"462\" src=\"https:\/\/osmanakca.com.tr\/wp-content\/uploads\/2024\/05\/osman-akca.jpg\" class=\"attachment-full size-full wp-image-1849\" alt=\"\" \/>\t\t\t\t\t<\/div>\r\n\t\t\t\t \r\n\t\t\t\t<div class=\"desc\">Osman Ak\u00e7a<\/div>\r\n\t\t\t\t\r\n\t\t\t<\/div>\t\r\n\t \t<\/div>  \r\n  <\/div>\r\n \r\n  \r\n\r\n \r\n\r\n <\/div>\t\t\t\t<\/div>\n\t\t\t\t<\/div>\n\t\t\t\t<section class=\"elementor-section elementor-inner-section elementor-element elementor-element-2e72efe elementor-section-boxed elementor-section-height-default elementor-section-height-default shape-bg-top-no shape-bg-bottom-no wpr-particle-no wpr-jarallax-no wpr-parallax-no wpr-sticky-section-no\" data-id=\"2e72efe\" data-element_type=\"section\" data-e-type=\"section\">\n\t\t\t\t\t\t<div class=\"elementor-container elementor-column-gap-default\">\n\t\t\t\t\t<div class=\"elementor-column elementor-col-50 elementor-inner-column elementor-element elementor-element-d4a79f3\" data-id=\"d4a79f3\" data-element_type=\"column\" data-e-type=\"column\">\n\t\t\t<div class=\"elementor-widget-wrap elementor-element-populated\">\n\t\t\t\t\t\t<div class=\"elementor-element elementor-element-c5eeba7 elementor-widget elementor-widget-image\" data-id=\"c5eeba7\" data-element_type=\"widget\" data-e-type=\"widget\" data-widget_type=\"image.default\">\n\t\t\t\t<div class=\"elementor-widget-container\">\n\t\t\t\t\t\t\t\t\t\t\t\t\t\t\t<img decoding=\"async\" width=\"248\" height=\"288\" src=\"https:\/\/osmanakca.com.tr\/wp-content\/uploads\/2024\/08\/about-us-osman_v3.jpg\" class=\"attachment-full size-full wp-image-2945\" alt=\"\" \/>\t\t\t\t\t\t\t\t\t\t\t\t\t\t\t<\/div>\n\t\t\t\t<\/div>\n\t\t\t\t\t<\/div>\n\t\t<\/div>\n\t\t\t\t<div class=\"elementor-column elementor-col-50 elementor-inner-column elementor-element elementor-element-4b110eb\" data-id=\"4b110eb\" data-element_type=\"column\" data-e-type=\"column\">\n\t\t\t<div class=\"elementor-widget-wrap elementor-element-populated\">\n\t\t\t\t\t\t<div class=\"elementor-element elementor-element-038a6f1 elementor-widget elementor-widget-image\" data-id=\"038a6f1\" data-element_type=\"widget\" data-e-type=\"widget\" data-widget_type=\"image.default\">\n\t\t\t\t<div class=\"elementor-widget-container\">\n\t\t\t\t\t\t\t\t\t\t\t\t\t\t\t<img decoding=\"async\" width=\"195\" height=\"230\" src=\"https:\/\/osmanakca.com.tr\/wp-content\/uploads\/2024\/08\/about-us-osman_v4.jpg\" class=\"attachment-full size-full wp-image-2946\" alt=\"\" \/>\t\t\t\t\t\t\t\t\t\t\t\t\t\t\t<\/div>\n\t\t\t\t<\/div>\n\t\t\t\t\t<\/div>\n\t\t<\/div>\n\t\t\t\t\t<\/div>\n\t\t<\/section>\n\t\t\t\t<section class=\"elementor-section elementor-inner-section elementor-element elementor-element-c6294f1 elementor-section-full_width elementor-section-height-default elementor-section-height-default shape-bg-top-no shape-bg-bottom-no wpr-particle-no wpr-jarallax-no wpr-parallax-no wpr-sticky-section-no\" data-id=\"c6294f1\" data-element_type=\"section\" data-e-type=\"section\">\n\t\t\t\t\t\t<div class=\"elementor-container elementor-column-gap-default\">\n\t\t\t\t\t<div class=\"elementor-column elementor-col-33 elementor-inner-column elementor-element elementor-element-9291c4a\" data-id=\"9291c4a\" data-element_type=\"column\" data-e-type=\"column\">\n\t\t\t<div class=\"elementor-widget-wrap elementor-element-populated\">\n\t\t\t\t\t\t<div class=\"elementor-element elementor-element-decaa71 elementor-widget elementor-widget-image\" data-id=\"decaa71\" data-element_type=\"widget\" data-e-type=\"widget\" data-widget_type=\"image.default\">\n\t\t\t\t<div class=\"elementor-widget-container\">\n\t\t\t\t\t\t\t\t\t\t\t\t\t\t\t<img loading=\"lazy\" decoding=\"async\" width=\"197\" height=\"228\" src=\"https:\/\/osmanakca.com.tr\/wp-content\/uploads\/2024\/08\/about-us-osman_v5.jpg\" class=\"attachment-full size-full wp-image-2947\" alt=\"\" \/>\t\t\t\t\t\t\t\t\t\t\t\t\t\t\t<\/div>\n\t\t\t\t<\/div>\n\t\t\t\t\t<\/div>\n\t\t<\/div>\n\t\t\t\t<div class=\"elementor-column elementor-col-66 elementor-inner-column elementor-element elementor-element-b41af9f\" data-id=\"b41af9f\" data-element_type=\"column\" data-e-type=\"column\">\n\t\t\t<div class=\"elementor-widget-wrap elementor-element-populated\">\n\t\t\t\t\t\t<div class=\"elementor-element elementor-element-4870e64 elementor-widget__width-initial elementor-widget elementor-widget-image\" data-id=\"4870e64\" data-element_type=\"widget\" data-e-type=\"widget\" data-widget_type=\"image.default\">\n\t\t\t\t<div class=\"elementor-widget-container\">\n\t\t\t\t\t\t\t\t\t\t\t\t\t\t\t<img loading=\"lazy\" decoding=\"async\" width=\"197\" height=\"197\" src=\"https:\/\/osmanakca.com.tr\/wp-content\/uploads\/2024\/08\/about-us-osman_v6.jpg\" class=\"attachment-full size-full wp-image-2948\" alt=\"\" srcset=\"https:\/\/osmanakca.com.tr\/wp-content\/uploads\/2024\/08\/about-us-osman_v6.jpg 197w, https:\/\/osmanakca.com.tr\/wp-content\/uploads\/2024\/08\/about-us-osman_v6-175x175.jpg 175w\" sizes=\"(max-width: 197px) 100vw, 197px\" \/>\t\t\t\t\t\t\t\t\t\t\t\t\t\t\t<\/div>\n\t\t\t\t<\/div>\n\t\t\t\t\t<\/div>\n\t\t<\/div>\n\t\t\t\t\t<\/div>\n\t\t<\/section>\n\t\t\t\t\t<\/div>\n\t\t<\/div>\n\t\t\t\t\t<\/div>\n\t\t<\/section>\n\t\t\t\t<\/div>\n\t\t","protected":false},"excerpt":{"rendered":"<p>Hakk\u0131m\u0131zda Hakk\u0131m\u0131zda 1955 y\u0131l\u0131nda, Osman Ak\u00e7a taraf\u0131ndan kurulan Osman Ak\u00e7a Holding\u2019in Grup \u015eirketlerinden biridir. Osman, T\u00fcrkiye\u2019nin en b\u00fcy\u00fck kurutulmu\u015f meyve \u00fcreticisi, i\u015fleyicisi ve ihracat\u00e7\u0131lar\u0131 aras\u0131ndad\u0131r. \u015eirketimiz, d\u00fcnyan\u0131n \u00f6nde gelen perakendecilerine, m\u00fcsli \u00fcreticilerine ve f\u0131r\u0131nc\u0131lara tedarik sa\u011flar. Kurutulmu\u015f meyvenin i\u015flemesi i\u00e7in en geni\u015f alana sahip olan firmam\u0131z, sekt\u00f6rde \u00f6nc\u00fc olarak %100 do\u011fal, g\u00fcne\u015fte kurutulmu\u015f meyveleri en son teknolojiyle donat\u0131lm\u0131\u015f hatlar\u0131m\u0131zda, benzersiz zanaatkarl\u0131klarla paketlemektedir. Ayn\u0131 zamanda sahada s\u00fcrd\u00fcr\u00fclebilirlik projeleri de y\u00fcr\u00fct\u00fcr.Osman,%100 g\u00fcne\u015f enerjisiyle \u00e7al\u0131\u015fan bir \u015firket olup, d\u00fcnya \u00e7ap\u0131nda \u00f6zel ba\u011flant\u0131lara sahiptir ve \u201cKurutulmu\u015f Meyvenin En iyisi\u201d mottosuyla sa\u011fl\u0131kl\u0131 \u00fcr\u00fcnler sunmaktad\u0131r. Kurutulmu\u015f meyvelerin en iyisi1955&#8217;den beri Osman Ak\u00e7a<\/p>\n","protected":false},"author":1,"featured_media":0,"parent":0,"menu_order":0,"comment_status":"closed","ping_status":"closed","template":"","meta":{"footnotes":""},"class_list":["post-3792","page","type-page","status-publish","hentry"],"_links":{"self":[{"href":"https:\/\/osmanakca.com.tr\/tr\/wp-json\/wp\/v2\/pages\/3792","targetHints":{"allow":["GET"]}}],"collection":[{"href":"https:\/\/osmanakca.com.tr\/tr\/wp-json\/wp\/v2\/pages"}],"about":[{"href":"https:\/\/osmanakca.com.tr\/tr\/wp-json\/wp\/v2\/types\/page"}],"author":[{"embeddable":true,"href":"https:\/\/osmanakca.com.tr\/tr\/wp-json\/wp\/v2\/users\/1"}],"replies":[{"embeddable":true,"href":"https:\/\/osmanakca.com.tr\/tr\/wp-json\/wp\/v2\/comments?post=3792"}],"version-history":[{"count":14,"href":"https:\/\/osmanakca.com.tr\/tr\/wp-json\/wp\/v2\/pages\/3792\/revisions"}],"predecessor-version":[{"id":4090,"href":"https:\/\/osmanakca.com.tr\/tr\/wp-json\/wp\/v2\/pages\/3792\/revisions\/4090"}],"wp:attachment":[{"href":"https:\/\/osmanakca.com.tr\/tr\/wp-json\/wp\/v2\/media?parent=3792"}],"curies":[{"name":"wp","href":"https:\/\/api.w.org\/{rel}","templated":true}]}}