{"id":2349,"date":"2024-06-12T23:01:29","date_gmt":"2024-06-12T20:01:29","guid":{"rendered":"https:\/\/osmanakca.com.tr\/?page_id=2349"},"modified":"2024-11-08T20:13:23","modified_gmt":"2024-11-08T17:13:23","slug":"baskanin-mesaji","status":"publish","type":"page","link":"https:\/\/osmanakca.com.tr\/tr\/baskanin-mesaji\/","title":{"rendered":"Ba\u015fkan\u0131n Mesaj\u0131"},"content":{"rendered":"\t\t<div data-elementor-type=\"wp-page\" data-elementor-id=\"2349\" class=\"elementor elementor-2349\">\n\t\t\t\t\t\t<section class=\"elementor-section elementor-top-section elementor-element elementor-element-a2abf68 elementor-section-boxed elementor-section-height-default elementor-section-height-default shape-bg-top-no wpr-particle-no wpr-jarallax-no wpr-parallax-no wpr-sticky-section-no\" data-id=\"a2abf68\" data-element_type=\"section\" data-e-type=\"section\" data-settings=\"{&quot;background_background&quot;:&quot;slideshow&quot;,&quot;background_slideshow_gallery&quot;:[{&quot;id&quot;:2395,&quot;url&quot;:&quot;https:\\\/\\\/osmanakca.com.tr\\\/wp-content\\\/uploads\\\/2024\\\/06\\\/4-1.png&quot;},{&quot;id&quot;:2396,&quot;url&quot;:&quot;https:\\\/\\\/osmanakca.com.tr\\\/wp-content\\\/uploads\\\/2024\\\/06\\\/3.jpg&quot;}],&quot;background_slideshow_ken_burns&quot;:&quot;yes&quot;,&quot;background_slideshow_loop&quot;:&quot;yes&quot;,&quot;background_slideshow_slide_duration&quot;:5000,&quot;background_slideshow_slide_transition&quot;:&quot;fade&quot;,&quot;background_slideshow_transition_duration&quot;:500,&quot;background_slideshow_ken_burns_zoom_direction&quot;:&quot;in&quot;}\">\n\t\t\t\t\t\t\t<div class=\"elementor-background-overlay\"><\/div>\n\t\t\t\t\t\t\t<div class=\"elementor-container elementor-column-gap-default\">\n\t\t\t\t\t<div class=\"elementor-column elementor-col-100 elementor-top-column elementor-element elementor-element-7260d10\" data-id=\"7260d10\" data-element_type=\"column\" data-e-type=\"column\">\n\t\t\t<div class=\"elementor-widget-wrap elementor-element-populated\">\n\t\t\t\t\t\t<div class=\"elementor-element elementor-element-3f38b9d elementor-widget elementor-widget-gva-heading-block\" data-id=\"3f38b9d\" data-element_type=\"widget\" data-e-type=\"widget\" data-widget_type=\"gva-heading-block.default\">\n\t\t\t\t<div class=\"elementor-widget-container\">\n\t\t\t\t\t<div class=\"gva-element-gva-heading-block gva-element\">   <div class=\"align-left style-1 widget gsc-heading box-align-left auto-responsive\">\r\n      <div class=\"content-inner\">\r\n         \r\n                  \r\n           \r\n         \r\n                     <h2 class=\"title\">\r\n               <span>Ba\u015fkan\u0131n Mesaj\u0131<\/span>\r\n            <\/h2>\r\n                  \r\n         \r\n      <\/div>\r\n   <\/div>\r\n<\/div>\t\t\t\t<\/div>\n\t\t\t\t<\/div>\n\t\t\t\t\t<\/div>\n\t\t<\/div>\n\t\t\t\t\t<\/div>\n\t\t<\/section>\n\t\t\t\t<section class=\"elementor-section elementor-top-section elementor-element elementor-element-7cf0c24 elementor-section-boxed elementor-section-height-default elementor-section-height-default shape-bg-top-no shape-bg-bottom-no wpr-particle-no wpr-jarallax-no wpr-parallax-no wpr-sticky-section-no\" data-id=\"7cf0c24\" data-element_type=\"section\" data-e-type=\"section\" data-settings=\"{&quot;background_background&quot;:&quot;classic&quot;}\">\n\t\t\t\t\t\t<div class=\"elementor-container elementor-column-gap-default\">\n\t\t\t\t\t<div class=\"elementor-column elementor-col-100 elementor-top-column elementor-element elementor-element-bbe35b3\" data-id=\"bbe35b3\" data-element_type=\"column\" data-e-type=\"column\">\n\t\t\t<div class=\"elementor-widget-wrap elementor-element-populated\">\n\t\t\t\t\t\t<div class=\"elementor-element elementor-element-e51c1a4 elementor-widget elementor-widget-gva-heading-block\" data-id=\"e51c1a4\" data-element_type=\"widget\" data-e-type=\"widget\" data-widget_type=\"gva-heading-block.default\">\n\t\t\t\t<div class=\"elementor-widget-container\">\n\t\t\t\t\t<div class=\"gva-element-gva-heading-block gva-element\">   <div class=\"align-center style-1 widget gsc-heading box-align-center auto-responsive\">\r\n      <div class=\"content-inner\">\r\n         \r\n                  \r\n           \r\n         \r\n                     <h2 class=\"title\">\r\n               <span>Ba\u015fkan\u0131n Mesaj\u0131<\/span>\r\n            <\/h2>\r\n                  \r\n         \r\n      <\/div>\r\n   <\/div>\r\n<\/div>\t\t\t\t<\/div>\n\t\t\t\t<\/div>\n\t\t\t\t<div class=\"elementor-element elementor-element-e382b17 elementor-widget elementor-widget-gva-testimonials\" data-id=\"e382b17\" data-element_type=\"widget\" data-e-type=\"widget\" data-widget_type=\"gva-testimonials.default\">\n\t\t\t\t<div class=\"elementor-widget-container\">\n\t\t\t\t\t<div class=\"gva-element-gva-testimonials gva-element\">\r\n<div class=\"gsc-testimonial layout-carousel swiper-slider-wrapper style-1 \">\r\n   <div class=\"swiper-content-inner\">\r\n      <div class=\"init-carousel-swiper swiper\" data-carousel=\"{&quot;items&quot;:1,&quot;items_lg&quot;:1,&quot;items_md&quot;:1,&quot;items_sm&quot;:1,&quot;items_xs&quot;:1,&quot;items_xx&quot;:1,&quot;effect&quot;:&quot;slide&quot;,&quot;space_between&quot;:30,&quot;loop&quot;:0,&quot;speed&quot;:600,&quot;autoplay&quot;:0,&quot;autoplay_delay&quot;:4500,&quot;autoplay_hover&quot;:0,&quot;navigation&quot;:0,&quot;pagination&quot;:0,&quot;dynamic_bullets&quot;:0,&quot;pagination_type&quot;:&quot;bullets&quot;}\">\r\n         <div class=\"swiper-wrapper\">\r\n                           <div class=\"swiper-slide\">\r\n                 <div class=\"testimonial-item style-1 elementor-repeater-item-982a2fa\">\r\n\t\r\n\t\t\r\n         <div class=\"testimonial-content\">\r\n            <div class=\"testimonial-image\">\r\n               <img fetchpriority=\"high\" decoding=\"async\" width=\"512\" height=\"512\" src=\"https:\/\/osmanakca.com.tr\/wp-content\/uploads\/2024\/05\/cropped-favicon-osman.png\" alt=\"Ahmet Bilge G\u00f6ksan\" \/>\r\n            <\/div>\r\n            <div class=\"testimonial-content-inner\">\r\n               <div class=\"testimonial-quote\"><span>\u201c<\/span>Babam\u0131z ve vizyoner kurucumuz Osman Ak\u00e7a,1955 y\u0131l\u0131nda kurdu\u011fu \u015firketin geldi\u011fi noktay\u0131 g\u00f6rmekten b\u00fcy\u00fck gurur duyard\u0131.<br>\nOnun giri\u015fimci ruhunu korurken, ba\u015flatt\u0131\u011f\u0131 ve \u015firketin k\u00f6klerine i\u015fledi\u011fi \u00f6nc\u00fcl\u00fck misyonunu da ba\u015far\u0131yla miras ald\u0131k. <br><p><br>M\u00fckemmeliyet, yenilik\u00e7ilik ve s\u00fcrd\u00fcr\u00fclebilirli\u011fe olan g\u00fc\u00e7l\u00fc ba\u011fl\u0131l\u0131\u011f\u0131m\u0131zla nesiller aras\u0131nda k\u00f6pr\u00fc kuruyoruz. K\u00f6klerimize ve miras\u0131m\u0131za sayg\u0131 g\u00f6stererek, sa\u011fl\u0131kl\u0131 nesiller i\u00e7in \u00fcretim yap\u0131yoruz. Deneyimli ve y\u00fcksek becerilere sahip ekip arkada\u015flar\u0131m\u0131z\u0131 i\u00e7eren dev ailemiz en b\u00fcy\u00fck varl\u0131\u011f\u0131m\u0131zd\u0131r. Tedarik\u00e7ilerimiz, meslekta\u015flar\u0131m\u0131z ve m\u00fc\u015fterilerimizle kar\u015f\u0131l\u0131kl\u0131 g\u00fcven ve sayg\u0131ya dayal\u0131 g\u00fc\u00e7l\u00fc ba\u011flar\u0131m\u0131z\u0131 s\u00fcrd\u00fcr\u00fcyoruz. \u201dKurutulmu\u015f Meyvenin En \u0130yi Hali\u201d i\u00e7in kendimizi bu i\u015fe adad\u0131k. Kurutulmu\u015f meyve, herkes i\u00e7in faydal\u0131 ve sa\u011fl\u0131kl\u0131 olan do\u011fa anan\u0131n bir arma\u011fan\u0131d\u0131r. <br><p><br>T\u00fcm projelerimizi, do\u011fa ve insana kar\u015f\u0131 olan sorumlulu\u011fumuzu g\u00f6z \u00f6n\u00fcnde bulundurarak s\u00fcrd\u00fcr\u00fclebilirlik \u00e7er\u00e7evesinde y\u00fcr\u00fct\u00fcyoruz. Enerji sekt\u00f6r\u00fcndeki bilgi birikimimiz ve yat\u0131r\u0131mlar\u0131m\u0131z sayesinde bu deneyimi kurutulmu\u015f meyve i\u015fimize ba\u015far\u0131yla aktar\u0131yoruz. B\u00f6ylece s\u00fcrd\u00fcr\u00fclebilir uygulamalara \u00f6nc\u00fcl\u00fck ediyor ve t\u00fcm taraflar\u0131n fayda sa\u011flamas\u0131n\u0131 garanti ediyoruz. <br><p><br>Fabrikalar\u0131m\u0131z\u0131n ve projelerimizin bulundu\u011fu b\u00f6lgelerin ekonomilerine \u00f6nemli katk\u0131larda bulunuyoruz. On y\u0131llard\u0131r d\u00fcnyan\u0131n \u00f6nde gelen markalar\u0131n\u0131n onayl\u0131 tedarik\u00e7isi olmaktan gurur duyuyoruz. B\u00fcy\u00fck ailemizin her bir \u00fcyesine, de\u011ferli i\u015f ortaklar\u0131m\u0131za ve dostlar\u0131m\u0131za; kurutulmu\u015f meyve yolculu\u011fumuza yapt\u0131klar\u0131 k\u0131ymetli katk\u0131lardan dolay\u0131 en i\u00e7ten te\u015fekk\u00fcrlerimi sunuyorum. Sekt\u00f6r\u00fcm\u00fcz\u00fc beslemeye, rol model olmaya ve sa\u011fl\u0131kl\u0131 \u00fcr\u00fcnlerimizle t\u00fcm k\u0131talardaki t\u00fcketicilerimize hizmet etmeye devam ediyoruz.<\/div>\r\n               <div class=\"testimonial-info\">\r\n                  <span class=\"icon-quote\"><i class=\"fa-solid fa-quote-right\"><\/i><\/span>\r\n                  <span class=\"testimonial-name\">Ahmet Bilge G\u00f6ksan<\/span>\r\n                  <span class=\"testimonial-job\">Ba\u015fkan<\/span>\r\n               <\/div>\r\n            <\/div>\r\n         <\/div>   \r\n\r\n\t\t\t\r\n\r\n\t\t\t\r\n\r\n\t\t\r\n\t\t\r\n<\/div>\r\n\r\n               <\/div>\r\n                     <\/div>\r\n      <\/div>\r\n   <\/div>   \r\n      <\/div>\r\n<\/div>\t\t\t\t<\/div>\n\t\t\t\t<\/div>\n\t\t\t\t\t<\/div>\n\t\t<\/div>\n\t\t\t\t\t<\/div>\n\t\t<\/section>\n\t\t\t\t<\/div>\n\t\t","protected":false},"excerpt":{"rendered":"<p>Ba\u015fkan\u0131n Mesaj\u0131 Ba\u015fkan\u0131n Mesaj\u0131 \u201cBabam\u0131z ve vizyoner kurucumuz Osman Ak\u00e7a,1955 y\u0131l\u0131nda kurdu\u011fu \u015firketin geldi\u011fi noktay\u0131 g\u00f6rmekten b\u00fcy\u00fck gurur duyard\u0131. Onun giri\u015fimci ruhunu korurken, ba\u015flatt\u0131\u011f\u0131 ve \u015firketin k\u00f6klerine i\u015fledi\u011fi \u00f6nc\u00fcl\u00fck misyonunu da ba\u015far\u0131yla miras ald\u0131k. M\u00fckemmeliyet, yenilik\u00e7ilik ve s\u00fcrd\u00fcr\u00fclebilirli\u011fe olan g\u00fc\u00e7l\u00fc ba\u011fl\u0131l\u0131\u011f\u0131m\u0131zla nesiller aras\u0131nda k\u00f6pr\u00fc kuruyoruz. K\u00f6klerimize ve miras\u0131m\u0131za sayg\u0131 g\u00f6stererek, sa\u011fl\u0131kl\u0131 nesiller i\u00e7in \u00fcretim yap\u0131yoruz. Deneyimli ve y\u00fcksek becerilere sahip ekip arkada\u015flar\u0131m\u0131z\u0131 i\u00e7eren dev ailemiz en b\u00fcy\u00fck varl\u0131\u011f\u0131m\u0131zd\u0131r. Tedarik\u00e7ilerimiz, meslekta\u015flar\u0131m\u0131z ve m\u00fc\u015fterilerimizle kar\u015f\u0131l\u0131kl\u0131 g\u00fcven ve sayg\u0131ya dayal\u0131 g\u00fc\u00e7l\u00fc ba\u011flar\u0131m\u0131z\u0131 s\u00fcrd\u00fcr\u00fcyoruz. \u201dKurutulmu\u015f Meyvenin En \u0130yi Hali\u201d i\u00e7in kendimizi bu i\u015fe adad\u0131k. Kurutulmu\u015f meyve, herkes i\u00e7in faydal\u0131 ve sa\u011fl\u0131kl\u0131 olan do\u011fa anan\u0131n bir arma\u011fan\u0131d\u0131r. T\u00fcm projelerimizi, do\u011fa ve insana kar\u015f\u0131 olan sorumlulu\u011fumuzu g\u00f6z \u00f6n\u00fcnde bulundurarak s\u00fcrd\u00fcr\u00fclebilirlik \u00e7er\u00e7evesinde y\u00fcr\u00fct\u00fcyoruz. Enerji sekt\u00f6r\u00fcndeki bilgi birikimimiz ve yat\u0131r\u0131mlar\u0131m\u0131z sayesinde bu deneyimi kurutulmu\u015f meyve i\u015fimize ba\u015far\u0131yla aktar\u0131yoruz. B\u00f6ylece s\u00fcrd\u00fcr\u00fclebilir uygulamalara \u00f6nc\u00fcl\u00fck ediyor ve t\u00fcm taraflar\u0131n fayda sa\u011flamas\u0131n\u0131 garanti ediyoruz. Fabrikalar\u0131m\u0131z\u0131n ve projelerimizin bulundu\u011fu b\u00f6lgelerin ekonomilerine \u00f6nemli katk\u0131larda bulunuyoruz. On y\u0131llard\u0131r d\u00fcnyan\u0131n \u00f6nde gelen markalar\u0131n\u0131n onayl\u0131 tedarik\u00e7isi olmaktan gurur duyuyoruz. B\u00fcy\u00fck ailemizin her bir \u00fcyesine, de\u011ferli i\u015f ortaklar\u0131m\u0131za ve dostlar\u0131m\u0131za; kurutulmu\u015f meyve yolculu\u011fumuza yapt\u0131klar\u0131 k\u0131ymetli katk\u0131lardan dolay\u0131 en i\u00e7ten te\u015fekk\u00fcrlerimi sunuyorum. Sekt\u00f6r\u00fcm\u00fcz\u00fc beslemeye, rol model olmaya ve sa\u011fl\u0131kl\u0131 \u00fcr\u00fcnlerimizle t\u00fcm k\u0131talardaki t\u00fcketicilerimize hizmet etmeye devam ediyoruz. Ahmet Bilge G\u00f6ksan Ba\u015fkan<\/p>\n","protected":false},"author":1,"featured_media":0,"parent":0,"menu_order":0,"comment_status":"closed","ping_status":"closed","template":"","meta":{"footnotes":""},"class_list":["post-2349","page","type-page","status-publish","hentry"],"_links":{"self":[{"href":"https:\/\/osmanakca.com.tr\/tr\/wp-json\/wp\/v2\/pages\/2349","targetHints":{"allow":["GET"]}}],"collection":[{"href":"https:\/\/osmanakca.com.tr\/tr\/wp-json\/wp\/v2\/pages"}],"about":[{"href":"https:\/\/osmanakca.com.tr\/tr\/wp-json\/wp\/v2\/types\/page"}],"author":[{"embeddable":true,"href":"https:\/\/osmanakca.com.tr\/tr\/wp-json\/wp\/v2\/users\/1"}],"replies":[{"embeddable":true,"href":"https:\/\/osmanakca.com.tr\/tr\/wp-json\/wp\/v2\/comments?post=2349"}],"version-history":[{"count":42,"href":"https:\/\/osmanakca.com.tr\/tr\/wp-json\/wp\/v2\/pages\/2349\/revisions"}],"predecessor-version":[{"id":4105,"href":"https:\/\/osmanakca.com.tr\/tr\/wp-json\/wp\/v2\/pages\/2349\/revisions\/4105"}],"wp:attachment":[{"href":"https:\/\/osmanakca.com.tr\/tr\/wp-json\/wp\/v2\/media?parent=2349"}],"curies":[{"name":"wp","href":"https:\/\/api.w.org\/{rel}","templated":true}]}}