{"id":3857,"date":"2024-07-15T23:32:04","date_gmt":"2024-07-15T20:32:04","guid":{"rendered":"https:\/\/osmanakca.com.tr\/kuru-erik\/"},"modified":"2024-11-01T22:12:20","modified_gmt":"2024-11-01T19:12:20","slug":"kuru-erik","status":"publish","type":"page","link":"http:\/\/osmanakca.com.tr\/tr\/kuru-erik\/","title":{"rendered":"Kuru Erik"},"content":{"rendered":"\t\t<div data-elementor-type=\"wp-page\" data-elementor-id=\"3857\" class=\"elementor elementor-3857 elementor-2573\">\n\t\t\t\t\t\t<section class=\"elementor-section elementor-top-section elementor-element elementor-element-8f13f7e elementor-section-full_width elementor-section-height-default elementor-section-height-default shape-bg-top-no shape-bg-bottom-no wpr-particle-no wpr-jarallax-no wpr-parallax-no wpr-sticky-section-no\" data-id=\"8f13f7e\" data-element_type=\"section\" data-e-type=\"section\">\n\t\t\t\t\t\t<div class=\"elementor-container elementor-column-gap-default\">\n\t\t\t\t\t<div class=\"elementor-column elementor-col-100 elementor-top-column elementor-element elementor-element-8cb9b38\" data-id=\"8cb9b38\" data-element_type=\"column\" data-e-type=\"column\">\n\t\t\t<div class=\"elementor-widget-wrap elementor-element-populated\">\n\t\t\t\t\t\t<div class=\"elementor-element elementor-element-a1f7974 text-background elementor-widget elementor-widget-heading\" data-id=\"a1f7974\" data-element_type=\"widget\" data-e-type=\"widget\" data-widget_type=\"heading.default\">\n\t\t\t\t<div class=\"elementor-widget-container\">\n\t\t\t\t\t<h2 class=\"elementor-heading-title elementor-size-default\">Kuru Erik<\/h2>\t\t\t\t<\/div>\n\t\t\t\t<\/div>\n\t\t\t\t\t<\/div>\n\t\t<\/div>\n\t\t\t\t\t<\/div>\n\t\t<\/section>\n\t\t\t\t<section class=\"elementor-section elementor-top-section elementor-element elementor-element-a2abf68 elementor-section-boxed elementor-section-height-default elementor-section-height-default shape-bg-top-no wpr-particle-no wpr-jarallax-no wpr-parallax-no wpr-sticky-section-no\" data-id=\"a2abf68\" data-element_type=\"section\" data-e-type=\"section\" data-settings=\"{&quot;background_background&quot;:&quot;classic&quot;}\">\n\t\t\t\t\t\t\t<div class=\"elementor-background-overlay\"><\/div>\n\t\t\t\t\t\t\t<div class=\"elementor-container elementor-column-gap-default\">\n\t\t\t\t\t<div class=\"elementor-column elementor-col-100 elementor-top-column elementor-element elementor-element-07e38b2\" data-id=\"07e38b2\" data-element_type=\"column\" data-e-type=\"column\">\n\t\t\t<div class=\"elementor-widget-wrap\">\n\t\t\t\t\t\t\t<\/div>\n\t\t<\/div>\n\t\t\t\t\t<\/div>\n\t\t<\/section>\n\t\t\t\t<section class=\"elementor-section elementor-top-section elementor-element elementor-element-d612900 elementor-section-boxed elementor-section-height-default elementor-section-height-default shape-bg-top-no shape-bg-bottom-no wpr-particle-no wpr-jarallax-no wpr-parallax-no wpr-sticky-section-no\" data-id=\"d612900\" data-element_type=\"section\" data-e-type=\"section\" data-settings=\"{&quot;background_background&quot;:&quot;classic&quot;}\">\n\t\t\t\t\t\t<div class=\"elementor-container elementor-column-gap-default\">\n\t\t\t\t\t<div class=\"elementor-column elementor-col-100 elementor-top-column elementor-element elementor-element-afec7f0\" data-id=\"afec7f0\" data-element_type=\"column\" data-e-type=\"column\">\n\t\t\t<div class=\"elementor-widget-wrap elementor-element-populated\">\n\t\t\t\t\t\t<div class=\"elementor-element elementor-element-cac0e77 elementor-widget elementor-widget-heading\" data-id=\"cac0e77\" data-element_type=\"widget\" data-e-type=\"widget\" data-widget_type=\"heading.default\">\n\t\t\t\t<div class=\"elementor-widget-container\">\n\t\t\t\t\t<h2 class=\"elementor-heading-title elementor-size-default\">\u015eili ve S\u0131rbistan k\u00f6kenli en kaliteli kuru erikleri i\u015fliyoruz. Bu kuru erikler daha d\u00fc\u015f\u00fck \u015feker i\u00e7eri\u011fine ve daha y\u00fcksek lif oran\u0131na sahiptir. \u00dcst\u00fcn teknolojiye hatlar\u0131m\u0131zda i\u015fleme ve paketleme i\u015flemlerini ger\u00e7ekle\u015ftiriyoruz.\n<br><br>Kuru eriklerin \u00e7o\u011funlu\u011fu \u015fu \u015fekilde i\u015flenmektedir :<\/h2>\t\t\t\t<\/div>\n\t\t\t\t<\/div>\n\t\t\t\t<div class=\"elementor-element elementor-element-7c97b35 elementor-widget elementor-widget-text-editor\" data-id=\"7c97b35\" data-element_type=\"widget\" data-e-type=\"widget\" data-widget_type=\"text-editor.default\">\n\t\t\t\t<div class=\"elementor-widget-container\">\n\t\t\t\t\t\t\t\t\t<p>DO\u011eAL KURU ER\u0130KLER<\/p><p>Kahverengi veya Beyaz Bask\u0131l\u0131 Lamineli Karton Kutularda (Polipropilen Torba \u0130\u00e7inde)<\/p><p>Ve<\/p><p>YUMU\u015eATILMI\u015e, \u00c7EK\u0130RDEKS\u0130Z KURU ER\u0130KLER<\/p><p>Doypack ve Stand-Up Pouch<\/p>\t\t\t\t\t\t\t\t<\/div>\n\t\t\t\t<\/div>\n\t\t\t\t\t<\/div>\n\t\t<\/div>\n\t\t\t\t\t<\/div>\n\t\t<\/section>\n\t\t\t\t<section class=\"elementor-section elementor-top-section elementor-element elementor-element-0235f30 elementor-section-boxed elementor-section-height-default elementor-section-height-default shape-bg-top-no shape-bg-bottom-no wpr-particle-no wpr-jarallax-no wpr-parallax-no wpr-sticky-section-no\" data-id=\"0235f30\" data-element_type=\"section\" data-e-type=\"section\">\n\t\t\t\t\t\t<div class=\"elementor-container elementor-column-gap-default\">\n\t\t\t\t\t<div class=\"elementor-column elementor-col-100 elementor-top-column elementor-element elementor-element-c5a4c2a\" data-id=\"c5a4c2a\" data-element_type=\"column\" data-e-type=\"column\">\n\t\t\t<div class=\"elementor-widget-wrap elementor-element-populated\">\n\t\t\t\t\t\t<div class=\"elementor-element elementor-element-dd84543 elementor-widget elementor-widget-image\" data-id=\"dd84543\" data-element_type=\"widget\" data-e-type=\"widget\" data-widget_type=\"image.default\">\n\t\t\t\t<div class=\"elementor-widget-container\">\n\t\t\t\t\t\t\t\t\t\t\t\t\t\t\t<img decoding=\"async\" src=\"http:\/\/osmanakca.com.tr\/wp-content\/uploads\/elementor\/thumbs\/prunes-icon-qr5w3hw8dsj7zq0jbe1u9evka74mk1gnkby3vulxt8.png\" title=\"prunes-icon\" alt=\"prunes-icon\" loading=\"lazy\" \/>\t\t\t\t\t\t\t\t\t\t\t\t\t\t\t<\/div>\n\t\t\t\t<\/div>\n\t\t\t\t<div class=\"elementor-element elementor-element-8e46df8 elementor-widget elementor-widget-image\" data-id=\"8e46df8\" data-element_type=\"widget\" data-e-type=\"widget\" data-widget_type=\"image.default\">\n\t\t\t\t<div class=\"elementor-widget-container\">\n\t\t\t\t\t\t\t\t\t\t\t\t\t\t\t<img decoding=\"async\" src=\"http:\/\/osmanakca.com.tr\/wp-content\/uploads\/elementor\/thumbs\/prunes-box-variations-qr5w3gydcp5rn9h5mwzm0rzjtxatjp800bq5fd6gbs.png\" title=\"prunes-box-variations\" alt=\"prunes-box-variations\" loading=\"lazy\" \/>\t\t\t\t\t\t\t\t\t\t\t\t\t\t\t<\/div>\n\t\t\t\t<\/div>\n\t\t\t\t<div class=\"elementor-element elementor-element-7785059 elementor-widget elementor-widget-image\" data-id=\"7785059\" data-element_type=\"widget\" data-e-type=\"widget\" data-widget_type=\"image.default\">\n\t\t\t\t<div class=\"elementor-widget-container\">\n\t\t\t\t\t\t\t\t\t\t\t\t\t\t\t<img decoding=\"async\" src=\"http:\/\/osmanakca.com.tr\/wp-content\/uploads\/elementor\/thumbs\/prunes-packaging-variations-kg-qr5w3jrzgthd5dslao1b6ogivvlo5xjdp7xym6iljm.png\" title=\"prunes-packaging-variations-kg\" alt=\"prunes-packaging-variations-kg\" loading=\"lazy\" \/>\t\t\t\t\t\t\t\t\t\t\t\t\t\t\t<\/div>\n\t\t\t\t<\/div>\n\t\t\t\t<div class=\"elementor-element elementor-element-9d87e0c elementor-widget elementor-widget-image\" data-id=\"9d87e0c\" data-element_type=\"widget\" data-e-type=\"widget\" data-widget_type=\"image.default\">\n\t\t\t\t<div class=\"elementor-widget-container\">\n\t\t\t\t\t\t\t\t\t\t\t\t\t\t\t<img fetchpriority=\"high\" decoding=\"async\" width=\"2240\" height=\"400\" src=\"http:\/\/osmanakca.com.tr\/wp-content\/uploads\/2024\/07\/prunes-packaging-variations.png\" class=\"attachment-full size-full wp-image-2580\" alt=\"\" srcset=\"http:\/\/osmanakca.com.tr\/wp-content\/uploads\/2024\/07\/prunes-packaging-variations.png 2240w, http:\/\/osmanakca.com.tr\/wp-content\/uploads\/2024\/07\/prunes-packaging-variations-1024x183.png 1024w, http:\/\/osmanakca.com.tr\/wp-content\/uploads\/2024\/07\/prunes-packaging-variations-768x137.png 768w\" sizes=\"(max-width: 2240px) 100vw, 2240px\" \/>\t\t\t\t\t\t\t\t\t\t\t\t\t\t\t<\/div>\n\t\t\t\t<\/div>\n\t\t\t\t<div class=\"elementor-element elementor-element-776ab53 elementor-widget elementor-widget-heading\" data-id=\"776ab53\" data-element_type=\"widget\" data-e-type=\"widget\" data-widget_type=\"heading.default\">\n\t\t\t\t<div class=\"elementor-widget-container\">\n\t\t\t\t\t<h2 class=\"elementor-heading-title elementor-size-default\">50 gr \/ 1 kg aras\u0131 perakende \u00fcr\u00fcnler istenilen ambalajda \u00fcretilebilmektedir.<\/h2>\t\t\t\t<\/div>\n\t\t\t\t<\/div>\n\t\t\t\t\t<\/div>\n\t\t<\/div>\n\t\t\t\t\t<\/div>\n\t\t<\/section>\n\t\t\t\t<\/div>\n\t\t","protected":false},"excerpt":{"rendered":"<p>Kuru Erik \u015eili ve S\u0131rbistan k\u00f6kenli en kaliteli kuru erikleri i\u015fliyoruz. Bu kuru erikler daha d\u00fc\u015f\u00fck \u015feker i\u00e7eri\u011fine ve daha y\u00fcksek lif oran\u0131na sahiptir. \u00dcst\u00fcn teknolojiye hatlar\u0131m\u0131zda i\u015fleme ve paketleme i\u015flemlerini ger\u00e7ekle\u015ftiriyoruz. Kuru eriklerin \u00e7o\u011funlu\u011fu \u015fu \u015fekilde i\u015flenmektedir : DO\u011eAL KURU ER\u0130KLER Kahverengi veya Beyaz Bask\u0131l\u0131 Lamineli Karton Kutularda (Polipropilen Torba \u0130\u00e7inde) Ve YUMU\u015eATILMI\u015e, \u00c7EK\u0130RDEKS\u0130Z KURU ER\u0130KLER Doypack ve Stand-Up Pouch 50 gr \/ 1 kg aras\u0131 perakende \u00fcr\u00fcnler istenilen ambalajda \u00fcretilebilmektedir.<\/p>\n","protected":false},"author":1,"featured_media":0,"parent":0,"menu_order":0,"comment_status":"closed","ping_status":"closed","template":"","meta":{"footnotes":""},"class_list":["post-3857","page","type-page","status-publish","hentry"],"_links":{"self":[{"href":"http:\/\/osmanakca.com.tr\/tr\/wp-json\/wp\/v2\/pages\/3857","targetHints":{"allow":["GET"]}}],"collection":[{"href":"http:\/\/osmanakca.com.tr\/tr\/wp-json\/wp\/v2\/pages"}],"about":[{"href":"http:\/\/osmanakca.com.tr\/tr\/wp-json\/wp\/v2\/types\/page"}],"author":[{"embeddable":true,"href":"http:\/\/osmanakca.com.tr\/tr\/wp-json\/wp\/v2\/users\/1"}],"replies":[{"embeddable":true,"href":"http:\/\/osmanakca.com.tr\/tr\/wp-json\/wp\/v2\/comments?post=3857"}],"version-history":[{"count":5,"href":"http:\/\/osmanakca.com.tr\/tr\/wp-json\/wp\/v2\/pages\/3857\/revisions"}],"predecessor-version":[{"id":3952,"href":"http:\/\/osmanakca.com.tr\/tr\/wp-json\/wp\/v2\/pages\/3857\/revisions\/3952"}],"wp:attachment":[{"href":"http:\/\/osmanakca.com.tr\/tr\/wp-json\/wp\/v2\/media?parent=3857"}],"curies":[{"name":"wp","href":"https:\/\/api.w.org\/{rel}","templated":true}]}}